{"id":141282,"date":"2024-12-06T16:37:26","date_gmt":"2024-12-09T11:29:05","guid":{"rendered":"https:\/\/kingarms.ee\/product\/dekoratyvinis-fantazijos-kardas-zs668\/"},"modified":"2024-12-09T14:29:05","modified_gmt":"2024-12-09T11:29:05","slug":"ornamental-fantasy-sword-zs668","status":"publish","type":"product","link":"https:\/\/kingarms.ee\/lt\/product\/ornamental-fantasy-sword-zs668\/","title":{"rendered":"Dekoratyvinis fantazijos kardas (ZS668)"},"content":{"rendered":"<p>Dekoratyvinis fantazijos kardas (ZS668)<\/p>\n<p>Dekoratyvinis fantazijos kardas<br \/>\n\u012ekv\u0117ptas Geralto i\u0161 Rivijos III kartos kardo<br \/>\n\u201eWitcher 3\u201c serija<br \/>\nNer\u016bdijan\u010dio plieno a\u0161menys<br \/>\nMetalin\u0117 apsauga ir pommelis<br \/>\nMedinis sukibimas<br \/>\nOdinis \u0161ukas<br \/>\nBendras ilgis 1170 mm (1210 mm su \u0161a\u0161lyku)<br \/>\nA\u0161men\u0173 ilgis 900 mm<br \/>\nSvoris 1500 g (1800 g su \u0161a\u0161lyku)<\/p>\n<p>Nery\u0161kus ir nepamir\u0161tas a\u0161menys, tik dekoratyviniams tikslams<br \/>\nNereikia parduoti apribojim\u0173 Italijoje ir San Marino 18 met\u0173 ir vyresniems, prie\u0161 pirkdami patikrinkite savo \u0161alies reglament\u0105<\/p>\n","protected":false},"excerpt":{"rendered":"<p>Dekoratyvinis fantazijos kardas (ZS668) Dekoratyvinis fantazijos kardas \u012ekv\u0117ptas Geralto i\u0161 Rivijos III kartos kardo \u201eWitcher 3\u201c serija Ner\u016bdijan\u010dio plieno a\u0161menys<\/p>\n","protected":false},"featured_media":139585,"template":"","meta":{"_acf_changed":false},"product_brand":[],"product_cat":[1312,1247],"product_tag":[],"class_list":{"0":"post-141282","1":"product","2":"type-product","3":"status-publish","4":"has-post-thumbnail","6":"product_cat-kardai","7":"product_cat-kita","9":"first","10":"instock","11":"purchasable","12":"product-type-simple"},"acf":[],"_links":{"self":[{"href":"https:\/\/kingarms.ee\/lt\/wp-json\/wp\/v2\/product\/141282","targetHints":{"allow":["GET"]}}],"collection":[{"href":"https:\/\/kingarms.ee\/lt\/wp-json\/wp\/v2\/product"}],"about":[{"href":"https:\/\/kingarms.ee\/lt\/wp-json\/wp\/v2\/types\/product"}],"wp:featuredmedia":[{"embeddable":true,"href":"https:\/\/kingarms.ee\/lt\/wp-json\/wp\/v2\/media\/139585"}],"wp:attachment":[{"href":"https:\/\/kingarms.ee\/lt\/wp-json\/wp\/v2\/media?parent=141282"}],"wp:term":[{"taxonomy":"product_brand","embeddable":true,"href":"https:\/\/kingarms.ee\/lt\/wp-json\/wp\/v2\/product_brand?post=141282"},{"taxonomy":"product_cat","embeddable":true,"href":"https:\/\/kingarms.ee\/lt\/wp-json\/wp\/v2\/product_cat?post=141282"},{"taxonomy":"product_tag","embeddable":true,"href":"https:\/\/kingarms.ee\/lt\/wp-json\/wp\/v2\/product_tag?post=141282"}],"curies":[{"name":"wp","href":"https:\/\/api.w.org\/{rel}","templated":true}]}}