{"id":141290,"date":"2024-12-06T16:37:07","date_gmt":"2024-12-09T11:29:08","guid":{"rendered":"https:\/\/kingarms.ee\/product\/dekoratyvinis-fantazijos-kardas-su-sienos-stendu-zs639b\/"},"modified":"2024-12-09T14:29:08","modified_gmt":"2024-12-09T11:29:08","slug":"ornamental-fantasy-sword-with-wall-stand-zs639b","status":"publish","type":"product","link":"https:\/\/kingarms.ee\/lt\/product\/ornamental-fantasy-sword-with-wall-stand-zs639b\/","title":{"rendered":"Dekoratyvinis fantazijos kardas su sienos stendu (ZS639B)"},"content":{"rendered":"<p>Dekoratyvinis fantazijos kardas su sienos stendu (ZS639B)<\/p>\n<p>Dekoratyvinis fantazijos kardas<br \/>\n\u012ekv\u0117ptas Arijos Starko adatos kard\u0173<br \/>\nSost\u0173 \u017eaidim\u0173 serija<br \/>\nMetalin\u0117 ir plastikin\u0117 pakaba<br \/>\nMedienos atrama, kuri\u0105 galima pritvirtinti prie sienos su vilko dekoravimu<br \/>\nScabbardas su plastiko ir metalo apdaila<br \/>\nBendras ilgis 970 mm<br \/>\nA\u0161men\u0173 ilgis 715 mm<br \/>\nSvoris 740G<\/p>\n<p>Neapjaustytas ir ne smailus kardas, tik dekoratyviniais tikslais<br \/>\nPrie\u0161 pirkdami patikrinkite savo \u0161alies reglament\u0105<\/p>\n","protected":false},"excerpt":{"rendered":"<p>Dekoratyvinis fantazijos kardas su sienos stendu (ZS639B) Dekoratyvinis fantazijos kardas \u012ekv\u0117ptas Arijos Starko adatos kard\u0173 Sost\u0173 \u017eaidim\u0173 serija Metalin\u0117 ir<\/p>\n","protected":false},"featured_media":139525,"template":"","meta":{"_acf_changed":false},"product_brand":[],"product_cat":[1312,1247],"product_tag":[],"class_list":{"0":"post-141290","1":"product","2":"type-product","3":"status-publish","4":"has-post-thumbnail","6":"product_cat-kardai","7":"product_cat-kita","9":"first","10":"instock","11":"purchasable","12":"product-type-simple"},"acf":[],"_links":{"self":[{"href":"https:\/\/kingarms.ee\/lt\/wp-json\/wp\/v2\/product\/141290","targetHints":{"allow":["GET"]}}],"collection":[{"href":"https:\/\/kingarms.ee\/lt\/wp-json\/wp\/v2\/product"}],"about":[{"href":"https:\/\/kingarms.ee\/lt\/wp-json\/wp\/v2\/types\/product"}],"wp:featuredmedia":[{"embeddable":true,"href":"https:\/\/kingarms.ee\/lt\/wp-json\/wp\/v2\/media\/139525"}],"wp:attachment":[{"href":"https:\/\/kingarms.ee\/lt\/wp-json\/wp\/v2\/media?parent=141290"}],"wp:term":[{"taxonomy":"product_brand","embeddable":true,"href":"https:\/\/kingarms.ee\/lt\/wp-json\/wp\/v2\/product_brand?post=141290"},{"taxonomy":"product_cat","embeddable":true,"href":"https:\/\/kingarms.ee\/lt\/wp-json\/wp\/v2\/product_cat?post=141290"},{"taxonomy":"product_tag","embeddable":true,"href":"https:\/\/kingarms.ee\/lt\/wp-json\/wp\/v2\/product_tag?post=141290"}],"curies":[{"name":"wp","href":"https:\/\/api.w.org\/{rel}","templated":true}]}}