{"id":141308,"date":"2024-12-06T16:37:07","date_gmt":"2024-12-09T11:39:19","guid":{"rendered":"https:\/\/kingarms.ee\/product\/dekoratyvinis-rakto-stiliaus-fantazijos-kardas-zs9478-4\/"},"modified":"2024-12-09T14:39:19","modified_gmt":"2024-12-09T11:39:19","slug":"dekoratyvinis-raktas-stiliaus-fantastinis-sword-zs9478-4","status":"publish","type":"product","link":"https:\/\/kingarms.ee\/lt\/product\/dekoratyvinis-raktas-stiliaus-fantastinis-sword-zs9478-4\/","title":{"rendered":"Dekoratyvinis rakto stiliaus fantazijos kardas (ZS9478-4)"},"content":{"rendered":"<p>Dekoratyvinis rakto stiliaus fantazijos kardas (ZS9478-4)<\/p>\n<p>Dekoratyvinis rakto stiliaus fantazijos kardas<br \/>\n\u012ekv\u0117p\u0117 \u201eKeyBlade\u201c i\u0161 \u201eKingdom Hearts VideoGame\u201c<br \/>\nPagamintas plastikas ir metalas<br \/>\nIlgis 895 mm<br \/>\nSvoris 1100 g<\/p>\n","protected":false},"excerpt":{"rendered":"<p>Dekoratyvinis rakto stiliaus fantazijos kardas (ZS9478-4) Dekoratyvinis rakto stiliaus fantazijos kardas \u012ekv\u0117p\u0117 \u201eKeyBlade\u201c i\u0161 \u201eKingdom Hearts VideoGame\u201c Pagamintas plastikas ir<\/p>\n","protected":false},"featured_media":140065,"template":"","meta":{"_acf_changed":false},"product_brand":[],"product_cat":[1312,1247],"product_tag":[],"class_list":{"0":"post-141308","1":"product","2":"type-product","3":"status-publish","4":"has-post-thumbnail","6":"product_cat-kardai","7":"product_cat-kita","9":"first","10":"instock","11":"purchasable","12":"product-type-simple"},"acf":[],"_links":{"self":[{"href":"https:\/\/kingarms.ee\/lt\/wp-json\/wp\/v2\/product\/141308","targetHints":{"allow":["GET"]}}],"collection":[{"href":"https:\/\/kingarms.ee\/lt\/wp-json\/wp\/v2\/product"}],"about":[{"href":"https:\/\/kingarms.ee\/lt\/wp-json\/wp\/v2\/types\/product"}],"wp:featuredmedia":[{"embeddable":true,"href":"https:\/\/kingarms.ee\/lt\/wp-json\/wp\/v2\/media\/140065"}],"wp:attachment":[{"href":"https:\/\/kingarms.ee\/lt\/wp-json\/wp\/v2\/media?parent=141308"}],"wp:term":[{"taxonomy":"product_brand","embeddable":true,"href":"https:\/\/kingarms.ee\/lt\/wp-json\/wp\/v2\/product_brand?post=141308"},{"taxonomy":"product_cat","embeddable":true,"href":"https:\/\/kingarms.ee\/lt\/wp-json\/wp\/v2\/product_cat?post=141308"},{"taxonomy":"product_tag","embeddable":true,"href":"https:\/\/kingarms.ee\/lt\/wp-json\/wp\/v2\/product_tag?post=141308"}],"curies":[{"name":"wp","href":"https:\/\/api.w.org\/{rel}","templated":true}]}}