{"id":141310,"date":"2024-12-06T16:37:07","date_gmt":"2024-12-09T11:39:20","guid":{"rendered":"https:\/\/kingarms.ee\/product\/dekoratyvinis-fantazijos-kardas-zs954\/"},"modified":"2024-12-09T14:39:20","modified_gmt":"2024-12-09T11:39:20","slug":"ornamental-fantasy-sword-zs954","status":"publish","type":"product","link":"https:\/\/kingarms.ee\/lt\/product\/ornamental-fantasy-sword-zs954\/","title":{"rendered":"Dekoratyvinis fantazijos kardas (ZS954)"},"content":{"rendered":"<p>Dekoratyvinis fantazijos kardas (ZS954)<\/p>\n<p>Dekoratyvinis fantazijos kardas<br \/>\n\u012ekv\u0117ptas \u201eDark Link\u201c kardo<br \/>\n\u201eZelda Skyward Sword Series\u201c legenda<br \/>\nPlieninis a\u0161menys<br \/>\nMetalin\u0117 hilta<br \/>\nPlastikas ir metalinis rankena<br \/>\nPlastikinis \u0161a\u0161as su metalin\u0117mis dalimis ir u\u017edengtas oda<br \/>\nA\u0161men\u0173 ilgis 770 mm<br \/>\nBendras ilgis 1100 mm (1265 mm su \u0161a\u0161lyku)<br \/>\nSvoris 1360G (1850 g su \u0161a\u0161lyku)<\/p>\n<p>Ne a\u0161triau ir nery\u0161kus a\u0161menis<br \/>\nPrie\u0161 pirkdami pra\u0161au savo \u0161alies reglamento<\/p>\n","protected":false},"excerpt":{"rendered":"<p>Dekoratyvinis fantazijos kardas (ZS954) Dekoratyvinis fantazijos kardas \u012ekv\u0117ptas \u201eDark Link\u201c kardo \u201eZelda Skyward Sword Series\u201c legenda Plieninis a\u0161menys Metalin\u0117 hilta<\/p>\n","protected":false},"featured_media":139723,"template":"","meta":{"_acf_changed":false},"product_brand":[],"product_cat":[1312,1247],"product_tag":[],"class_list":{"0":"post-141310","1":"product","2":"type-product","3":"status-publish","4":"has-post-thumbnail","6":"product_cat-kardai","7":"product_cat-kita","9":"first","10":"instock","11":"purchasable","12":"product-type-simple"},"acf":[],"_links":{"self":[{"href":"https:\/\/kingarms.ee\/lt\/wp-json\/wp\/v2\/product\/141310","targetHints":{"allow":["GET"]}}],"collection":[{"href":"https:\/\/kingarms.ee\/lt\/wp-json\/wp\/v2\/product"}],"about":[{"href":"https:\/\/kingarms.ee\/lt\/wp-json\/wp\/v2\/types\/product"}],"wp:featuredmedia":[{"embeddable":true,"href":"https:\/\/kingarms.ee\/lt\/wp-json\/wp\/v2\/media\/139723"}],"wp:attachment":[{"href":"https:\/\/kingarms.ee\/lt\/wp-json\/wp\/v2\/media?parent=141310"}],"wp:term":[{"taxonomy":"product_brand","embeddable":true,"href":"https:\/\/kingarms.ee\/lt\/wp-json\/wp\/v2\/product_brand?post=141310"},{"taxonomy":"product_cat","embeddable":true,"href":"https:\/\/kingarms.ee\/lt\/wp-json\/wp\/v2\/product_cat?post=141310"},{"taxonomy":"product_tag","embeddable":true,"href":"https:\/\/kingarms.ee\/lt\/wp-json\/wp\/v2\/product_tag?post=141310"}],"curies":[{"name":"wp","href":"https:\/\/api.w.org\/{rel}","templated":true}]}}