{"id":141345,"date":"2024-12-06T16:37:26","date_gmt":"2024-12-09T11:44:31","guid":{"rendered":"https:\/\/kingarms.ee\/product\/dekoratyvinis-fantazijos-kardas-zs678\/"},"modified":"2024-12-09T14:44:31","modified_gmt":"2024-12-09T11:44:31","slug":"ornamental-fantasy-sword-zs678-2","status":"publish","type":"product","link":"https:\/\/kingarms.ee\/lt\/product\/ornamental-fantasy-sword-zs678-2\/","title":{"rendered":"Dekoratyvinis fantazijos kardas (ZS678)"},"content":{"rendered":"<p>Dekoratyvinis fantazijos kardas (ZS678)<\/p>\n<p>Dekoratyvinis fantazijos kardas<br \/>\n\u012ekv\u0117ptas Tengeno Uzui kalavijo<br \/>\nAnime serijos demon\u0173 \u017eudikas: kimetsu no yaiba<br \/>\nPlieninis a\u0161menys<br \/>\nMetalin\u0117 apsauga<br \/>\nA\u0161men\u0173 ilgis 500 mm<br \/>\nBendras ilgis 700 mm<\/p>\n<p>Nery\u0161kus ir nepamir\u0161tas a\u0161menys, tik dekoratyviniams tikslams<br \/>\nPrie\u0161 pirkdami patikrinkite savo \u0161alies reglament\u0105<\/p>\n","protected":false},"excerpt":{"rendered":"<p>Dekoratyvinis fantazijos kardas (ZS678) Dekoratyvinis fantazijos kardas \u012ekv\u0117ptas Tengeno Uzui kalavijo Anime serijos demon\u0173 \u017eudikas: kimetsu no yaiba Plieninis a\u0161menys<\/p>\n","protected":false},"featured_media":133053,"template":"","meta":{"_acf_changed":false},"product_brand":[],"product_cat":[1312,1247],"product_tag":[],"class_list":{"0":"post-141345","1":"product","2":"type-product","3":"status-publish","4":"has-post-thumbnail","6":"product_cat-kardai","7":"product_cat-kita","9":"first","10":"instock","11":"purchasable","12":"product-type-simple"},"acf":[],"_links":{"self":[{"href":"https:\/\/kingarms.ee\/lt\/wp-json\/wp\/v2\/product\/141345","targetHints":{"allow":["GET"]}}],"collection":[{"href":"https:\/\/kingarms.ee\/lt\/wp-json\/wp\/v2\/product"}],"about":[{"href":"https:\/\/kingarms.ee\/lt\/wp-json\/wp\/v2\/types\/product"}],"wp:featuredmedia":[{"embeddable":true,"href":"https:\/\/kingarms.ee\/lt\/wp-json\/wp\/v2\/media\/133053"}],"wp:attachment":[{"href":"https:\/\/kingarms.ee\/lt\/wp-json\/wp\/v2\/media?parent=141345"}],"wp:term":[{"taxonomy":"product_brand","embeddable":true,"href":"https:\/\/kingarms.ee\/lt\/wp-json\/wp\/v2\/product_brand?post=141345"},{"taxonomy":"product_cat","embeddable":true,"href":"https:\/\/kingarms.ee\/lt\/wp-json\/wp\/v2\/product_cat?post=141345"},{"taxonomy":"product_tag","embeddable":true,"href":"https:\/\/kingarms.ee\/lt\/wp-json\/wp\/v2\/product_tag?post=141345"}],"curies":[{"name":"wp","href":"https:\/\/api.w.org\/{rel}","templated":true}]}}