{"id":141374,"date":"2024-12-06T16:37:26","date_gmt":"2024-12-09T11:49:36","guid":{"rendered":"https:\/\/kingarms.ee\/product\/dekoratyvinis-viduramziu-durklas-by-017c\/"},"modified":"2024-12-09T14:49:36","modified_gmt":"2024-12-09T11:49:36","slug":"dekoratyvinis-vidurkis-daklas-017c","status":"publish","type":"product","link":"https:\/\/kingarms.ee\/lt\/product\/dekoratyvinis-vidurkis-daklas-017c\/","title":{"rendered":"Dekoratyvinis viduram\u017ei\u0173 durklas (BY-017C)"},"content":{"rendered":"<p>Dekoratyvinis viduram\u017ei\u0173 durklas (BY-017C)<\/p>\n<p>Dekoratyvinis viduram\u017ei\u0173 durklas<br \/>\nBendras 430 mm ilgio<br \/>\nPrid\u0117ta medin\u0117 lenta<\/p>\n<p>Ne a\u0161triau ir nery\u0161kus a\u0161menis<br \/>\nPrie\u0161 pirkdami pra\u0161au savo \u0161alies reglamento<\/p>\n","protected":false},"excerpt":{"rendered":"<p>Dekoratyvinis viduram\u017ei\u0173 durklas (BY-017C) Dekoratyvinis viduram\u017ei\u0173 durklas Bendras 430 mm ilgio Prid\u0117ta medin\u0117 lenta Ne a\u0161triau ir nery\u0161kus a\u0161menis Prie\u0161<\/p>\n","protected":false},"featured_media":138847,"template":"","meta":{"_acf_changed":false},"product_brand":[],"product_cat":[1312,1247],"product_tag":[],"class_list":{"0":"post-141374","1":"product","2":"type-product","3":"status-publish","4":"has-post-thumbnail","6":"product_cat-kardai","7":"product_cat-kita","9":"first","10":"instock","11":"purchasable","12":"product-type-simple"},"acf":[],"_links":{"self":[{"href":"https:\/\/kingarms.ee\/lt\/wp-json\/wp\/v2\/product\/141374","targetHints":{"allow":["GET"]}}],"collection":[{"href":"https:\/\/kingarms.ee\/lt\/wp-json\/wp\/v2\/product"}],"about":[{"href":"https:\/\/kingarms.ee\/lt\/wp-json\/wp\/v2\/types\/product"}],"wp:featuredmedia":[{"embeddable":true,"href":"https:\/\/kingarms.ee\/lt\/wp-json\/wp\/v2\/media\/138847"}],"wp:attachment":[{"href":"https:\/\/kingarms.ee\/lt\/wp-json\/wp\/v2\/media?parent=141374"}],"wp:term":[{"taxonomy":"product_brand","embeddable":true,"href":"https:\/\/kingarms.ee\/lt\/wp-json\/wp\/v2\/product_brand?post=141374"},{"taxonomy":"product_cat","embeddable":true,"href":"https:\/\/kingarms.ee\/lt\/wp-json\/wp\/v2\/product_cat?post=141374"},{"taxonomy":"product_tag","embeddable":true,"href":"https:\/\/kingarms.ee\/lt\/wp-json\/wp\/v2\/product_tag?post=141374"}],"curies":[{"name":"wp","href":"https:\/\/api.w.org\/{rel}","templated":true}]}}