{"id":141380,"date":"2024-12-06T16:37:26","date_gmt":"2024-12-09T11:55:31","guid":{"rendered":"https:\/\/kingarms.ee\/product\/dekoratyvus-kardas-by-094a\/"},"modified":"2024-12-09T14:55:31","modified_gmt":"2024-12-09T11:55:31","slug":"ornamental-sword-by-094a","status":"publish","type":"product","link":"https:\/\/kingarms.ee\/lt\/product\/ornamental-sword-by-094a\/","title":{"rendered":"Dekoratyvus kardas (BY-094A)"},"content":{"rendered":"<p>Dekoratyvus kardas (BY-094A)<\/p>\n<p>Dekoratyvinis kardas<br \/>\n\u012ekv\u0117ptas 1852 m. Modelio karinio j\u016br\u0173 laivyno karininko karinio kardo<br \/>\nPlieninis a\u0161menys<br \/>\nLeatherette u\u017edengtas medinis \u0161ukas su metalin\u0117mis dalimis<br \/>\nLeatherette u\u017edengtas medinis pakau\u0161is su metaline apsauga ir pommel<br \/>\nBendras ilgis 890 mm (965 mm su \u0161a\u0161lyku)<br \/>\nA\u0161men\u0173 ilgis 735 mm<br \/>\nSvoris 600 g (1055 g su \u0161a\u0161lyku)<br \/>\n\u012etrauktas audinio dangtis<\/p>\n<p>Nery\u0161kus ir nepamir\u0161tas a\u0161menys, tik dekoratyviniams tikslams<br \/>\nPrie\u0161 pirkdami patikrinkite savo \u0161alies reglament\u0105<\/p>\n","protected":false},"excerpt":{"rendered":"<p>Dekoratyvus kardas (BY-094A) Dekoratyvinis kardas \u012ekv\u0117ptas 1852 m. Modelio karinio j\u016br\u0173 laivyno karininko karinio kardo Plieninis a\u0161menys Leatherette u\u017edengtas medinis<\/p>\n","protected":false},"featured_media":138907,"template":"","meta":{"_acf_changed":false},"product_brand":[],"product_cat":[1312,1247],"product_tag":[],"class_list":{"0":"post-141380","1":"product","2":"type-product","3":"status-publish","4":"has-post-thumbnail","6":"product_cat-kardai","7":"product_cat-kita","9":"first","10":"instock","11":"purchasable","12":"product-type-simple"},"acf":[],"_links":{"self":[{"href":"https:\/\/kingarms.ee\/lt\/wp-json\/wp\/v2\/product\/141380","targetHints":{"allow":["GET"]}}],"collection":[{"href":"https:\/\/kingarms.ee\/lt\/wp-json\/wp\/v2\/product"}],"about":[{"href":"https:\/\/kingarms.ee\/lt\/wp-json\/wp\/v2\/types\/product"}],"wp:featuredmedia":[{"embeddable":true,"href":"https:\/\/kingarms.ee\/lt\/wp-json\/wp\/v2\/media\/138907"}],"wp:attachment":[{"href":"https:\/\/kingarms.ee\/lt\/wp-json\/wp\/v2\/media?parent=141380"}],"wp:term":[{"taxonomy":"product_brand","embeddable":true,"href":"https:\/\/kingarms.ee\/lt\/wp-json\/wp\/v2\/product_brand?post=141380"},{"taxonomy":"product_cat","embeddable":true,"href":"https:\/\/kingarms.ee\/lt\/wp-json\/wp\/v2\/product_cat?post=141380"},{"taxonomy":"product_tag","embeddable":true,"href":"https:\/\/kingarms.ee\/lt\/wp-json\/wp\/v2\/product_tag?post=141380"}],"curies":[{"name":"wp","href":"https:\/\/api.w.org\/{rel}","templated":true}]}}