{"id":141381,"date":"2024-12-06T16:37:07","date_gmt":"2024-12-09T11:55:32","guid":{"rendered":"https:\/\/kingarms.ee\/product\/dekoratyvinis-fantazijos-kardas-zs9113\/"},"modified":"2024-12-09T14:55:32","modified_gmt":"2024-12-09T11:55:32","slug":"ornamental-fantasy-sword-zs9113","status":"publish","type":"product","link":"https:\/\/kingarms.ee\/lt\/product\/ornamental-fantasy-sword-zs9113\/","title":{"rendered":"Dekoratyvinis fantazijos kardas (ZS9113)"},"content":{"rendered":"<p>Dekoratyvinis fantazijos kardas (ZS9113)<\/p>\n<p>Dekoratyvinis fantazijos kardas<br \/>\n\u012ekv\u0117ptas Teodeno Sword (\u017died\u0173 lordas)<br \/>\nPlieninis a\u0161menys<br \/>\nMetalin\u0117 hilta<br \/>\nPlastikas ir metalinis rankena<br \/>\nPridedamas medinis sienos stovas<br \/>\nA\u0161men\u0173 ilgis 780 mm<br \/>\nBendras ilgis 960 mm<br \/>\nSvoris 1790G<\/p>\n<p>Dekoratyvinis kardas, ne smailus ir nepamir\u0161tas a\u0161menys<br \/>\nPrie\u0161 pirkdami patikrinkite savo \u0161alies reglament\u0105<\/p>\n","protected":false},"excerpt":{"rendered":"<p>Dekoratyvinis fantazijos kardas (ZS9113) Dekoratyvinis fantazijos kardas \u012ekv\u0117ptas Teodeno Sword (\u017died\u0173 lordas) Plieninis a\u0161menys Metalin\u0117 hilta Plastikas ir metalinis rankena<\/p>\n","protected":false},"featured_media":140017,"template":"","meta":{"_acf_changed":false},"product_brand":[],"product_cat":[1312,1247],"product_tag":[],"class_list":{"0":"post-141381","1":"product","2":"type-product","3":"status-publish","4":"has-post-thumbnail","6":"product_cat-kardai","7":"product_cat-kita","9":"first","10":"instock","11":"purchasable","12":"product-type-simple"},"acf":[],"_links":{"self":[{"href":"https:\/\/kingarms.ee\/lt\/wp-json\/wp\/v2\/product\/141381","targetHints":{"allow":["GET"]}}],"collection":[{"href":"https:\/\/kingarms.ee\/lt\/wp-json\/wp\/v2\/product"}],"about":[{"href":"https:\/\/kingarms.ee\/lt\/wp-json\/wp\/v2\/types\/product"}],"wp:featuredmedia":[{"embeddable":true,"href":"https:\/\/kingarms.ee\/lt\/wp-json\/wp\/v2\/media\/140017"}],"wp:attachment":[{"href":"https:\/\/kingarms.ee\/lt\/wp-json\/wp\/v2\/media?parent=141381"}],"wp:term":[{"taxonomy":"product_brand","embeddable":true,"href":"https:\/\/kingarms.ee\/lt\/wp-json\/wp\/v2\/product_brand?post=141381"},{"taxonomy":"product_cat","embeddable":true,"href":"https:\/\/kingarms.ee\/lt\/wp-json\/wp\/v2\/product_cat?post=141381"},{"taxonomy":"product_tag","embeddable":true,"href":"https:\/\/kingarms.ee\/lt\/wp-json\/wp\/v2\/product_tag?post=141381"}],"curies":[{"name":"wp","href":"https:\/\/api.w.org\/{rel}","templated":true}]}}