{"id":141406,"date":"2024-12-06T16:36:47","date_gmt":"2024-12-09T12:26:10","guid":{"rendered":"https:\/\/kingarms.ee\/product\/dekoratyvinis-fantazijos-kardas-zs554\/"},"modified":"2024-12-09T15:26:10","modified_gmt":"2024-12-09T12:26:10","slug":"ornamental-fantasy-sword-zs554","status":"publish","type":"product","link":"https:\/\/kingarms.ee\/lt\/product\/ornamental-fantasy-sword-zs554\/","title":{"rendered":"Dekoratyvinis fantazijos kardas (ZS554)"},"content":{"rendered":"<p>Dekoratyvinis fantazijos kardas (ZS554)<\/p>\n<p>Dekoratyvinis fantazijos kardas<br \/>\n\u012ekv\u0117ptas Kirito i\u0161ai\u0161kinimo kardo<br \/>\n\u201eSword Art Online\u201c serija<br \/>\nPlieninis a\u0161menis juodas<br \/>\nWodden Scabbard Black<br \/>\nTvarkykite juod\u0105 od\u0105<br \/>\nA\u0161men\u0173 ilgis 710 mm<br \/>\nBendras ilgis 980 mm (1055 mm su \u0161a\u0161lyku)<br \/>\nSvoris 1330 g (1690G su Scabbard)<\/p>\n<p>Neapsaugotas ir nepamir\u0161tas kardas, tik dekoratyviniais tikslais<br \/>\nPrie\u0161 pirkdami patikrinkite savo \u0161alies reglament\u0105<\/p>\n","protected":false},"excerpt":{"rendered":"<p>Dekoratyvinis fantazijos kardas (ZS554) Dekoratyvinis fantazijos kardas \u012ekv\u0117ptas Kirito i\u0161ai\u0161kinimo kardo \u201eSword Art Online\u201c serija Plieninis a\u0161menis juodas Wodden Scabbard<\/p>\n","protected":false},"featured_media":139417,"template":"","meta":{"_acf_changed":false},"product_brand":[],"product_cat":[1312,1247],"product_tag":[],"class_list":{"0":"post-141406","1":"product","2":"type-product","3":"status-publish","4":"has-post-thumbnail","6":"product_cat-kardai","7":"product_cat-kita","9":"first","10":"instock","11":"purchasable","12":"product-type-simple"},"acf":[],"_links":{"self":[{"href":"https:\/\/kingarms.ee\/lt\/wp-json\/wp\/v2\/product\/141406","targetHints":{"allow":["GET"]}}],"collection":[{"href":"https:\/\/kingarms.ee\/lt\/wp-json\/wp\/v2\/product"}],"about":[{"href":"https:\/\/kingarms.ee\/lt\/wp-json\/wp\/v2\/types\/product"}],"wp:featuredmedia":[{"embeddable":true,"href":"https:\/\/kingarms.ee\/lt\/wp-json\/wp\/v2\/media\/139417"}],"wp:attachment":[{"href":"https:\/\/kingarms.ee\/lt\/wp-json\/wp\/v2\/media?parent=141406"}],"wp:term":[{"taxonomy":"product_brand","embeddable":true,"href":"https:\/\/kingarms.ee\/lt\/wp-json\/wp\/v2\/product_brand?post=141406"},{"taxonomy":"product_cat","embeddable":true,"href":"https:\/\/kingarms.ee\/lt\/wp-json\/wp\/v2\/product_cat?post=141406"},{"taxonomy":"product_tag","embeddable":true,"href":"https:\/\/kingarms.ee\/lt\/wp-json\/wp\/v2\/product_tag?post=141406"}],"curies":[{"name":"wp","href":"https:\/\/api.w.org\/{rel}","templated":true}]}}