{"id":141408,"date":"2024-12-06T16:36:47","date_gmt":"2024-12-09T12:26:10","guid":{"rendered":"https:\/\/kingarms.ee\/product\/dekoratyvinis-fantazijos-durklas-zs4224\/"},"modified":"2024-12-09T15:26:10","modified_gmt":"2024-12-09T12:26:10","slug":"ornamental-fantasy-dagger-zs4224","status":"publish","type":"product","link":"https:\/\/kingarms.ee\/lt\/product\/ornamental-fantasy-dagger-zs4224\/","title":{"rendered":"Dekoratyvinis fantazijos durklas (ZS4224)"},"content":{"rendered":"<p>Dekoratyvinis fantazijos durklas (ZS4224)<\/p>\n<p>Dekoratyvinis fantazijos durklas<br \/>\n\u012ekv\u0117ptas Jono Snow kalavijo<br \/>\n\u201eSost\u0173 \u017eaidimai\u201c serija<br \/>\nPlieninis a\u0161menys<br \/>\nPolimero ir metalo hiltas ir \u0161a\u0161lykas<br \/>\nA\u0161men\u0173 ilgis 240 mm<br \/>\nBendras ilgis 360 mm (450 mm su \u0161a\u0161lyku)<br \/>\nSvoris 170 g (260 g su \u0161a\u0161lyku)<\/p>\n<p>Ne a\u0161triau ir nery\u0161kus a\u0161menis<br \/>\nPrie\u0161 pirkdami pra\u0161au savo \u0161alies reglamento<\/p>\n","protected":false},"excerpt":{"rendered":"<p>Dekoratyvinis fantazijos durklas (ZS4224) Dekoratyvinis fantazijos durklas \u012ekv\u0117ptas Jono Snow kalavijo \u201eSost\u0173 \u017eaidimai\u201c serija Plieninis a\u0161menys Polimero ir metalo hiltas<\/p>\n","protected":false},"featured_media":139813,"template":"","meta":{"_acf_changed":false},"product_brand":[],"product_cat":[1312,1247],"product_tag":[],"class_list":{"0":"post-141408","1":"product","2":"type-product","3":"status-publish","4":"has-post-thumbnail","6":"product_cat-kardai","7":"product_cat-kita","9":"first","10":"instock","11":"purchasable","12":"product-type-simple"},"acf":[],"_links":{"self":[{"href":"https:\/\/kingarms.ee\/lt\/wp-json\/wp\/v2\/product\/141408","targetHints":{"allow":["GET"]}}],"collection":[{"href":"https:\/\/kingarms.ee\/lt\/wp-json\/wp\/v2\/product"}],"about":[{"href":"https:\/\/kingarms.ee\/lt\/wp-json\/wp\/v2\/types\/product"}],"wp:featuredmedia":[{"embeddable":true,"href":"https:\/\/kingarms.ee\/lt\/wp-json\/wp\/v2\/media\/139813"}],"wp:attachment":[{"href":"https:\/\/kingarms.ee\/lt\/wp-json\/wp\/v2\/media?parent=141408"}],"wp:term":[{"taxonomy":"product_brand","embeddable":true,"href":"https:\/\/kingarms.ee\/lt\/wp-json\/wp\/v2\/product_brand?post=141408"},{"taxonomy":"product_cat","embeddable":true,"href":"https:\/\/kingarms.ee\/lt\/wp-json\/wp\/v2\/product_cat?post=141408"},{"taxonomy":"product_tag","embeddable":true,"href":"https:\/\/kingarms.ee\/lt\/wp-json\/wp\/v2\/product_tag?post=141408"}],"curies":[{"name":"wp","href":"https:\/\/api.w.org\/{rel}","templated":true}]}}