{"id":141422,"date":"2024-12-06T16:36:47","date_gmt":"2024-12-09T12:42:06","guid":{"rendered":"https:\/\/kingarms.ee\/product\/dekoratyvinis-fantazijos-durklas-zs8200\/"},"modified":"2024-12-09T15:42:06","modified_gmt":"2024-12-09T12:42:06","slug":"dekoratyvinis-fantazijos-daggeris-zs8200","status":"publish","type":"product","link":"https:\/\/kingarms.ee\/lt\/product\/dekoratyvinis-fantazijos-daggeris-zs8200\/","title":{"rendered":"Dekoratyvinis fantazijos durklas (ZS8200)"},"content":{"rendered":"<p>Dekoratyvinis fantazijos durklas (ZS8200)<\/p>\n<p>Dekoratyvinis fantazijos durklas<br \/>\n\u012ekv\u0117p\u0117 Arya Stark Daggeris<br \/>\n\u201eSost\u0173 \u017eaidimai\u201c serija<br \/>\nPlieninis a\u0161menys<br \/>\nPolimeras ir metalinis hiltas<br \/>\nMedinis sienos stendas, \u012ftrauktas \u012f horizontal\u0173 durkl\u0105<br \/>\nA\u0161men\u0173 ilgis 250 mm<br \/>\nBendras ilgis 485 mm<br \/>\nSvoris 430 g<\/p>\n<p>Ne a\u0161triau ir nery\u0161kus a\u0161menis<br \/>\nPrie\u0161 pirkdami pra\u0161au savo \u0161alies reglamento<\/p>\n","protected":false},"excerpt":{"rendered":"<p>Dekoratyvinis fantazijos durklas (ZS8200) Dekoratyvinis fantazijos durklas \u012ekv\u0117p\u0117 Arya Stark Daggeris \u201eSost\u0173 \u017eaidimai\u201c serija Plieninis a\u0161menys Polimeras ir metalinis hiltas<\/p>\n","protected":false},"featured_media":139927,"template":"","meta":{"_acf_changed":false},"product_brand":[],"product_cat":[1312,1247],"product_tag":[],"class_list":{"0":"post-141422","1":"product","2":"type-product","3":"status-publish","4":"has-post-thumbnail","6":"product_cat-kardai","7":"product_cat-kita","9":"first","10":"instock","11":"purchasable","12":"product-type-simple"},"acf":[],"_links":{"self":[{"href":"https:\/\/kingarms.ee\/lt\/wp-json\/wp\/v2\/product\/141422","targetHints":{"allow":["GET"]}}],"collection":[{"href":"https:\/\/kingarms.ee\/lt\/wp-json\/wp\/v2\/product"}],"about":[{"href":"https:\/\/kingarms.ee\/lt\/wp-json\/wp\/v2\/types\/product"}],"wp:featuredmedia":[{"embeddable":true,"href":"https:\/\/kingarms.ee\/lt\/wp-json\/wp\/v2\/media\/139927"}],"wp:attachment":[{"href":"https:\/\/kingarms.ee\/lt\/wp-json\/wp\/v2\/media?parent=141422"}],"wp:term":[{"taxonomy":"product_brand","embeddable":true,"href":"https:\/\/kingarms.ee\/lt\/wp-json\/wp\/v2\/product_brand?post=141422"},{"taxonomy":"product_cat","embeddable":true,"href":"https:\/\/kingarms.ee\/lt\/wp-json\/wp\/v2\/product_cat?post=141422"},{"taxonomy":"product_tag","embeddable":true,"href":"https:\/\/kingarms.ee\/lt\/wp-json\/wp\/v2\/product_tag?post=141422"}],"curies":[{"name":"wp","href":"https:\/\/api.w.org\/{rel}","templated":true}]}}