{"id":141460,"date":"2024-12-06T16:36:47","date_gmt":"2024-12-09T12:45:45","guid":{"rendered":"https:\/\/kingarms.ee\/product\/dekoratyvinis-fantazijos-kardas-zs964\/"},"modified":"2024-12-09T15:45:45","modified_gmt":"2024-12-09T12:45:45","slug":"ornamental-fantasy-sword-zs964","status":"publish","type":"product","link":"https:\/\/kingarms.ee\/lt\/product\/ornamental-fantasy-sword-zs964\/","title":{"rendered":"Dekoratyvinis fantazijos kardas (ZS964)"},"content":{"rendered":"<p>Dekoratyvinis fantazijos kardas (ZS964)<\/p>\n<p>Dekoratyvinis fantazijos kardas<br \/>\n\u012ekv\u0117ptas Tarto kardo Brienne<br \/>\nSost\u0173 \u017eaidim\u0173 serija<br \/>\nPlieninis a\u0161menys<br \/>\nMetalin\u0117 hilta<br \/>\nPlastikas ir metalinis rankena<br \/>\nPridedamas medinis sienos stovas<br \/>\nA\u0161men\u0173 ilgis 800 mm<br \/>\nBendras ilgis 1035 mm<br \/>\nSvoris 2000 g<\/p>\n<p>Ne a\u0161triau ir nery\u0161kus a\u0161menis<br \/>\nPrie\u0161 pirkdami pra\u0161au savo \u0161alies reglamento<\/p>\n","protected":false},"excerpt":{"rendered":"<p>Dekoratyvinis fantazijos kardas (ZS964) Dekoratyvinis fantazijos kardas \u012ekv\u0117ptas Tarto kardo Brienne Sost\u0173 \u017eaidim\u0173 serija Plieninis a\u0161menys Metalin\u0117 hilta Plastikas ir<\/p>\n","protected":false},"featured_media":139729,"template":"","meta":{"_acf_changed":false},"product_brand":[],"product_cat":[1312,1247],"product_tag":[],"class_list":{"0":"post-141460","1":"product","2":"type-product","3":"status-publish","4":"has-post-thumbnail","6":"product_cat-kardai","7":"product_cat-kita","9":"first","10":"instock","11":"purchasable","12":"product-type-simple"},"acf":[],"_links":{"self":[{"href":"https:\/\/kingarms.ee\/lt\/wp-json\/wp\/v2\/product\/141460","targetHints":{"allow":["GET"]}}],"collection":[{"href":"https:\/\/kingarms.ee\/lt\/wp-json\/wp\/v2\/product"}],"about":[{"href":"https:\/\/kingarms.ee\/lt\/wp-json\/wp\/v2\/types\/product"}],"wp:featuredmedia":[{"embeddable":true,"href":"https:\/\/kingarms.ee\/lt\/wp-json\/wp\/v2\/media\/139729"}],"wp:attachment":[{"href":"https:\/\/kingarms.ee\/lt\/wp-json\/wp\/v2\/media?parent=141460"}],"wp:term":[{"taxonomy":"product_brand","embeddable":true,"href":"https:\/\/kingarms.ee\/lt\/wp-json\/wp\/v2\/product_brand?post=141460"},{"taxonomy":"product_cat","embeddable":true,"href":"https:\/\/kingarms.ee\/lt\/wp-json\/wp\/v2\/product_cat?post=141460"},{"taxonomy":"product_tag","embeddable":true,"href":"https:\/\/kingarms.ee\/lt\/wp-json\/wp\/v2\/product_tag?post=141460"}],"curies":[{"name":"wp","href":"https:\/\/api.w.org\/{rel}","templated":true}]}}