{"id":141465,"date":"2024-12-06T16:36:47","date_gmt":"2024-12-09T12:47:14","guid":{"rendered":"https:\/\/kingarms.ee\/product\/dekoratyvinis-fantazijos-kardas-zs618\/"},"modified":"2024-12-09T15:47:14","modified_gmt":"2024-12-09T12:47:14","slug":"ornamental-fantasy-sword-zs618","status":"publish","type":"product","link":"https:\/\/kingarms.ee\/lt\/product\/ornamental-fantasy-sword-zs618\/","title":{"rendered":"Dekoratyvinis fantazijos kardas (ZS618)"},"content":{"rendered":"<p>Dekoratyvinis fantazijos kardas (ZS618)<\/p>\n<p>Dekoratyvinis fantazijos kardas<br \/>\n\u012ekv\u0117ptas Genji \u201eMuramasa Sword\u201c<br \/>\n\u201eOverwatch\u201c serija<br \/>\nPlieninis a\u0161menys<br \/>\nMedinis apvalkalas ir rankena<br \/>\nMetalin\u0117 apsauga ir ranken\u0117l\u0117<br \/>\nBendras ilgis 1020 mm (1130 mm su apvalkalu)<br \/>\nA\u0161men\u0173 ilgis 710 mm<br \/>\nSvoris 1530 g (2110 g su apvalkalu)<\/p>\n<p>Ne a\u0161triau ir nery\u0161kus a\u0161menis<br \/>\nPrie\u0161 pirkdami patikrinkite savo \u0161alies reglament\u0105<\/p>\n","protected":false},"excerpt":{"rendered":"<p>Dekoratyvinis fantazijos kardas (ZS618) Dekoratyvinis fantazijos kardas \u012ekv\u0117ptas Genji \u201eMuramasa Sword\u201c \u201eOverwatch\u201c serija Plieninis a\u0161menys Medinis apvalkalas ir rankena Metalin\u0117<\/p>\n","protected":false},"featured_media":139477,"template":"","meta":{"_acf_changed":false},"product_brand":[],"product_cat":[1312,1247],"product_tag":[],"class_list":{"0":"post-141465","1":"product","2":"type-product","3":"status-publish","4":"has-post-thumbnail","6":"product_cat-kardai","7":"product_cat-kita","9":"first","10":"instock","11":"purchasable","12":"product-type-simple"},"acf":[],"_links":{"self":[{"href":"https:\/\/kingarms.ee\/lt\/wp-json\/wp\/v2\/product\/141465","targetHints":{"allow":["GET"]}}],"collection":[{"href":"https:\/\/kingarms.ee\/lt\/wp-json\/wp\/v2\/product"}],"about":[{"href":"https:\/\/kingarms.ee\/lt\/wp-json\/wp\/v2\/types\/product"}],"wp:featuredmedia":[{"embeddable":true,"href":"https:\/\/kingarms.ee\/lt\/wp-json\/wp\/v2\/media\/139477"}],"wp:attachment":[{"href":"https:\/\/kingarms.ee\/lt\/wp-json\/wp\/v2\/media?parent=141465"}],"wp:term":[{"taxonomy":"product_brand","embeddable":true,"href":"https:\/\/kingarms.ee\/lt\/wp-json\/wp\/v2\/product_brand?post=141465"},{"taxonomy":"product_cat","embeddable":true,"href":"https:\/\/kingarms.ee\/lt\/wp-json\/wp\/v2\/product_cat?post=141465"},{"taxonomy":"product_tag","embeddable":true,"href":"https:\/\/kingarms.ee\/lt\/wp-json\/wp\/v2\/product_tag?post=141465"}],"curies":[{"name":"wp","href":"https:\/\/api.w.org\/{rel}","templated":true}]}}