{"id":142996,"date":"2022-02-23T17:56:59","date_gmt":"2025-01-06T14:21:18","guid":{"rendered":"https:\/\/kingarms.ee\/product\/optinis-timenas-raudonasis-specialusis-js-taktinis\/"},"modified":"2025-01-06T17:21:18","modified_gmt":"2025-01-06T14:21:18","slug":"optines-asies-raudonos-kodo-js-taktical","status":"publish","type":"product","link":"https:\/\/kingarms.ee\/lt\/product\/optines-asies-raudonos-kodo-js-taktical\/","title":{"rendered":"Optinis timenas + raudonasis specialusis (JS-taktinis)"},"content":{"rendered":"<p><img loading=\"lazy\" decoding=\"async\" class=\"alignnone size-medium wp-image-37757\" src=\"https:\/\/kingarms.ee\/wp-content\/uploads\/2022\/02\/js-tactical-scope-and-red-dot-combo-js-432-hd107-300x300.jpeg\" alt=\"\" width=\"300\" height=\"300\" srcset=\"https:\/\/kingarms.ee\/wp-content\/uploads\/2022\/02\/js-tactical-scope-and-red-dot-combo-js-432-hd107-300x300.jpeg 300w, https:\/\/kingarms.ee\/wp-content\/uploads\/2022\/02\/js-tactical-scope-and-red-dot-combo-js-432-hd107-150x150.jpeg 150w, https:\/\/kingarms.ee\/wp-content\/uploads\/2022\/02\/js-tactical-scope-and-red-dot-combo-js-432-hd107-500x500.jpeg 500w, https:\/\/kingarms.ee\/wp-content\/uploads\/2022\/02\/js-tactical-scope-and-red-dot-combo-js-432-hd107.jpeg 600w\" sizes=\"auto, (max-width: 300px) 100vw, 300px\" \/><\/p>\n","protected":false},"excerpt":{"rendered":"<p>Optinis timenas + raudonasis specialusis (JS-taktinis)<\/p>\n<p>Padid\u0117j\u0119s taikinys + raudonas ta\u0161kas (rinkinys)<br \/>\nTaikymo sritis: su 4x mastelio keitimu su 32 mm objektyvu ir raudonojo ta\u0161ko kry\u017eiumi (5 intensyvumo lygiai)<br \/>\nRaudonas ta\u0161kas 22 mm ir gali pasirinkti tarp raudon\u0173 ir \u017eali\u0173 ta\u0161k\u0173.<br \/>\nTinka 22 mm autobusui (RIS)<\/p>\n<p>Gamintojas: JS taktinis<\/p>\n","protected":false},"featured_media":115440,"template":"","meta":{"_acf_changed":false},"product_brand":[],"product_cat":[1205],"product_tag":[],"class_list":{"0":"post-142996","1":"product","2":"type-product","3":"status-publish","4":"has-post-thumbnail","6":"product_cat-vaizdai-lt","8":"first","9":"onbackorder","10":"taxable","11":"shipping-taxable","12":"product-type-simple"},"acf":[],"_links":{"self":[{"href":"https:\/\/kingarms.ee\/lt\/wp-json\/wp\/v2\/product\/142996","targetHints":{"allow":["GET"]}}],"collection":[{"href":"https:\/\/kingarms.ee\/lt\/wp-json\/wp\/v2\/product"}],"about":[{"href":"https:\/\/kingarms.ee\/lt\/wp-json\/wp\/v2\/types\/product"}],"wp:featuredmedia":[{"embeddable":true,"href":"https:\/\/kingarms.ee\/lt\/wp-json\/wp\/v2\/media\/115440"}],"wp:attachment":[{"href":"https:\/\/kingarms.ee\/lt\/wp-json\/wp\/v2\/media?parent=142996"}],"wp:term":[{"taxonomy":"product_brand","embeddable":true,"href":"https:\/\/kingarms.ee\/lt\/wp-json\/wp\/v2\/product_brand?post=142996"},{"taxonomy":"product_cat","embeddable":true,"href":"https:\/\/kingarms.ee\/lt\/wp-json\/wp\/v2\/product_cat?post=142996"},{"taxonomy":"product_tag","embeddable":true,"href":"https:\/\/kingarms.ee\/lt\/wp-json\/wp\/v2\/product_tag?post=142996"}],"curies":[{"name":"wp","href":"https:\/\/api.w.org\/{rel}","templated":true}]}}