{"id":143008,"date":"2022-02-22T17:32:10","date_gmt":"2025-01-06T14:23:30","guid":{"rendered":"https:\/\/kingarms.ee\/product\/pradekite-pistoleta-magnum-380-9mm-bruni\/"},"modified":"2025-01-06T17:23:30","modified_gmt":"2025-01-06T14:23:30","slug":"revolver-magnum-380-9mm-bruni-2","status":"publish","type":"product","link":"https:\/\/kingarms.ee\/lt\/product\/revolver-magnum-380-9mm-bruni-2\/","title":{"rendered":"Prad\u0117kite pistolet\u0105 \u201eMagnum 380 9mm\u201c (Bruni)"},"content":{"rendered":"<p><img loading=\"lazy\" decoding=\"async\" class=\"alignnone size-medium wp-image-37568\" src=\"https:\/\/kingarms.ee\/wp-content\/uploads\/2022\/02\/WSA-Knall-chrom-quer-08-2015-300x200.jpeg\" alt=\"\" width=\"300\" height=\"200\" srcset=\"https:\/\/kingarms.ee\/wp-content\/uploads\/2022\/02\/WSA-Knall-chrom-quer-08-2015-300x200.jpeg 300w, https:\/\/kingarms.ee\/wp-content\/uploads\/2022\/02\/WSA-Knall-chrom-quer-08-2015-1024x682.jpeg 1024w, https:\/\/kingarms.ee\/wp-content\/uploads\/2022\/02\/WSA-Knall-chrom-quer-08-2015-768x512.jpeg 768w, https:\/\/kingarms.ee\/wp-content\/uploads\/2022\/02\/WSA-Knall-chrom-quer-08-2015-500x333.jpeg 500w, https:\/\/kingarms.ee\/wp-content\/uploads\/2022\/02\/WSA-Knall-chrom-quer-08-2015-150x100.jpeg 150w, https:\/\/kingarms.ee\/wp-content\/uploads\/2022\/02\/WSA-Knall-chrom-quer-08-2015.jpeg 1400w\" sizes=\"auto, (max-width: 300px) 100vw, 300px\" \/><\/p>\n","protected":false},"excerpt":{"rendered":"<p>Pradinis pistoletas \u201eMagnum 380 9mm\u201c (\u201eBruni\u201c) \u0160is patikimas ir patvarus Brun&#8217;o tu\u0161\u010dias \u0161audymo revolveris atrodo kaip autenti\u0161kas \u201eUnited 1873\u201c revolveris. Atsisi\u0173skite tu\u0161\u010dias kasetes per b\u016bgn\u0105 ir atmeskite plaktuk\u0105 \u0161audymui. D\u0117klo t\u016bris: 6 kaset\u0117s<br \/>\n380 kalibras (9 mm)<br \/>\nMedin\u0117 rankena<br \/>\nIlgis 272 mm<br \/>\nSvoris 950 g<\/p>\n","protected":false},"featured_media":152694,"template":"","meta":{"_acf_changed":false},"product_brand":[],"product_cat":[1148],"product_tag":[],"class_list":{"0":"post-143008","1":"product","2":"type-product","3":"status-publish","4":"has-post-thumbnail","6":"product_cat-pradedantys-pistoletai","8":"first","9":"instock","10":"taxable","11":"shipping-taxable","12":"purchasable","13":"product-type-simple"},"acf":[],"_links":{"self":[{"href":"https:\/\/kingarms.ee\/lt\/wp-json\/wp\/v2\/product\/143008","targetHints":{"allow":["GET"]}}],"collection":[{"href":"https:\/\/kingarms.ee\/lt\/wp-json\/wp\/v2\/product"}],"about":[{"href":"https:\/\/kingarms.ee\/lt\/wp-json\/wp\/v2\/types\/product"}],"wp:featuredmedia":[{"embeddable":true,"href":"https:\/\/kingarms.ee\/lt\/wp-json\/wp\/v2\/media\/152694"}],"wp:attachment":[{"href":"https:\/\/kingarms.ee\/lt\/wp-json\/wp\/v2\/media?parent=143008"}],"wp:term":[{"taxonomy":"product_brand","embeddable":true,"href":"https:\/\/kingarms.ee\/lt\/wp-json\/wp\/v2\/product_brand?post=143008"},{"taxonomy":"product_cat","embeddable":true,"href":"https:\/\/kingarms.ee\/lt\/wp-json\/wp\/v2\/product_cat?post=143008"},{"taxonomy":"product_tag","embeddable":true,"href":"https:\/\/kingarms.ee\/lt\/wp-json\/wp\/v2\/product_tag?post=143008"}],"curies":[{"name":"wp","href":"https:\/\/api.w.org\/{rel}","templated":true}]}}