{"id":143010,"date":"2022-02-22T18:59:13","date_gmt":"2025-01-06T14:23:31","guid":{"rendered":"https:\/\/kingarms.ee\/product\/katana-wakizashi-tanto-rinkinys-jl029set-rosso\/"},"modified":"2025-01-06T17:23:31","modified_gmt":"2025-01-06T14:23:31","slug":"katana-wakizashi-tanto-rinkinys","status":"publish","type":"product","link":"https:\/\/kingarms.ee\/lt\/product\/katana-wakizashi-tanto-rinkinys\/","title":{"rendered":"Katana \/ Wakizashi \/ Tanto rinkinys (JL029SET ROSSO)"},"content":{"rendered":"<p><img loading=\"lazy\" decoding=\"async\" class=\"alignnone size-medium wp-image-37611\" src=\"https:\/\/kingarms.ee\/wp-content\/uploads\/2022\/02\/ornamental-set-katana-wakizashi-tanto-jl029-set-rosso-300x300.jpeg\" alt=\"\" width=\"300\" height=\"300\" srcset=\"https:\/\/kingarms.ee\/wp-content\/uploads\/2022\/02\/ornamental-set-katana-wakizashi-tanto-jl029-set-rosso-300x300.jpeg 300w, https:\/\/kingarms.ee\/wp-content\/uploads\/2022\/02\/ornamental-set-katana-wakizashi-tanto-jl029-set-rosso-150x150.jpeg 150w, https:\/\/kingarms.ee\/wp-content\/uploads\/2022\/02\/ornamental-set-katana-wakizashi-tanto-jl029-set-rosso-768x768.jpeg 768w, https:\/\/kingarms.ee\/wp-content\/uploads\/2022\/02\/ornamental-set-katana-wakizashi-tanto-jl029-set-rosso-500x500.jpeg 500w, https:\/\/kingarms.ee\/wp-content\/uploads\/2022\/02\/ornamental-set-katana-wakizashi-tanto-jl029-set-rosso.jpeg 1000w\" sizes=\"auto, (max-width: 300px) 100vw, 300px\" \/><\/p>\n","protected":false},"excerpt":{"rendered":"<p>Katana \/ Wakizashi \/ Tanto rinkinys (JL029SET ROSSO)<br \/>\n\u201eKatana\u201c bendras ilgis 100 cm (a\u0161men\u0173 ilgis 65 cm)<br \/>\n\u201eWakizash\u201c bendras ilgis 78 cm (a\u0161men\u0173 ilgis 45 cm)<br \/>\n\u201eTanto\u201c bendras ilgis 55 cm (a\u0161men\u0173 ilgis 25 cm)<br \/>\nTvarkyti<br \/>\nPridedama bazin\u0117 plok\u0161t\u0117<br \/>\nSpalva: raudona\/juoda<\/p>\n","protected":false},"featured_media":115404,"template":"","meta":{"_acf_changed":false},"product_brand":[],"product_cat":[1271],"product_tag":[],"class_list":{"0":"post-143010","1":"product","2":"type-product","3":"status-publish","4":"has-post-thumbnail","6":"product_cat-katana-tanto-lt","8":"first","9":"onbackorder","10":"taxable","11":"shipping-taxable","12":"product-type-simple"},"acf":[],"_links":{"self":[{"href":"https:\/\/kingarms.ee\/lt\/wp-json\/wp\/v2\/product\/143010","targetHints":{"allow":["GET"]}}],"collection":[{"href":"https:\/\/kingarms.ee\/lt\/wp-json\/wp\/v2\/product"}],"about":[{"href":"https:\/\/kingarms.ee\/lt\/wp-json\/wp\/v2\/types\/product"}],"wp:featuredmedia":[{"embeddable":true,"href":"https:\/\/kingarms.ee\/lt\/wp-json\/wp\/v2\/media\/115404"}],"wp:attachment":[{"href":"https:\/\/kingarms.ee\/lt\/wp-json\/wp\/v2\/media?parent=143010"}],"wp:term":[{"taxonomy":"product_brand","embeddable":true,"href":"https:\/\/kingarms.ee\/lt\/wp-json\/wp\/v2\/product_brand?post=143010"},{"taxonomy":"product_cat","embeddable":true,"href":"https:\/\/kingarms.ee\/lt\/wp-json\/wp\/v2\/product_cat?post=143010"},{"taxonomy":"product_tag","embeddable":true,"href":"https:\/\/kingarms.ee\/lt\/wp-json\/wp\/v2\/product_tag?post=143010"}],"curies":[{"name":"wp","href":"https:\/\/api.w.org\/{rel}","templated":true}]}}