{"id":143014,"date":"2022-02-22T17:22:00","date_gmt":"2025-01-06T14:23:33","guid":{"rendered":"https:\/\/kingarms.ee\/product\/pradeti-pistoleta-p38-8mm-bruni\/"},"modified":"2025-01-06T17:23:33","modified_gmt":"2025-01-06T14:23:33","slug":"p38-8mm-bruni","status":"publish","type":"product","link":"https:\/\/kingarms.ee\/lt\/product\/p38-8mm-bruni\/","title":{"rendered":"Prad\u0117ti pistolet\u0105 P38 8mm (Bruni)"},"content":{"rendered":"<p><img loading=\"lazy\" decoding=\"async\" class=\"alignnone size-medium wp-image-37560\" src=\"https:\/\/kingarms.ee\/wp-content\/uploads\/2022\/02\/image_thumb-300x300.jpeg\" alt=\"\" width=\"300\" height=\"300\" srcset=\"https:\/\/kingarms.ee\/wp-content\/uploads\/2022\/02\/image_thumb-300x300.jpeg 300w, https:\/\/kingarms.ee\/wp-content\/uploads\/2022\/02\/image_thumb-150x150.jpeg 150w, https:\/\/kingarms.ee\/wp-content\/uploads\/2022\/02\/image_thumb-500x500.jpeg 500w, https:\/\/kingarms.ee\/wp-content\/uploads\/2022\/02\/image_thumb.jpeg 700w\" sizes=\"auto, (max-width: 300px) 100vw, 300px\" \/><\/p>\n","protected":false},"excerpt":{"rendered":"<p>Prad\u0117kite pistolet\u0105 P38 8 mm (Bruni) pusiau automatinis pistoletas su 8 mm kalibro. P38 modelis, poliruotas, vienas\/dviej\u0173 veikimas ir saugus dviej\u0173 rank\u0173. Tiekiamas su lagaminu. Funkcijos: 8 mm kalibras<br \/>\nD\u0117klo t\u016bris 10<br \/>\nBendras ilgis: 210 mm<br \/>\nSvoris: 1020 gram\u0173<\/p>\n<p>Produkto garantija 3 metai ir garantijos metu be prie\u017ei\u016bros<\/p>\n","protected":false},"featured_media":152466,"template":"","meta":{"_acf_changed":false},"product_brand":[],"product_cat":[1148],"product_tag":[],"class_list":{"0":"post-143014","1":"product","2":"type-product","3":"status-publish","4":"has-post-thumbnail","6":"product_cat-pradedantys-pistoletai","8":"first","9":"instock","10":"sale","11":"taxable","12":"shipping-taxable","13":"purchasable","14":"product-type-simple"},"acf":[],"_links":{"self":[{"href":"https:\/\/kingarms.ee\/lt\/wp-json\/wp\/v2\/product\/143014","targetHints":{"allow":["GET"]}}],"collection":[{"href":"https:\/\/kingarms.ee\/lt\/wp-json\/wp\/v2\/product"}],"about":[{"href":"https:\/\/kingarms.ee\/lt\/wp-json\/wp\/v2\/types\/product"}],"wp:featuredmedia":[{"embeddable":true,"href":"https:\/\/kingarms.ee\/lt\/wp-json\/wp\/v2\/media\/152466"}],"wp:attachment":[{"href":"https:\/\/kingarms.ee\/lt\/wp-json\/wp\/v2\/media?parent=143014"}],"wp:term":[{"taxonomy":"product_brand","embeddable":true,"href":"https:\/\/kingarms.ee\/lt\/wp-json\/wp\/v2\/product_brand?post=143014"},{"taxonomy":"product_cat","embeddable":true,"href":"https:\/\/kingarms.ee\/lt\/wp-json\/wp\/v2\/product_cat?post=143014"},{"taxonomy":"product_tag","embeddable":true,"href":"https:\/\/kingarms.ee\/lt\/wp-json\/wp\/v2\/product_tag?post=143014"}],"curies":[{"name":"wp","href":"https:\/\/api.w.org\/{rel}","templated":true}]}}