{"id":143021,"date":"2022-02-15T18:35:02","date_gmt":"2022-02-15T15:35:02","guid":{"rendered":"https:\/\/kingarms.ee\/product\/pcp-ginklu-rankinis-siurblys-borner\/"},"modified":"2025-01-06T17:25:55","modified_gmt":"2025-01-06T14:25:55","slug":"pcp-weapon-pump-borner-2","status":"publish","type":"product","link":"https:\/\/kingarms.ee\/lt\/product\/pcp-weapon-pump-borner-2\/","title":{"rendered":"PCP ginkl\u0173 rankinis siurblys (\u201eBorner\u201c)"},"content":{"rendered":"<p><img loading=\"lazy\" decoding=\"async\" class=\"alignnone size-medium wp-image-36991\" src=\"https:\/\/kingarms.ee\/wp-content\/uploads\/2022\/02\/nasos-remington-k-vintovkam-pcp-chernyy-1-300x244.jpeg\" alt=\"\" width=\"300\" height=\"244\" srcset=\"https:\/\/kingarms.ee\/wp-content\/uploads\/2022\/02\/nasos-remington-k-vintovkam-pcp-chernyy-1-300x244.jpeg 300w, https:\/\/kingarms.ee\/wp-content\/uploads\/2022\/02\/nasos-remington-k-vintovkam-pcp-chernyy-1-1024x832.jpeg 1024w, https:\/\/kingarms.ee\/wp-content\/uploads\/2022\/02\/nasos-remington-k-vintovkam-pcp-chernyy-1-768x624.jpeg 768w, https:\/\/kingarms.ee\/wp-content\/uploads\/2022\/02\/nasos-remington-k-vintovkam-pcp-chernyy-1-1536x1248.jpeg 1536w, https:\/\/kingarms.ee\/wp-content\/uploads\/2022\/02\/nasos-remington-k-vintovkam-pcp-chernyy-1-2048x1664.jpeg 2048w, https:\/\/kingarms.ee\/wp-content\/uploads\/2022\/02\/nasos-remington-k-vintovkam-pcp-chernyy-1-500x406.jpeg 500w, https:\/\/kingarms.ee\/wp-content\/uploads\/2022\/02\/nasos-remington-k-vintovkam-pcp-chernyy-1-150x122.jpeg 150w\" sizes=\"auto, (max-width: 300px) 100vw, 300px\" \/><\/p>\n","protected":false},"excerpt":{"rendered":"<p>PCP ginkl\u0173 rankinis siurblys (\u201eBorner\u201c)<\/p>\n<p>Gamintojas: \u201eBorner\u201c (JAV \/ Kinija)<br \/>\nManometras: Taip<br \/>\nMaksimalus sl\u0117gis: 310 bar arba 4500 psi<br \/>\nKoj\u0173 atramos: ne -clapping<br \/>\nMed\u017eiaga: ner\u016bdijantis plienas, plastikas<br \/>\nJuodas<br \/>\nIlgis: 630 mm<br \/>\n\u012eranga (?): PCP siurblys, sl\u0117gio matuoklis iki 400 bar\u0173, \u012fdaro \u017earna, gumin\u0117 siurblio rankena, adapteriai, specialus ver\u017eliaraktis, aliejinis rinkinys, atsarginis rinkinys<\/p>\n","protected":false},"featured_media":115339,"template":"","meta":{"_acf_changed":false},"product_brand":[],"product_cat":[1146],"product_tag":[],"class_list":{"0":"post-143021","1":"product","2":"type-product","3":"status-publish","4":"has-post-thumbnail","6":"product_cat-pcp-hpa-lt","8":"first","9":"instock","10":"taxable","11":"shipping-taxable","12":"purchasable","13":"product-type-simple"},"acf":[],"_links":{"self":[{"href":"https:\/\/kingarms.ee\/lt\/wp-json\/wp\/v2\/product\/143021","targetHints":{"allow":["GET"]}}],"collection":[{"href":"https:\/\/kingarms.ee\/lt\/wp-json\/wp\/v2\/product"}],"about":[{"href":"https:\/\/kingarms.ee\/lt\/wp-json\/wp\/v2\/types\/product"}],"wp:featuredmedia":[{"embeddable":true,"href":"https:\/\/kingarms.ee\/lt\/wp-json\/wp\/v2\/media\/115339"}],"wp:attachment":[{"href":"https:\/\/kingarms.ee\/lt\/wp-json\/wp\/v2\/media?parent=143021"}],"wp:term":[{"taxonomy":"product_brand","embeddable":true,"href":"https:\/\/kingarms.ee\/lt\/wp-json\/wp\/v2\/product_brand?post=143021"},{"taxonomy":"product_cat","embeddable":true,"href":"https:\/\/kingarms.ee\/lt\/wp-json\/wp\/v2\/product_cat?post=143021"},{"taxonomy":"product_tag","embeddable":true,"href":"https:\/\/kingarms.ee\/lt\/wp-json\/wp\/v2\/product_tag?post=143021"}],"curies":[{"name":"wp","href":"https:\/\/api.w.org\/{rel}","templated":true}]}}