{"id":143027,"date":"2022-02-14T16:13:48","date_gmt":"2025-01-06T14:27:17","guid":{"rendered":"https:\/\/kingarms.ee\/product\/melynos-dujos-melynos-dujos-nimrod-tactical\/"},"modified":"2025-01-06T17:27:17","modified_gmt":"2025-01-06T14:27:17","slug":"blue-gas-sinine-gaas-nimrod-tactical","status":"publish","type":"product","link":"https:\/\/kingarms.ee\/lt\/product\/blue-gas-sinine-gaas-nimrod-tactical\/","title":{"rendered":"M\u0117lynos dujos &#8211; m\u0117lynos dujos (\u201eNimrod Tactical\u201c)"},"content":{"rendered":"<p><img loading=\"lazy\" decoding=\"async\" class=\"alignnone size-medium wp-image-36898\" src=\"https:\/\/kingarms.ee\/wp-content\/uploads\/2022\/02\/2788921650-300x200.jpeg\" alt=\"\" width=\"300\" height=\"200\" srcset=\"https:\/\/kingarms.ee\/wp-content\/uploads\/2022\/02\/2788921650-300x200.jpeg 300w, https:\/\/kingarms.ee\/wp-content\/uploads\/2022\/02\/2788921650-1024x683.jpeg 1024w, https:\/\/kingarms.ee\/wp-content\/uploads\/2022\/02\/2788921650-768x512.jpeg 768w, https:\/\/kingarms.ee\/wp-content\/uploads\/2022\/02\/2788921650-500x333.jpeg 500w, https:\/\/kingarms.ee\/wp-content\/uploads\/2022\/02\/2788921650-150x100.jpeg 150w, https:\/\/kingarms.ee\/wp-content\/uploads\/2022\/02\/2788921650.jpeg 1200w\" sizes=\"auto, (max-width: 300px) 100vw, 300px\" \/><\/p>\n","protected":false},"excerpt":{"rendered":"<p>M\u0117lynos dujos &#8211; m\u0117lynos dujos (\u201eNimrod Tactical\u201c) Puikios universalios dujos kar\u0161toms vasaros dienoms arba plastikiniams pistoletams \/ neatsiradus. Netinka \u0161alta temperat\u016brai ar sunki\u0173 nes\u0117kming\u0173 pistolet\u0173. Jis turi labai stabil\u0173 duj\u0173 sl\u0117g\u012f, nepaprast\u0105 trajektorijos valdym\u0105 ir tai \u017eymiai padidina j\u016bs\u0173 ginklo na\u0161um\u0105. Sl\u0117gis esant 20 \u00b0 C: 0,8 MPa \/ 116 psi \/ 8 juosta<br \/>\nTalpa: 1000ml<br \/>\nU\u017epildymo kolekcija: 260 g \/ 500ml<\/p>\n","protected":false},"featured_media":115322,"template":"","meta":{"_acf_changed":false},"product_brand":[],"product_cat":[1251],"product_tag":[],"class_list":{"0":"post-143027","1":"product","2":"type-product","3":"status-publish","4":"has-post-thumbnail","6":"product_cat-co2-ir-aliejus","8":"first","9":"instock","10":"taxable","11":"shipping-taxable","12":"purchasable","13":"product-type-simple"},"acf":[],"_links":{"self":[{"href":"https:\/\/kingarms.ee\/lt\/wp-json\/wp\/v2\/product\/143027","targetHints":{"allow":["GET"]}}],"collection":[{"href":"https:\/\/kingarms.ee\/lt\/wp-json\/wp\/v2\/product"}],"about":[{"href":"https:\/\/kingarms.ee\/lt\/wp-json\/wp\/v2\/types\/product"}],"wp:featuredmedia":[{"embeddable":true,"href":"https:\/\/kingarms.ee\/lt\/wp-json\/wp\/v2\/media\/115322"}],"wp:attachment":[{"href":"https:\/\/kingarms.ee\/lt\/wp-json\/wp\/v2\/media?parent=143027"}],"wp:term":[{"taxonomy":"product_brand","embeddable":true,"href":"https:\/\/kingarms.ee\/lt\/wp-json\/wp\/v2\/product_brand?post=143027"},{"taxonomy":"product_cat","embeddable":true,"href":"https:\/\/kingarms.ee\/lt\/wp-json\/wp\/v2\/product_cat?post=143027"},{"taxonomy":"product_tag","embeddable":true,"href":"https:\/\/kingarms.ee\/lt\/wp-json\/wp\/v2\/product_tag?post=143027"}],"curies":[{"name":"wp","href":"https:\/\/api.w.org\/{rel}","templated":true}]}}