{"id":143038,"date":"2022-02-03T13:50:01","date_gmt":"2025-01-06T14:38:22","guid":{"rendered":"https:\/\/kingarms.ee\/product\/tuno-pastas-110g\/"},"modified":"2025-01-06T17:38:22","modified_gmt":"2025-01-06T14:38:22","slug":"tuunikalapasta-110g","status":"publish","type":"product","link":"https:\/\/kingarms.ee\/lt\/product\/tuunikalapasta-110g\/","title":{"rendered":"Tuno pastas 110G"},"content":{"rendered":"<p><img loading=\"lazy\" decoding=\"async\" class=\"alignnone size-medium wp-image-36287\" src=\"https:\/\/kingarms.ee\/wp-content\/uploads\/2022\/02\/Tuna_Pasta-300x239.png\" alt=\"\" width=\"300\" height=\"239\" srcset=\"https:\/\/kingarms.ee\/wp-content\/uploads\/2022\/02\/Tuna_Pasta-300x239.png 300w, https:\/\/kingarms.ee\/wp-content\/uploads\/2022\/02\/Tuna_Pasta-150x120.png 150w, https:\/\/kingarms.ee\/wp-content\/uploads\/2022\/02\/Tuna_Pasta-500x399.png 500w, https:\/\/kingarms.ee\/wp-content\/uploads\/2022\/02\/Tuna_Pasta-1024x817.png 1024w, https:\/\/kingarms.ee\/wp-content\/uploads\/2022\/02\/Tuna_Pasta-768x613.png 768w, https:\/\/kingarms.ee\/wp-content\/uploads\/2022\/02\/Tuna_Pasta-1536x1225.png 1536w, https:\/\/kingarms.ee\/wp-content\/uploads\/2022\/02\/Tuna_Pasta.png 1798w\" sizes=\"auto, (max-width: 300px) 100vw, 300px\" \/><\/p>\n","protected":false},"excerpt":{"rendered":"<ul>\n<li>Pagaminta i\u0161 Jamie Oliverio patiekal\u0173<\/li>\n<li>Naudojami auk\u0161tos kokyb\u0117s ingredientai<\/li>\n<li>Kremin\u0117 pomidor\u0173 pasta<\/li>\n<li><span lang=\"ET\">Naturaalne ja toodetud Eestis <\/span><\/li>\n<li><span lang=\"ET\">Ei sisalda s\u00e4ilitus- ja lisaaineid<\/span><\/li>\n<li><span lang=\"ET\">Energiasisaldus portsjoni kohta on 500 kcal<\/span><\/li>\n<\/ul>\n<p><strong>Koostisosad:<\/strong><br clear=\"none\">Pasta (50%) (<strong>durumnisujahu<\/strong>, vesi), purustatud tomatid, <strong>tuunikala \u00f5lis<\/strong>(18%), <strong>kalapuljong<\/strong>, rapsi\u00f5li, <strong>k\u00f5va juust<\/strong>, suhkur, t\u0161illi, kaneel, basiilik, pipar, sool. <strong>Tulenevalt tootmisliinist v\u00f5ib toode sisaldada v\u00e4hesel m\u00e4\u00e4ral sellerit ja sinepit.<\/strong><\/p>\n","protected":false},"featured_media":115177,"template":"","meta":{"_acf_changed":false},"product_brand":[],"product_cat":[1272],"product_tag":[],"class_list":{"0":"post-143038","1":"product","2":"type-product","3":"status-publish","4":"has-post-thumbnail","6":"product_cat-taktine-maisto-pakuote","8":"first","9":"instock","10":"taxable","11":"shipping-taxable","12":"purchasable","13":"product-type-simple"},"acf":[],"_links":{"self":[{"href":"https:\/\/kingarms.ee\/lt\/wp-json\/wp\/v2\/product\/143038","targetHints":{"allow":["GET"]}}],"collection":[{"href":"https:\/\/kingarms.ee\/lt\/wp-json\/wp\/v2\/product"}],"about":[{"href":"https:\/\/kingarms.ee\/lt\/wp-json\/wp\/v2\/types\/product"}],"wp:featuredmedia":[{"embeddable":true,"href":"https:\/\/kingarms.ee\/lt\/wp-json\/wp\/v2\/media\/115177"}],"wp:attachment":[{"href":"https:\/\/kingarms.ee\/lt\/wp-json\/wp\/v2\/media?parent=143038"}],"wp:term":[{"taxonomy":"product_brand","embeddable":true,"href":"https:\/\/kingarms.ee\/lt\/wp-json\/wp\/v2\/product_brand?post=143038"},{"taxonomy":"product_cat","embeddable":true,"href":"https:\/\/kingarms.ee\/lt\/wp-json\/wp\/v2\/product_cat?post=143038"},{"taxonomy":"product_tag","embeddable":true,"href":"https:\/\/kingarms.ee\/lt\/wp-json\/wp\/v2\/product_tag?post=143038"}],"curies":[{"name":"wp","href":"https:\/\/api.w.org\/{rel}","templated":true}]}}