{"id":143040,"date":"2022-02-03T13:17:39","date_gmt":"2025-01-06T14:38:25","guid":{"rendered":"https:\/\/kingarms.ee\/product\/traski-muesli-su-braskemis-125g\/"},"modified":"2025-01-06T17:38:25","modified_gmt":"2025-01-06T14:38:25","slug":"krobe-musli-maasikatega-125g","status":"publish","type":"product","link":"https:\/\/kingarms.ee\/lt\/product\/krobe-musli-maasikatega-125g\/","title":{"rendered":"Tra\u0161ki Muesli su bra\u0161k\u0117mis 125G"},"content":{"rendered":"<p><img loading=\"lazy\" decoding=\"async\" class=\"alignnone size-medium wp-image-36258\" src=\"https:\/\/kingarms.ee\/wp-content\/uploads\/2022\/02\/Crunchy_muesli_with_strawberries_adobespark-300x239.png\" alt=\"\" width=\"300\" height=\"239\" srcset=\"https:\/\/kingarms.ee\/wp-content\/uploads\/2022\/02\/Crunchy_muesli_with_strawberries_adobespark-300x239.png 300w, https:\/\/kingarms.ee\/wp-content\/uploads\/2022\/02\/Crunchy_muesli_with_strawberries_adobespark-150x120.png 150w, https:\/\/kingarms.ee\/wp-content\/uploads\/2022\/02\/Crunchy_muesli_with_strawberries_adobespark-500x399.png 500w, https:\/\/kingarms.ee\/wp-content\/uploads\/2022\/02\/Crunchy_muesli_with_strawberries_adobespark-1024x817.png 1024w, https:\/\/kingarms.ee\/wp-content\/uploads\/2022\/02\/Crunchy_muesli_with_strawberries_adobespark-768x613.png 768w, https:\/\/kingarms.ee\/wp-content\/uploads\/2022\/02\/Crunchy_muesli_with_strawberries_adobespark.png 1069w\" sizes=\"auto, (max-width: 300px) 100vw, 300px\" \/><\/p>\n","protected":false},"excerpt":{"rendered":"<ul>\n<li><span lang=\"ET\">\u012e prid\u0117tos skan\u016bs pusry\u010diai su bra\u0161k\u0117mis<\/span><\/li>\n<li><span lang=\"ET\">Gra\u017eiai saldus ir energija -Richas Muesli suteikia pakankamai j\u0117g\u0173, kad gal\u0117t\u0173 prad\u0117ti dien\u0105, kad gal\u0117t\u0173 prad\u0117ti<\/span><\/li>\n<li><span lang=\"ET\">Nat\u016bralus ir pagamintas Estijoje <\/span><\/li>\n<li><span lang=\"ET\">N\u0117ra konservant\u0173 ir pried\u0173<\/span><\/li>\n<li><span lang=\"ET\">Energiasisaldus portsjoni kohta on 504 kcal<\/span><\/li>\n<\/ul>\n<p><span lang=\"ET\">Maitsev hommikus\u00f6\u00f6k, millele on lisatud maasikad. M\u00f5nusalt magus ja energiarikas m\u00fcsli annab piisavalt j\u00f5udu p\u00e4eva k\u00e4ima t\u00f5mbamiseks. Toode t\u00e4iesti naturaalne ja Eestimaine, ei sisalda s\u00e4ilitus- ja lisaaineid. Energiasisaldus portsjoni kohta on 504 kcal.   <\/span><\/p>\n<p><strong>Koostisosad:<br \/>\n<\/strong><b>Kaerahelbed (63%), t\u00e4ispiima-pulber, <\/b>suhkrusiirup, maasikalaastud (5%), maasikakontsentraat, vanillisuhkur. <strong>Parim enne<\/strong>: 4 aastat Naudi kui maitsvat hommikus\u00f6\u00f6ki v\u00f5i hoopis muu toidukorra j\u00e4rgselt magustoiduna!<\/p>\n","protected":false},"featured_media":115160,"template":"","meta":{"_acf_changed":false},"product_brand":[],"product_cat":[1272],"product_tag":[],"class_list":{"0":"post-143040","1":"product","2":"type-product","3":"status-publish","4":"has-post-thumbnail","6":"product_cat-taktine-maisto-pakuote","8":"first","9":"instock","10":"taxable","11":"shipping-taxable","12":"purchasable","13":"product-type-simple"},"acf":[],"_links":{"self":[{"href":"https:\/\/kingarms.ee\/lt\/wp-json\/wp\/v2\/product\/143040","targetHints":{"allow":["GET"]}}],"collection":[{"href":"https:\/\/kingarms.ee\/lt\/wp-json\/wp\/v2\/product"}],"about":[{"href":"https:\/\/kingarms.ee\/lt\/wp-json\/wp\/v2\/types\/product"}],"wp:featuredmedia":[{"embeddable":true,"href":"https:\/\/kingarms.ee\/lt\/wp-json\/wp\/v2\/media\/115160"}],"wp:attachment":[{"href":"https:\/\/kingarms.ee\/lt\/wp-json\/wp\/v2\/media?parent=143040"}],"wp:term":[{"taxonomy":"product_brand","embeddable":true,"href":"https:\/\/kingarms.ee\/lt\/wp-json\/wp\/v2\/product_brand?post=143040"},{"taxonomy":"product_cat","embeddable":true,"href":"https:\/\/kingarms.ee\/lt\/wp-json\/wp\/v2\/product_cat?post=143040"},{"taxonomy":"product_tag","embeddable":true,"href":"https:\/\/kingarms.ee\/lt\/wp-json\/wp\/v2\/product_tag?post=143040"}],"curies":[{"name":"wp","href":"https:\/\/api.w.org\/{rel}","templated":true}]}}