{"id":143044,"date":"2022-01-28T12:24:39","date_gmt":"2025-01-06T15:27:08","guid":{"rendered":"https:\/\/kingarms.ee\/product\/pistoleto-lempute-t6\/"},"modified":"2025-01-06T18:27:08","modified_gmt":"2025-01-06T15:27:08","slug":"pistoleto-lempute-t6","status":"publish","type":"product","link":"https:\/\/kingarms.ee\/lt\/product\/pistoleto-lempute-t6\/","title":{"rendered":"Pistoleto lemput\u0117 &#8211; T6"},"content":{"rendered":"<p><img loading=\"lazy\" decoding=\"async\" class=\"alignnone size-full wp-image-73987\" src=\"https:\/\/kingarms.ee\/wp-content\/uploads\/2022\/01\/3754393687_w640_h640_takticheskij-podstvolnyj-fonar.webp\" alt=\"\" width=\"700\" height=\"700\" srcset=\"https:\/\/kingarms.ee\/wp-content\/uploads\/2022\/01\/3754393687_w640_h640_takticheskij-podstvolnyj-fonar.webp 700w, https:\/\/kingarms.ee\/wp-content\/uploads\/2022\/01\/3754393687_w640_h640_takticheskij-podstvolnyj-fonar-300x300.webp 300w, https:\/\/kingarms.ee\/wp-content\/uploads\/2022\/01\/3754393687_w640_h640_takticheskij-podstvolnyj-fonar-150x150.webp 150w, https:\/\/kingarms.ee\/wp-content\/uploads\/2022\/01\/3754393687_w640_h640_takticheskij-podstvolnyj-fonar-500x500.webp 500w\" sizes=\"auto, (max-width: 700px) 100vw, 700px\" \/><\/p>\n","protected":false},"excerpt":{"rendered":"<p>Pistoleto lemput\u0117 &#8211; T6<\/p>\n<p>Galingas LED \u017eibintuv\u0117lis yra pagamintas i\u0161 aliuminio.<\/p>\n<p>Tinka pritvirtinti prie ginklo, virv\u0117s ir \u017eiedo.<\/p>\n<p>\u017dibintuv\u0117lius galima pakrauti i\u0161 ki\u0161tuko.<\/p>\n<p>Tiekiama su akumuliatoriumi ir \u012fkrovikliu.<\/p>\n<p>LED galia 1350 liumen\u0173<\/p>\n<p>Ilgis 12,5 cm<\/p>\n","protected":false},"featured_media":127005,"template":"","meta":{"_acf_changed":false},"product_brand":[],"product_cat":[1265],"product_tag":[],"class_list":{"0":"post-143044","1":"product","2":"type-product","3":"status-publish","4":"has-post-thumbnail","6":"product_cat-airsoft-zibintuveliai","8":"first","9":"instock","10":"taxable","11":"shipping-taxable","12":"purchasable","13":"product-type-simple"},"acf":[],"_links":{"self":[{"href":"https:\/\/kingarms.ee\/lt\/wp-json\/wp\/v2\/product\/143044","targetHints":{"allow":["GET"]}}],"collection":[{"href":"https:\/\/kingarms.ee\/lt\/wp-json\/wp\/v2\/product"}],"about":[{"href":"https:\/\/kingarms.ee\/lt\/wp-json\/wp\/v2\/types\/product"}],"wp:featuredmedia":[{"embeddable":true,"href":"https:\/\/kingarms.ee\/lt\/wp-json\/wp\/v2\/media\/127005"}],"wp:attachment":[{"href":"https:\/\/kingarms.ee\/lt\/wp-json\/wp\/v2\/media?parent=143044"}],"wp:term":[{"taxonomy":"product_brand","embeddable":true,"href":"https:\/\/kingarms.ee\/lt\/wp-json\/wp\/v2\/product_brand?post=143044"},{"taxonomy":"product_cat","embeddable":true,"href":"https:\/\/kingarms.ee\/lt\/wp-json\/wp\/v2\/product_cat?post=143044"},{"taxonomy":"product_tag","embeddable":true,"href":"https:\/\/kingarms.ee\/lt\/wp-json\/wp\/v2\/product_tag?post=143044"}],"curies":[{"name":"wp","href":"https:\/\/api.w.org\/{rel}","templated":true}]}}