{"id":143045,"date":"2022-01-28T12:39:43","date_gmt":"2025-01-06T15:27:09","guid":{"rendered":"https:\/\/kingarms.ee\/product\/led-zibintuvelis-ortex\/"},"modified":"2025-01-06T18:27:09","modified_gmt":"2025-01-06T15:27:09","slug":"led-kisenes-lempa","status":"publish","type":"product","link":"https:\/\/kingarms.ee\/lt\/product\/led-kisenes-lempa\/","title":{"rendered":"LED \u017eibintuv\u0117lis (\u201eOrtex\u201c)"},"content":{"rendered":"<p><img loading=\"lazy\" decoding=\"async\" class=\"alignnone size-medium wp-image-36043\" src=\"https:\/\/kingarms.ee\/wp-content\/uploads\/2022\/01\/272233171_2472751789525599_3624692150916977245_n-300x225.jpeg\" alt=\"\" width=\"300\" height=\"225\" srcset=\"https:\/\/kingarms.ee\/wp-content\/uploads\/2022\/01\/272233171_2472751789525599_3624692150916977245_n-rotated-300x225.jpeg 300w, https:\/\/kingarms.ee\/wp-content\/uploads\/2022\/01\/272233171_2472751789525599_3624692150916977245_n-rotated-150x113.jpeg 150w, https:\/\/kingarms.ee\/wp-content\/uploads\/2022\/01\/272233171_2472751789525599_3624692150916977245_n-rotated-500x375.jpeg 500w, https:\/\/kingarms.ee\/wp-content\/uploads\/2022\/01\/272233171_2472751789525599_3624692150916977245_n-1024x768.jpeg 1024w, https:\/\/kingarms.ee\/wp-content\/uploads\/2022\/01\/272233171_2472751789525599_3624692150916977245_n-768x576.jpeg 768w, https:\/\/kingarms.ee\/wp-content\/uploads\/2022\/01\/272233171_2472751789525599_3624692150916977245_n-1536x1152.jpeg 1536w, https:\/\/kingarms.ee\/wp-content\/uploads\/2022\/01\/272233171_2472751789525599_3624692150916977245_n-600x450.jpeg 600w, https:\/\/kingarms.ee\/wp-content\/uploads\/2022\/01\/272233171_2472751789525599_3624692150916977245_n-rotated.jpeg 2048w\" sizes=\"auto, (max-width: 300px) 100vw, 300px\" \/><\/p>\n","protected":false},"excerpt":{"rendered":"<p>LED \u017eibintuv\u0117lis (\u201eOrtex\u201c)<\/p>\n<p>Galingas LED \u017eibintuv\u0117lis yra pagamintas i\u0161 aliuminio.<\/p>\n<p>\u017dibintuv\u0117lius galima pakrauti i\u0161 ki\u0161tuko.<\/p>\n<p>Tiekiama su akumuliatoriumi ir \u012fkrovikliu.<\/p>\n<p>LED galia 1800 liumen\u0173<\/p>\n<p>Ilgis 16,5 cm<\/p>\n","protected":false},"featured_media":115108,"template":"","meta":{"_acf_changed":false},"product_brand":[],"product_cat":[1265],"product_tag":[],"class_list":{"0":"post-143045","1":"product","2":"type-product","3":"status-publish","4":"has-post-thumbnail","6":"product_cat-airsoft-zibintuveliai","8":"first","9":"instock","10":"taxable","11":"shipping-taxable","12":"purchasable","13":"product-type-simple"},"acf":[],"_links":{"self":[{"href":"https:\/\/kingarms.ee\/lt\/wp-json\/wp\/v2\/product\/143045","targetHints":{"allow":["GET"]}}],"collection":[{"href":"https:\/\/kingarms.ee\/lt\/wp-json\/wp\/v2\/product"}],"about":[{"href":"https:\/\/kingarms.ee\/lt\/wp-json\/wp\/v2\/types\/product"}],"wp:featuredmedia":[{"embeddable":true,"href":"https:\/\/kingarms.ee\/lt\/wp-json\/wp\/v2\/media\/115108"}],"wp:attachment":[{"href":"https:\/\/kingarms.ee\/lt\/wp-json\/wp\/v2\/media?parent=143045"}],"wp:term":[{"taxonomy":"product_brand","embeddable":true,"href":"https:\/\/kingarms.ee\/lt\/wp-json\/wp\/v2\/product_brand?post=143045"},{"taxonomy":"product_cat","embeddable":true,"href":"https:\/\/kingarms.ee\/lt\/wp-json\/wp\/v2\/product_cat?post=143045"},{"taxonomy":"product_tag","embeddable":true,"href":"https:\/\/kingarms.ee\/lt\/wp-json\/wp\/v2\/product_tag?post=143045"}],"curies":[{"name":"wp","href":"https:\/\/api.w.org\/{rel}","templated":true}]}}