{"id":143059,"date":"2022-01-28T12:13:36","date_gmt":"2025-01-06T15:27:13","guid":{"rendered":"https:\/\/kingarms.ee\/product\/led-zibintuvelis-swat\/"},"modified":"2025-01-06T18:27:13","modified_gmt":"2025-01-06T15:27:13","slug":"led-kisenine-lempute","status":"publish","type":"product","link":"https:\/\/kingarms.ee\/lt\/product\/led-kisenine-lempute\/","title":{"rendered":"LED \u017eibintuv\u0117lis (SWAT)"},"content":{"rendered":"<p><img loading=\"lazy\" decoding=\"async\" class=\"alignnone size-medium wp-image-35990\" src=\"https:\/\/kingarms.ee\/wp-content\/uploads\/2022\/01\/271818260_296997319070250_916725723785621334_n-300x225.jpeg\" alt=\"\" width=\"300\" height=\"225\" srcset=\"https:\/\/kingarms.ee\/wp-content\/uploads\/2022\/01\/271818260_296997319070250_916725723785621334_n-300x225.jpeg 300w, https:\/\/kingarms.ee\/wp-content\/uploads\/2022\/01\/271818260_296997319070250_916725723785621334_n-150x113.jpeg 150w, https:\/\/kingarms.ee\/wp-content\/uploads\/2022\/01\/271818260_296997319070250_916725723785621334_n-500x375.jpeg 500w, https:\/\/kingarms.ee\/wp-content\/uploads\/2022\/01\/271818260_296997319070250_916725723785621334_n-1024x768.jpeg 1024w, https:\/\/kingarms.ee\/wp-content\/uploads\/2022\/01\/271818260_296997319070250_916725723785621334_n-768x576.jpeg 768w, https:\/\/kingarms.ee\/wp-content\/uploads\/2022\/01\/271818260_296997319070250_916725723785621334_n-1536x1152.jpeg 1536w, https:\/\/kingarms.ee\/wp-content\/uploads\/2022\/01\/271818260_296997319070250_916725723785621334_n-600x450.jpeg 600w, https:\/\/kingarms.ee\/wp-content\/uploads\/2022\/01\/271818260_296997319070250_916725723785621334_n.jpeg 2048w\" sizes=\"auto, (max-width: 300px) 100vw, 300px\" \/><\/p>\n","protected":false},"excerpt":{"rendered":"<p>LED \u017eibintuv\u0117lis (SWAT)<\/p>\n<p>Galingas LED \u017eibintuv\u0117lis yra pagamintas i\u0161 plastiko ir aliuminio.<\/p>\n<p>Vaie\u0161k\u0105 galima \u012fkelti i\u0161 12 V ki\u0161tuko arba 24 V nam\u0173 ki\u0161tuko.<\/p>\n<p>Tiekiama su akumuliatoriumi ir \u012fkrovikliu.<\/p>\n<p>LED galia 500 liumen\u0173<\/p>\n<p>Ilgis 15 cm<\/p>\n","protected":false},"featured_media":115092,"template":"","meta":{"_acf_changed":false},"product_brand":[],"product_cat":[1265],"product_tag":[],"class_list":{"0":"post-143059","1":"product","2":"type-product","3":"status-publish","4":"has-post-thumbnail","6":"product_cat-airsoft-zibintuveliai","8":"first","9":"onbackorder","10":"taxable","11":"shipping-taxable","12":"product-type-simple"},"acf":[],"_links":{"self":[{"href":"https:\/\/kingarms.ee\/lt\/wp-json\/wp\/v2\/product\/143059","targetHints":{"allow":["GET"]}}],"collection":[{"href":"https:\/\/kingarms.ee\/lt\/wp-json\/wp\/v2\/product"}],"about":[{"href":"https:\/\/kingarms.ee\/lt\/wp-json\/wp\/v2\/types\/product"}],"wp:featuredmedia":[{"embeddable":true,"href":"https:\/\/kingarms.ee\/lt\/wp-json\/wp\/v2\/media\/115092"}],"wp:attachment":[{"href":"https:\/\/kingarms.ee\/lt\/wp-json\/wp\/v2\/media?parent=143059"}],"wp:term":[{"taxonomy":"product_brand","embeddable":true,"href":"https:\/\/kingarms.ee\/lt\/wp-json\/wp\/v2\/product_brand?post=143059"},{"taxonomy":"product_cat","embeddable":true,"href":"https:\/\/kingarms.ee\/lt\/wp-json\/wp\/v2\/product_cat?post=143059"},{"taxonomy":"product_tag","embeddable":true,"href":"https:\/\/kingarms.ee\/lt\/wp-json\/wp\/v2\/product_tag?post=143059"}],"curies":[{"name":"wp","href":"https:\/\/api.w.org\/{rel}","templated":true}]}}