{"id":143089,"date":"2022-01-19T13:21:11","date_gmt":"2025-01-06T15:44:27","guid":{"rendered":"https:\/\/kingarms.ee\/product\/m300a-zibintuvelis-naktine-evoliucija\/"},"modified":"2025-01-06T18:44:27","modified_gmt":"2025-01-06T15:44:27","slug":"m300a-taskulamp-night-evolution","status":"publish","type":"product","link":"https:\/\/kingarms.ee\/lt\/product\/m300a-taskulamp-night-evolution\/","title":{"rendered":"M300A \u017eibintuv\u0117lis (naktin\u0117 evoliucija)"},"content":{"rendered":"<p><img loading=\"lazy\" decoding=\"async\" class=\"alignnone size-medium wp-image-35286\" src=\"https:\/\/kingarms.ee\/wp-content\/uploads\/2022\/01\/night-evolution-m300b-mini-scout-weaponlight-300x300.jpeg\" alt=\"\" width=\"300\" height=\"300\" srcset=\"https:\/\/kingarms.ee\/wp-content\/uploads\/2022\/01\/night-evolution-m300b-mini-scout-weaponlight-300x300.jpeg 300w, https:\/\/kingarms.ee\/wp-content\/uploads\/2022\/01\/night-evolution-m300b-mini-scout-weaponlight-150x150.jpeg 150w, https:\/\/kingarms.ee\/wp-content\/uploads\/2022\/01\/night-evolution-m300b-mini-scout-weaponlight-500x500.jpeg 500w, https:\/\/kingarms.ee\/wp-content\/uploads\/2022\/01\/night-evolution-m300b-mini-scout-weaponlight-768x768.jpeg 768w, https:\/\/kingarms.ee\/wp-content\/uploads\/2022\/01\/night-evolution-m300b-mini-scout-weaponlight.jpeg 800w\" sizes=\"auto, (max-width: 300px) 100vw, 300px\" \/><\/p>\n","protected":false},"excerpt":{"rendered":"<p>\u201eM300A Flighlight M300 Mini Scout\u201c yra galingas ir lengvas \u017eibintuv\u0117lis, pritvirtintas prie ginklo, maitinamas viena 123A li\u010dio baterija su prakti\u0161kai destruktyviu LED, sukuriant 500 liumen\u0173, sutelkt\u0105 \u012f greit\u0105 ir greit\u0105 greit\u0105 ir greit\u0105 greit\u0105 greit\u0105. netoliese esan\u010dioms ir vidurio \u0161alims.<\/p>\n","protected":false},"featured_media":114960,"template":"","meta":{"_acf_changed":false},"product_brand":[],"product_cat":[1173],"product_tag":[],"class_list":{"0":"post-143089","1":"product","2":"type-product","3":"status-publish","4":"has-post-thumbnail","6":"product_cat-zibintuvelis","8":"first","9":"instock","10":"taxable","11":"shipping-taxable","12":"purchasable","13":"product-type-simple"},"acf":[],"_links":{"self":[{"href":"https:\/\/kingarms.ee\/lt\/wp-json\/wp\/v2\/product\/143089","targetHints":{"allow":["GET"]}}],"collection":[{"href":"https:\/\/kingarms.ee\/lt\/wp-json\/wp\/v2\/product"}],"about":[{"href":"https:\/\/kingarms.ee\/lt\/wp-json\/wp\/v2\/types\/product"}],"wp:featuredmedia":[{"embeddable":true,"href":"https:\/\/kingarms.ee\/lt\/wp-json\/wp\/v2\/media\/114960"}],"wp:attachment":[{"href":"https:\/\/kingarms.ee\/lt\/wp-json\/wp\/v2\/media?parent=143089"}],"wp:term":[{"taxonomy":"product_brand","embeddable":true,"href":"https:\/\/kingarms.ee\/lt\/wp-json\/wp\/v2\/product_brand?post=143089"},{"taxonomy":"product_cat","embeddable":true,"href":"https:\/\/kingarms.ee\/lt\/wp-json\/wp\/v2\/product_cat?post=143089"},{"taxonomy":"product_tag","embeddable":true,"href":"https:\/\/kingarms.ee\/lt\/wp-json\/wp\/v2\/product_tag?post=143089"}],"curies":[{"name":"wp","href":"https:\/\/api.w.org\/{rel}","templated":true}]}}