{"id":143091,"date":"2022-01-19T13:32:14","date_gmt":"2025-01-06T15:44:28","guid":{"rendered":"https:\/\/kingarms.ee\/product\/mt1a-zibintuvelis-nitecore\/"},"modified":"2025-01-06T18:44:28","modified_gmt":"2025-01-06T15:44:28","slug":"mt1a-taskulamp-nitecore","status":"publish","type":"product","link":"https:\/\/kingarms.ee\/lt\/product\/mt1a-taskulamp-nitecore\/","title":{"rendered":"MT1A \u017eibintuv\u0117lis (\u201eNitecore\u201c)"},"content":{"rendered":"<p><img loading=\"lazy\" decoding=\"async\" class=\"alignnone size-medium wp-image-35306\" src=\"https:\/\/kingarms.ee\/wp-content\/uploads\/2022\/01\/MT1A-Multi-Task-Nitecore-am14854large1-300x210.png\" alt=\"\" width=\"300\" height=\"210\" srcset=\"https:\/\/kingarms.ee\/wp-content\/uploads\/2022\/01\/MT1A-Multi-Task-Nitecore-am14854large1-300x210.png 300w, https:\/\/kingarms.ee\/wp-content\/uploads\/2022\/01\/MT1A-Multi-Task-Nitecore-am14854large1-150x105.png 150w, https:\/\/kingarms.ee\/wp-content\/uploads\/2022\/01\/MT1A-Multi-Task-Nitecore-am14854large1-500x350.png 500w, https:\/\/kingarms.ee\/wp-content\/uploads\/2022\/01\/MT1A-Multi-Task-Nitecore-am14854large1-1024x717.png 1024w, https:\/\/kingarms.ee\/wp-content\/uploads\/2022\/01\/MT1A-Multi-Task-Nitecore-am14854large1-768x538.png 768w, https:\/\/kingarms.ee\/wp-content\/uploads\/2022\/01\/MT1A-Multi-Task-Nitecore-am14854large1.png 1400w\" sizes=\"auto, (max-width: 300px) 100vw, 300px\" \/><\/p>\n","protected":false},"excerpt":{"rendered":"<p>\u201ePremium\u201c \u017eibintuv\u0117lio specifikacijos<br \/>\nMaksimali \u0161viesos galia iki 180 liumen\u0173<br \/>\nMaksimalus darbo laikas iki 60 valand\u0173<br \/>\nDu lengvai kei\u010diami re\u017eimai<br \/>\nVartotojo apibr\u0117\u017etas re\u017eimas leid\u017eia pasirinkti tarp 3 ry\u0161kumo lygi\u0173 ir \u201eStrobe\u201c arba \u201eSOS\u201c<br \/>\nI\u0161mintinga atminties funkcija<br \/>\nAnti -valdymo dizainas<br \/>\nPrie\u0161ingo poli\u0161kumo apsauga<br \/>\nSukiet\u0117j\u0119s mineralinio stiklo anti -refleksija<br \/>\nAliuminio at\u0161vaitas u\u017etikrina skland\u0173 ir galing\u0105 sij\u0105<br \/>\nOrlaivi\u0173 klas\u0117s aliuminio lydinys<br \/>\nHaiiii karin\u0117 klas\u0117 sunkiai anoduota<br \/>\nNuimamas dviej\u0173 pusi\u0173 anti -roll spaustukas<br \/>\nDeimanto formos \u017eiev\u0117s tikslais, kad b\u016bt\u0173 geriau sukib\u0119s<br \/>\nANSI IPX-8 Standartinis vandeniui atspari, panardintas \u012f dviej\u0173 metr\u0173 gyl\u012f<\/p>\n<p>Valguse tasemed \u2013 t\u00f6\u00f6ajad<br \/>\nTurbo 180 luumenit &#8211; 1,5 tundi<br \/>\nK\u00f5rge 55 luumenit &#8211; 5,5 tundi<br \/>\nKeskmine 22 luumenit &#8211; 18 tundi<br \/>\nMadal 5 luumenit &#8211; 60 tundi<\/p>\n","protected":false},"featured_media":114966,"template":"","meta":{"_acf_changed":false},"product_brand":[],"product_cat":[1173],"product_tag":[],"class_list":{"0":"post-143091","1":"product","2":"type-product","3":"status-publish","4":"has-post-thumbnail","6":"product_cat-zibintuvelis","8":"first","9":"instock","10":"taxable","11":"shipping-taxable","12":"purchasable","13":"product-type-simple"},"acf":[],"_links":{"self":[{"href":"https:\/\/kingarms.ee\/lt\/wp-json\/wp\/v2\/product\/143091","targetHints":{"allow":["GET"]}}],"collection":[{"href":"https:\/\/kingarms.ee\/lt\/wp-json\/wp\/v2\/product"}],"about":[{"href":"https:\/\/kingarms.ee\/lt\/wp-json\/wp\/v2\/types\/product"}],"wp:featuredmedia":[{"embeddable":true,"href":"https:\/\/kingarms.ee\/lt\/wp-json\/wp\/v2\/media\/114966"}],"wp:attachment":[{"href":"https:\/\/kingarms.ee\/lt\/wp-json\/wp\/v2\/media?parent=143091"}],"wp:term":[{"taxonomy":"product_brand","embeddable":true,"href":"https:\/\/kingarms.ee\/lt\/wp-json\/wp\/v2\/product_brand?post=143091"},{"taxonomy":"product_cat","embeddable":true,"href":"https:\/\/kingarms.ee\/lt\/wp-json\/wp\/v2\/product_cat?post=143091"},{"taxonomy":"product_tag","embeddable":true,"href":"https:\/\/kingarms.ee\/lt\/wp-json\/wp\/v2\/product_tag?post=143091"}],"curies":[{"name":"wp","href":"https:\/\/api.w.org\/{rel}","templated":true}]}}