{"id":143124,"date":"2022-01-15T14:14:11","date_gmt":"2025-01-06T15:50:34","guid":{"rendered":"https:\/\/kingarms.ee\/product\/sig-sp2022-kubuur-amomax\/"},"modified":"2025-01-06T18:50:34","modified_gmt":"2025-01-06T15:50:34","slug":"sig-sp2022-kabur-amomax","status":"publish","type":"product","link":"https:\/\/kingarms.ee\/lt\/product\/sig-sp2022-kabur-amomax\/","title":{"rendered":"SIG SP2022 KUBUUR (AMOMAX)"},"content":{"rendered":"<p><img loading=\"lazy\" decoding=\"async\" class=\"alignnone size-medium wp-image-34781\" src=\"https:\/\/kingarms.ee\/wp-content\/uploads\/2022\/01\/Amomax-Quick-Draw-Retention-Tactical-Polymer-Holster-Fits-Sig-Sauer-SP2022-for-Daily-Carry-Shooting-300x300.jpeg\" alt=\"\" width=\"300\" height=\"300\" srcset=\"https:\/\/kingarms.ee\/wp-content\/uploads\/2022\/01\/Amomax-Quick-Draw-Retention-Tactical-Polymer-Holster-Fits-Sig-Sauer-SP2022-for-Daily-Carry-Shooting-300x300.jpeg 300w, https:\/\/kingarms.ee\/wp-content\/uploads\/2022\/01\/Amomax-Quick-Draw-Retention-Tactical-Polymer-Holster-Fits-Sig-Sauer-SP2022-for-Daily-Carry-Shooting-150x150.jpeg 150w, https:\/\/kingarms.ee\/wp-content\/uploads\/2022\/01\/Amomax-Quick-Draw-Retention-Tactical-Polymer-Holster-Fits-Sig-Sauer-SP2022-for-Daily-Carry-Shooting-500x500.jpeg 500w, https:\/\/kingarms.ee\/wp-content\/uploads\/2022\/01\/Amomax-Quick-Draw-Retention-Tactical-Polymer-Holster-Fits-Sig-Sauer-SP2022-for-Daily-Carry-Shooting-768x768.jpeg 768w, https:\/\/kingarms.ee\/wp-content\/uploads\/2022\/01\/Amomax-Quick-Draw-Retention-Tactical-Polymer-Holster-Fits-Sig-Sauer-SP2022-for-Daily-Carry-Shooting.jpeg 800w\" sizes=\"auto, (max-width: 300px) 100vw, 300px\" \/><\/p>\n","protected":false},"excerpt":{"rendered":"<p>SIG SP2022 Kabuur (AMOMAX) yra tinkamas \u201eSig SP2022\u201c pistoletams, gamintojo \u201eAmomax\u201c plastikiniams kop\u016bstams. \u201eKabuur\u201c turi mygtuk\u0105 su mygtuku. Pritvirtintas prie dir\u017eo ar dir\u017eo. \u201eKabuur\u201c galima sureguliuoti taip, kaip pageidaujama, ir 360* pasuktas.<\/p>\n","protected":false},"featured_media":114820,"template":"","meta":{"_acf_changed":false},"product_brand":[],"product_cat":[1163],"product_tag":[],"class_list":{"0":"post-143124","1":"product","2":"type-product","3":"status-publish","4":"has-post-thumbnail","6":"product_cat-kabur","8":"first","9":"instock","10":"taxable","11":"shipping-taxable","12":"purchasable","13":"product-type-simple"},"acf":[],"_links":{"self":[{"href":"https:\/\/kingarms.ee\/lt\/wp-json\/wp\/v2\/product\/143124","targetHints":{"allow":["GET"]}}],"collection":[{"href":"https:\/\/kingarms.ee\/lt\/wp-json\/wp\/v2\/product"}],"about":[{"href":"https:\/\/kingarms.ee\/lt\/wp-json\/wp\/v2\/types\/product"}],"wp:featuredmedia":[{"embeddable":true,"href":"https:\/\/kingarms.ee\/lt\/wp-json\/wp\/v2\/media\/114820"}],"wp:attachment":[{"href":"https:\/\/kingarms.ee\/lt\/wp-json\/wp\/v2\/media?parent=143124"}],"wp:term":[{"taxonomy":"product_brand","embeddable":true,"href":"https:\/\/kingarms.ee\/lt\/wp-json\/wp\/v2\/product_brand?post=143124"},{"taxonomy":"product_cat","embeddable":true,"href":"https:\/\/kingarms.ee\/lt\/wp-json\/wp\/v2\/product_cat?post=143124"},{"taxonomy":"product_tag","embeddable":true,"href":"https:\/\/kingarms.ee\/lt\/wp-json\/wp\/v2\/product_tag?post=143124"}],"curies":[{"name":"wp","href":"https:\/\/api.w.org\/{rel}","templated":true}]}}