{"id":143127,"date":"2022-01-15T13:07:37","date_gmt":"2025-01-06T15:50:36","guid":{"rendered":"https:\/\/kingarms.ee\/product\/beretta-px4-storm-kabuur-amomax\/"},"modified":"2025-01-06T18:50:36","modified_gmt":"2025-01-06T15:50:36","slug":"beretta-px4-storm-kabuur-amomax","status":"publish","type":"product","link":"https:\/\/kingarms.ee\/lt\/product\/beretta-px4-storm-kabuur-amomax\/","title":{"rendered":"\u201eBeretta PX4 Storm Kabuur\u201c (\u201eAmomax\u201c)"},"content":{"rendered":"<p><img loading=\"lazy\" decoding=\"async\" class=\"alignnone size-medium wp-image-34752\" src=\"https:\/\/kingarms.ee\/wp-content\/uploads\/2022\/01\/Amomax-Polymer-tactical-holster-for-Beretta-PX4-STORM-with-right-hand-300x300.jpeg\" alt=\"\" width=\"300\" height=\"300\" srcset=\"https:\/\/kingarms.ee\/wp-content\/uploads\/2022\/01\/Amomax-Polymer-tactical-holster-for-Beretta-PX4-STORM-with-right-hand-300x300.jpeg 300w, https:\/\/kingarms.ee\/wp-content\/uploads\/2022\/01\/Amomax-Polymer-tactical-holster-for-Beretta-PX4-STORM-with-right-hand-150x150.jpeg 150w, https:\/\/kingarms.ee\/wp-content\/uploads\/2022\/01\/Amomax-Polymer-tactical-holster-for-Beretta-PX4-STORM-with-right-hand-500x500.jpeg 500w, https:\/\/kingarms.ee\/wp-content\/uploads\/2022\/01\/Amomax-Polymer-tactical-holster-for-Beretta-PX4-STORM-with-right-hand-768x768.jpeg 768w, https:\/\/kingarms.ee\/wp-content\/uploads\/2022\/01\/Amomax-Polymer-tactical-holster-for-Beretta-PX4-STORM-with-right-hand.jpeg 800w\" sizes=\"auto, (max-width: 300px) 100vw, 300px\" \/><\/p>\n","protected":false},"excerpt":{"rendered":"<p>\u201eBeretta PX4 Storm Kabuur\u201c (\u201eAMOMAX\u201c) tinka \u201eBeretta PX4\u201c audros pistoletams, plastikiniam \u201eKabu\u201c i\u0161 gamintojo \u201eAmomax\u201c. \u201eKabuur\u201c turi mygtuk\u0105 su mygtuku. Pritvirtintas prie dir\u017eo ar dir\u017eo. \u201eKabuur\u201c galima sureguliuoti taip, kaip pageidaujama, ir 360* pasuktas.<\/p>\n","protected":false},"featured_media":114812,"template":"","meta":{"_acf_changed":false},"product_brand":[],"product_cat":[1163],"product_tag":[],"class_list":{"0":"post-143127","1":"product","2":"type-product","3":"status-publish","4":"has-post-thumbnail","6":"product_cat-kabur","8":"first","9":"instock","10":"taxable","11":"shipping-taxable","12":"purchasable","13":"product-type-simple"},"acf":[],"_links":{"self":[{"href":"https:\/\/kingarms.ee\/lt\/wp-json\/wp\/v2\/product\/143127","targetHints":{"allow":["GET"]}}],"collection":[{"href":"https:\/\/kingarms.ee\/lt\/wp-json\/wp\/v2\/product"}],"about":[{"href":"https:\/\/kingarms.ee\/lt\/wp-json\/wp\/v2\/types\/product"}],"wp:featuredmedia":[{"embeddable":true,"href":"https:\/\/kingarms.ee\/lt\/wp-json\/wp\/v2\/media\/114812"}],"wp:attachment":[{"href":"https:\/\/kingarms.ee\/lt\/wp-json\/wp\/v2\/media?parent=143127"}],"wp:term":[{"taxonomy":"product_brand","embeddable":true,"href":"https:\/\/kingarms.ee\/lt\/wp-json\/wp\/v2\/product_brand?post=143127"},{"taxonomy":"product_cat","embeddable":true,"href":"https:\/\/kingarms.ee\/lt\/wp-json\/wp\/v2\/product_cat?post=143127"},{"taxonomy":"product_tag","embeddable":true,"href":"https:\/\/kingarms.ee\/lt\/wp-json\/wp\/v2\/product_tag?post=143127"}],"curies":[{"name":"wp","href":"https:\/\/api.w.org\/{rel}","templated":true}]}}