{"id":143131,"date":"2022-01-15T14:29:02","date_gmt":"2025-01-06T15:50:37","guid":{"rendered":"https:\/\/kingarms.ee\/product\/sig-p320-kabuur-amomax\/"},"modified":"2025-01-06T18:50:37","modified_gmt":"2025-01-06T15:50:37","slug":"sig-p320-kabur-amomax","status":"publish","type":"product","link":"https:\/\/kingarms.ee\/lt\/product\/sig-p320-kabur-amomax\/","title":{"rendered":"\u201eSig P320 Kabuur\u201c (\u201eAmomax\u201c)"},"content":{"rendered":"<p><img loading=\"lazy\" decoding=\"async\" class=\"alignnone size-medium wp-image-34829\" src=\"https:\/\/kingarms.ee\/wp-content\/uploads\/2022\/01\/IMI-Defense-Level-2-Sig-Sauer-P250-Compact-Holster-IMI-Z1060-C-Black-300x300.png\" alt=\"\" width=\"300\" height=\"300\" srcset=\"https:\/\/kingarms.ee\/wp-content\/uploads\/2022\/01\/IMI-Defense-Level-2-Sig-Sauer-P250-Compact-Holster-IMI-Z1060-C-Black-300x300.png 300w, https:\/\/kingarms.ee\/wp-content\/uploads\/2022\/01\/IMI-Defense-Level-2-Sig-Sauer-P250-Compact-Holster-IMI-Z1060-C-Black-150x150.png 150w, https:\/\/kingarms.ee\/wp-content\/uploads\/2022\/01\/IMI-Defense-Level-2-Sig-Sauer-P250-Compact-Holster-IMI-Z1060-C-Black-500x500.png 500w, https:\/\/kingarms.ee\/wp-content\/uploads\/2022\/01\/IMI-Defense-Level-2-Sig-Sauer-P250-Compact-Holster-IMI-Z1060-C-Black-1024x1024.png 1024w, https:\/\/kingarms.ee\/wp-content\/uploads\/2022\/01\/IMI-Defense-Level-2-Sig-Sauer-P250-Compact-Holster-IMI-Z1060-C-Black-768x768.png 768w, https:\/\/kingarms.ee\/wp-content\/uploads\/2022\/01\/IMI-Defense-Level-2-Sig-Sauer-P250-Compact-Holster-IMI-Z1060-C-Black.png 1200w\" sizes=\"auto, (max-width: 300px) 100vw, 300px\" \/><\/p>\n","protected":false},"excerpt":{"rendered":"<p>\u201eSIG P320 Kabuur\u201c (\u201eAMOMAX\u201c) yra tinkamas \u201eSig P320\u201c pistoletams, plastikiniams kop\u016bstams i\u0161 gamintojo \u201eAmomax\u201c. \u201eKabuur\u201c turi mygtuk\u0105 su mygtuku. Pritvirtintas prie dir\u017eo ar dir\u017eo. \u201eKabuur\u201c galima sureguliuoti taip, kaip pageidaujama, ir 360* pasuktas.<\/p>\n","protected":false},"featured_media":114832,"template":"","meta":{"_acf_changed":false},"product_brand":[],"product_cat":[1163],"product_tag":[],"class_list":{"0":"post-143131","1":"product","2":"type-product","3":"status-publish","4":"has-post-thumbnail","6":"product_cat-kabur","8":"first","9":"instock","10":"taxable","11":"shipping-taxable","12":"purchasable","13":"product-type-simple"},"acf":[],"_links":{"self":[{"href":"https:\/\/kingarms.ee\/lt\/wp-json\/wp\/v2\/product\/143131","targetHints":{"allow":["GET"]}}],"collection":[{"href":"https:\/\/kingarms.ee\/lt\/wp-json\/wp\/v2\/product"}],"about":[{"href":"https:\/\/kingarms.ee\/lt\/wp-json\/wp\/v2\/types\/product"}],"wp:featuredmedia":[{"embeddable":true,"href":"https:\/\/kingarms.ee\/lt\/wp-json\/wp\/v2\/media\/114832"}],"wp:attachment":[{"href":"https:\/\/kingarms.ee\/lt\/wp-json\/wp\/v2\/media?parent=143131"}],"wp:term":[{"taxonomy":"product_brand","embeddable":true,"href":"https:\/\/kingarms.ee\/lt\/wp-json\/wp\/v2\/product_brand?post=143131"},{"taxonomy":"product_cat","embeddable":true,"href":"https:\/\/kingarms.ee\/lt\/wp-json\/wp\/v2\/product_cat?post=143131"},{"taxonomy":"product_tag","embeddable":true,"href":"https:\/\/kingarms.ee\/lt\/wp-json\/wp\/v2\/product_tag?post=143131"}],"curies":[{"name":"wp","href":"https:\/\/api.w.org\/{rel}","templated":true}]}}