{"id":143132,"date":"2022-01-15T14:11:21","date_gmt":"2025-01-06T15:50:37","guid":{"rendered":"https:\/\/kingarms.ee\/product\/cz-shadow-2-kabuur-amomax\/"},"modified":"2025-01-06T18:50:37","modified_gmt":"2025-01-06T15:50:37","slug":"cz-shadow-2-cabaumax-amomax","status":"publish","type":"product","link":"https:\/\/kingarms.ee\/lt\/product\/cz-shadow-2-cabaumax-amomax\/","title":{"rendered":"\u201eCZ Shadow 2 Kabuur\u201c (\u201eAmomax\u201c)"},"content":{"rendered":"<p><img loading=\"lazy\" decoding=\"async\" class=\"alignnone size-medium wp-image-34773\" src=\"https:\/\/kingarms.ee\/wp-content\/uploads\/2022\/01\/asg-cz-shadow-2-polymer-holster-bk-300x225.jpeg\" alt=\"\" width=\"300\" height=\"225\" srcset=\"https:\/\/kingarms.ee\/wp-content\/uploads\/2022\/01\/asg-cz-shadow-2-polymer-holster-bk-300x225.jpeg 300w, https:\/\/kingarms.ee\/wp-content\/uploads\/2022\/01\/asg-cz-shadow-2-polymer-holster-bk-150x113.jpeg 150w, https:\/\/kingarms.ee\/wp-content\/uploads\/2022\/01\/asg-cz-shadow-2-polymer-holster-bk-500x375.jpeg 500w, https:\/\/kingarms.ee\/wp-content\/uploads\/2022\/01\/asg-cz-shadow-2-polymer-holster-bk-1024x768.jpeg 1024w, https:\/\/kingarms.ee\/wp-content\/uploads\/2022\/01\/asg-cz-shadow-2-polymer-holster-bk-768x576.jpeg 768w, https:\/\/kingarms.ee\/wp-content\/uploads\/2022\/01\/asg-cz-shadow-2-polymer-holster-bk-1536x1152.jpeg 1536w, https:\/\/kingarms.ee\/wp-content\/uploads\/2022\/01\/asg-cz-shadow-2-polymer-holster-bk-600x450.jpeg 600w, https:\/\/kingarms.ee\/wp-content\/uploads\/2022\/01\/asg-cz-shadow-2-polymer-holster-bk.jpeg 1600w\" sizes=\"auto, (max-width: 300px) 100vw, 300px\" \/><\/p>\n","protected":false},"excerpt":{"rendered":"<p>\u201eCZ Shadow 2\u201c \u201eKabuur\u201c (\u201eAmomax\u201c) yra tinkamas \u201eShadow 2\u201c tipo pistoletams, gamintojo \u201eAmomax\u201c plastikiniams kop\u016bstams. \u201eKabuur\u201c turi mygtuk\u0105 su mygtuku. Pritvirtintas prie dir\u017eo ar dir\u017eo. \u201eKabuur\u201c galima sureguliuoti taip, kaip pageidaujama, ir 360* pasuktas.<\/p>\n","protected":false},"featured_media":114818,"template":"","meta":{"_acf_changed":false},"product_brand":[],"product_cat":[1163],"product_tag":[],"class_list":{"0":"post-143132","1":"product","2":"type-product","3":"status-publish","4":"has-post-thumbnail","6":"product_cat-kabur","8":"first","9":"instock","10":"taxable","11":"shipping-taxable","12":"purchasable","13":"product-type-simple"},"acf":[],"_links":{"self":[{"href":"https:\/\/kingarms.ee\/lt\/wp-json\/wp\/v2\/product\/143132","targetHints":{"allow":["GET"]}}],"collection":[{"href":"https:\/\/kingarms.ee\/lt\/wp-json\/wp\/v2\/product"}],"about":[{"href":"https:\/\/kingarms.ee\/lt\/wp-json\/wp\/v2\/types\/product"}],"wp:featuredmedia":[{"embeddable":true,"href":"https:\/\/kingarms.ee\/lt\/wp-json\/wp\/v2\/media\/114818"}],"wp:attachment":[{"href":"https:\/\/kingarms.ee\/lt\/wp-json\/wp\/v2\/media?parent=143132"}],"wp:term":[{"taxonomy":"product_brand","embeddable":true,"href":"https:\/\/kingarms.ee\/lt\/wp-json\/wp\/v2\/product_brand?post=143132"},{"taxonomy":"product_cat","embeddable":true,"href":"https:\/\/kingarms.ee\/lt\/wp-json\/wp\/v2\/product_cat?post=143132"},{"taxonomy":"product_tag","embeddable":true,"href":"https:\/\/kingarms.ee\/lt\/wp-json\/wp\/v2\/product_tag?post=143132"}],"curies":[{"name":"wp","href":"https:\/\/api.w.org\/{rel}","templated":true}]}}