{"id":143135,"date":"2022-01-15T14:18:56","date_gmt":"2025-01-06T15:50:38","guid":{"rendered":"https:\/\/kingarms.ee\/product\/mes-kjw-tm-p226-kubuur-amomax\/"},"modified":"2025-01-06T18:50:38","modified_gmt":"2025-01-06T15:50:38","slug":"we-kjw-tm-p226-kabur-momax","status":"publish","type":"product","link":"https:\/\/kingarms.ee\/lt\/product\/we-kjw-tm-p226-kabur-momax\/","title":{"rendered":"Mes \/ KJW \/ TM P226 KUBUUR (AMOMAX)"},"content":{"rendered":"<p><img loading=\"lazy\" decoding=\"async\" class=\"alignnone size-medium wp-image-34797\" src=\"https:\/\/kingarms.ee\/wp-content\/uploads\/2022\/01\/caza-airsoft-AMS226G2-300x179.jpeg\" alt=\"\" width=\"300\" height=\"179\" srcset=\"https:\/\/kingarms.ee\/wp-content\/uploads\/2022\/01\/caza-airsoft-AMS226G2-300x179.jpeg 300w, https:\/\/kingarms.ee\/wp-content\/uploads\/2022\/01\/caza-airsoft-AMS226G2-150x89.jpeg 150w, https:\/\/kingarms.ee\/wp-content\/uploads\/2022\/01\/caza-airsoft-AMS226G2-500x298.jpeg 500w, https:\/\/kingarms.ee\/wp-content\/uploads\/2022\/01\/caza-airsoft-AMS226G2-1024x611.jpeg 1024w, https:\/\/kingarms.ee\/wp-content\/uploads\/2022\/01\/caza-airsoft-AMS226G2-768x458.jpeg 768w, https:\/\/kingarms.ee\/wp-content\/uploads\/2022\/01\/caza-airsoft-AMS226G2.jpeg 1100w\" sizes=\"auto, (max-width: 300px) 100vw, 300px\" \/><\/p>\n","protected":false},"excerpt":{"rendered":"<p>\u201eAMOMAX\u201c yra tinkamas mums \/ KJW \/ TM P226 pistoletams, gamintojo \u201eAmomax\u201c plastikiniams kop\u016bstams. \u201eKabuur\u201c turi mygtuk\u0105 su mygtuku. Pritvirtintas prie dir\u017eo ar dir\u017eo. \u201eKabuur\u201c galima sureguliuoti taip, kaip pageidaujama, ir 360* pasuktas.<\/p>\n","protected":false},"featured_media":114824,"template":"","meta":{"_acf_changed":false},"product_brand":[],"product_cat":[1163],"product_tag":[],"class_list":{"0":"post-143135","1":"product","2":"type-product","3":"status-publish","4":"has-post-thumbnail","6":"product_cat-kabur","8":"first","9":"instock","10":"taxable","11":"shipping-taxable","12":"purchasable","13":"product-type-simple"},"acf":[],"_links":{"self":[{"href":"https:\/\/kingarms.ee\/lt\/wp-json\/wp\/v2\/product\/143135","targetHints":{"allow":["GET"]}}],"collection":[{"href":"https:\/\/kingarms.ee\/lt\/wp-json\/wp\/v2\/product"}],"about":[{"href":"https:\/\/kingarms.ee\/lt\/wp-json\/wp\/v2\/types\/product"}],"wp:featuredmedia":[{"embeddable":true,"href":"https:\/\/kingarms.ee\/lt\/wp-json\/wp\/v2\/media\/114824"}],"wp:attachment":[{"href":"https:\/\/kingarms.ee\/lt\/wp-json\/wp\/v2\/media?parent=143135"}],"wp:term":[{"taxonomy":"product_brand","embeddable":true,"href":"https:\/\/kingarms.ee\/lt\/wp-json\/wp\/v2\/product_brand?post=143135"},{"taxonomy":"product_cat","embeddable":true,"href":"https:\/\/kingarms.ee\/lt\/wp-json\/wp\/v2\/product_cat?post=143135"},{"taxonomy":"product_tag","embeddable":true,"href":"https:\/\/kingarms.ee\/lt\/wp-json\/wp\/v2\/product_tag?post=143135"}],"curies":[{"name":"wp","href":"https:\/\/api.w.org\/{rel}","templated":true}]}}