{"id":143154,"date":"2021-12-03T18:07:42","date_gmt":"2025-01-06T15:53:37","guid":{"rendered":"https:\/\/kingarms.ee\/product\/hd-red-green-spot-shop-theta\/"},"modified":"2025-01-06T18:53:37","modified_gmt":"2025-01-06T15:53:37","slug":"hd-punane-roheline-tappsihik-theta","status":"publish","type":"product","link":"https:\/\/kingarms.ee\/lt\/product\/hd-punane-roheline-tappsihik-theta\/","title":{"rendered":"\u201eHD Red\/Green Spot Shop\u201c (\u201eTheta\u201c)"},"content":{"rendered":"<p><img loading=\"lazy\" decoding=\"async\" class=\"alignnone size-medium wp-image-33421\" src=\"https:\/\/kingarms.ee\/wp-content\/uploads\/2021\/12\/1152224083_1-300x200.jpeg\" alt=\"\" width=\"300\" height=\"200\" srcset=\"https:\/\/kingarms.ee\/wp-content\/uploads\/2021\/12\/1152224083_1-300x200.jpeg 300w, https:\/\/kingarms.ee\/wp-content\/uploads\/2021\/12\/1152224083_1-150x100.jpeg 150w, https:\/\/kingarms.ee\/wp-content\/uploads\/2021\/12\/1152224083_1-500x333.jpeg 500w, https:\/\/kingarms.ee\/wp-content\/uploads\/2021\/12\/1152224083_1-768x512.jpeg 768w, https:\/\/kingarms.ee\/wp-content\/uploads\/2021\/12\/1152224083_1.jpeg 800w\" sizes=\"auto, (max-width: 300px) 100vw, 300px\" \/><\/p>\n","protected":false},"excerpt":{"rendered":"<p>HD raudona\/\u017ealia d\u0117m\u0117 (teta) klasikin\u0117 1x22x33 mm d\u0117m\u0117 su skersmeniu. Galima pasirinkti tarp 7 skirting\u0173 ry\u0161kumo lygi\u0173 ir pakeisti 4 ta\u0161kus. Priekinis objektyvas yra padengtas anti -refekcijos danga. Tikslas patvirtina 22 mm Reili, tod\u0117l nereikia pirkti papildom\u0173 laikikli\u0173. Svoris 400 g<br \/>\nVeikia su baterija CR2032<\/p>\n","protected":false},"featured_media":114368,"template":"","meta":{"_acf_changed":false},"product_brand":[],"product_cat":[1205],"product_tag":[],"class_list":{"0":"post-143154","1":"product","2":"type-product","3":"status-publish","4":"has-post-thumbnail","6":"product_cat-vaizdai-lt","8":"first","9":"instock","10":"taxable","11":"shipping-taxable","12":"purchasable","13":"product-type-simple"},"acf":[],"_links":{"self":[{"href":"https:\/\/kingarms.ee\/lt\/wp-json\/wp\/v2\/product\/143154","targetHints":{"allow":["GET"]}}],"collection":[{"href":"https:\/\/kingarms.ee\/lt\/wp-json\/wp\/v2\/product"}],"about":[{"href":"https:\/\/kingarms.ee\/lt\/wp-json\/wp\/v2\/types\/product"}],"wp:featuredmedia":[{"embeddable":true,"href":"https:\/\/kingarms.ee\/lt\/wp-json\/wp\/v2\/media\/114368"}],"wp:attachment":[{"href":"https:\/\/kingarms.ee\/lt\/wp-json\/wp\/v2\/media?parent=143154"}],"wp:term":[{"taxonomy":"product_brand","embeddable":true,"href":"https:\/\/kingarms.ee\/lt\/wp-json\/wp\/v2\/product_brand?post=143154"},{"taxonomy":"product_cat","embeddable":true,"href":"https:\/\/kingarms.ee\/lt\/wp-json\/wp\/v2\/product_cat?post=143154"},{"taxonomy":"product_tag","embeddable":true,"href":"https:\/\/kingarms.ee\/lt\/wp-json\/wp\/v2\/product_tag?post=143154"}],"curies":[{"name":"wp","href":"https:\/\/api.w.org\/{rel}","templated":true}]}}