{"id":143164,"date":"2021-12-19T16:50:58","date_gmt":"2025-01-06T15:54:14","guid":{"rendered":"https:\/\/kingarms.ee\/product\/kencia-takelis-liepsna-wosport\/"},"modified":"2025-01-06T18:54:14","modified_gmt":"2025-01-06T15:54:14","slug":"tracer-flame-summuti-wosport","status":"publish","type":"product","link":"https:\/\/kingarms.ee\/lt\/product\/tracer-flame-summuti-wosport\/","title":{"rendered":"Ken\u010dia takelis\/liepsna [WOSPORT]"},"content":{"rendered":"<p><img loading=\"lazy\" decoding=\"async\" class=\"alignnone size-medium wp-image-33838\" src=\"https:\/\/kingarms.ee\/wp-content\/uploads\/2021\/12\/czesci-zewnetrzne-tlumiki-plomienia-tlumik-podswietlajacy-kulki-z-efektem-plomienia-flaming-pig-wosport-12496081-300x225.jpeg\" alt=\"\" width=\"300\" height=\"225\" srcset=\"https:\/\/kingarms.ee\/wp-content\/uploads\/2021\/12\/czesci-zewnetrzne-tlumiki-plomienia-tlumik-podswietlajacy-kulki-z-efektem-plomienia-flaming-pig-wosport-12496081-300x225.jpeg 300w, https:\/\/kingarms.ee\/wp-content\/uploads\/2021\/12\/czesci-zewnetrzne-tlumiki-plomienia-tlumik-podswietlajacy-kulki-z-efektem-plomienia-flaming-pig-wosport-12496081-150x113.jpeg 150w, https:\/\/kingarms.ee\/wp-content\/uploads\/2021\/12\/czesci-zewnetrzne-tlumiki-plomienia-tlumik-podswietlajacy-kulki-z-efektem-plomienia-flaming-pig-wosport-12496081-500x375.jpeg 500w, https:\/\/kingarms.ee\/wp-content\/uploads\/2021\/12\/czesci-zewnetrzne-tlumiki-plomienia-tlumik-podswietlajacy-kulki-z-efektem-plomienia-flaming-pig-wosport-12496081-600x450.jpeg 600w, https:\/\/kingarms.ee\/wp-content\/uploads\/2021\/12\/czesci-zewnetrzne-tlumiki-plomienia-tlumik-podswietlajacy-kulki-z-efektem-plomienia-flaming-pig-wosport-12496081.jpeg 640w\" sizes=\"auto, (max-width: 300px) 100vw, 300px\" \/><\/p>\n","protected":false},"excerpt":{"rendered":"<p>Ken\u010dia takelis\/liepsna [WOSPORT]<\/p>\n<p>AR15\/M4 kompaktinis duslintuvas KX3 \u201eFlash -torquer\u201c stiliaus stiliaus, kad gautum\u0117te geresn\u0119 \u0161audymo patirt\u012f tamsiuose kambariuose ar naktiniuose \u017eaidimuose. Prie\u0161ingai nei kitos rinkos \u017eymos, kurios ap\u0161vie\u010dia BBS, \u0161i etiket\u0117 dar labiau imituoja snukio blykst\u0119. Skirtas \u017eali\u0173j\u0173 \u017eenklinimo agentams. \u012emontuotas labai galingus UV LED ap\u0161vietimus, labai jautr\u0173 judesio jutikl\u012f ir \u012fkraunam\u0105 li\u010dio akumuliatori\u0173, pakraut\u0105 su mini USB kabeliu. \u012erengtos \u201eAirSoft\u201c kopijoms, turin\u010dioms 14 mm standartin\u012f standartin\u012f sriegio vamzd\u012f (kulkosvaid\u017ei\u0173) arba 11 mm vidaus srieg\u012f pistoletams.    <\/p>\n","protected":false},"featured_media":114504,"template":"","meta":{"_acf_changed":false},"product_brand":[],"product_cat":[1256],"product_tag":[],"class_list":{"0":"post-143164","1":"product","2":"type-product","3":"status-publish","4":"has-post-thumbnail","6":"product_cat-duslintuvai","8":"first","9":"onbackorder","10":"taxable","11":"shipping-taxable","12":"product-type-simple"},"acf":[],"_links":{"self":[{"href":"https:\/\/kingarms.ee\/lt\/wp-json\/wp\/v2\/product\/143164","targetHints":{"allow":["GET"]}}],"collection":[{"href":"https:\/\/kingarms.ee\/lt\/wp-json\/wp\/v2\/product"}],"about":[{"href":"https:\/\/kingarms.ee\/lt\/wp-json\/wp\/v2\/types\/product"}],"wp:featuredmedia":[{"embeddable":true,"href":"https:\/\/kingarms.ee\/lt\/wp-json\/wp\/v2\/media\/114504"}],"wp:attachment":[{"href":"https:\/\/kingarms.ee\/lt\/wp-json\/wp\/v2\/media?parent=143164"}],"wp:term":[{"taxonomy":"product_brand","embeddable":true,"href":"https:\/\/kingarms.ee\/lt\/wp-json\/wp\/v2\/product_brand?post=143164"},{"taxonomy":"product_cat","embeddable":true,"href":"https:\/\/kingarms.ee\/lt\/wp-json\/wp\/v2\/product_cat?post=143164"},{"taxonomy":"product_tag","embeddable":true,"href":"https:\/\/kingarms.ee\/lt\/wp-json\/wp\/v2\/product_tag?post=143164"}],"curies":[{"name":"wp","href":"https:\/\/api.w.org\/{rel}","templated":true}]}}