{"id":143174,"date":"2023-01-10T12:30:55","date_gmt":"2025-01-08T08:13:57","guid":{"rendered":"https:\/\/kingarms.ee\/product\/su-irasymo-itaiso-kisenemis-zalia-karaliskoji\/"},"modified":"2025-01-08T11:13:57","modified_gmt":"2025-01-08T08:13:57","slug":"plaadikandja-taskutega-roheline-royal","status":"publish","type":"product","link":"https:\/\/kingarms.ee\/lt\/product\/plaadikandja-taskutega-roheline-royal\/","title":{"rendered":"Su \u012fra\u0161ymo \u012ftaiso ki\u0161en\u0117mis &#8211; \u017ealia (karali\u0161koji)"},"content":{"rendered":"<p><img loading=\"lazy\" decoding=\"async\" class=\"alignnone size-full wp-image-71577\" src=\"https:\/\/kingarms.ee\/wp-content\/uploads\/2023\/01\/royal-tactical-vest-olive-drab-vt-1104v.jpg\" alt=\"\" width=\"1000\" height=\"1000\" srcset=\"https:\/\/kingarms.ee\/wp-content\/uploads\/2023\/01\/royal-tactical-vest-olive-drab-vt-1104v.jpg 1000w, https:\/\/kingarms.ee\/wp-content\/uploads\/2023\/01\/royal-tactical-vest-olive-drab-vt-1104v-300x300.jpg 300w, https:\/\/kingarms.ee\/wp-content\/uploads\/2023\/01\/royal-tactical-vest-olive-drab-vt-1104v-150x150.jpg 150w, https:\/\/kingarms.ee\/wp-content\/uploads\/2023\/01\/royal-tactical-vest-olive-drab-vt-1104v-768x768.jpg 768w, https:\/\/kingarms.ee\/wp-content\/uploads\/2023\/01\/royal-tactical-vest-olive-drab-vt-1104v-500x500.jpg 500w\" sizes=\"auto, (max-width: 1000px) 100vw, 1000px\" \/><\/p>\n","protected":false},"excerpt":{"rendered":"<p>Su \u012fra\u0161ymo \u012ftaiso ki\u0161en\u0117mis &#8211; \u017ealia (karali\u0161koji)<br \/>\nPagaminta i\u0161 auk\u0161to patvarios poliesterio<br \/>\nAtidarymas greta burdoko reguliavimo ir spaustuk\u0173<br \/>\nGreita per metalinius kabelius<br \/>\nPriekyje ir juosmens spyruokli\u0173 garantija<br \/>\n\u201eVelcro\u201c reguliuojami pe\u010di\u0173 dir\u017eeliai<br \/>\n1x \u201eAutMinitkt\u201c su \u201ePistol Magazine\u201c ir plastikiniu \u201eVelcro\u201c dir\u017eeliu<br \/>\n3x elastin\u0117s ir velcro -greitosios laiko mai\u0161o u\u017e ginkl\u0105<br \/>\n1x didelis vertikalusis naudojimas su dvigubu u\u017etrauktuku su u\u017edarymu ir bakstel\u0117jimo vilkimu<br \/>\nVisos ki\u0161en\u0117s yra nuimamos ir perkeliamos per \u201eMolle\u201c sistem\u0105<br \/>\nAnt paruo\u0161tos apsaugin\u0117s plok\u0161t\u0117s (ne\u012fskai\u010diuota)<br \/>\nVieno dyd\u017eio reguliuojamas<br \/>\nMatmenys 600 mm x 490 mm x (max) 300 mm<br \/>\nDrab Olive<\/p>\n","protected":false},"featured_media":133279,"template":"","meta":{"_acf_changed":false},"product_brand":[],"product_cat":[1235],"product_tag":[],"class_list":{"0":"post-143174","1":"product","2":"type-product","3":"status-publish","4":"has-post-thumbnail","6":"product_cat-liemeneles-ir-dirzai","8":"first","9":"instock","10":"taxable","11":"shipping-taxable","12":"purchasable","13":"product-type-simple"},"acf":[],"_links":{"self":[{"href":"https:\/\/kingarms.ee\/lt\/wp-json\/wp\/v2\/product\/143174","targetHints":{"allow":["GET"]}}],"collection":[{"href":"https:\/\/kingarms.ee\/lt\/wp-json\/wp\/v2\/product"}],"about":[{"href":"https:\/\/kingarms.ee\/lt\/wp-json\/wp\/v2\/types\/product"}],"wp:featuredmedia":[{"embeddable":true,"href":"https:\/\/kingarms.ee\/lt\/wp-json\/wp\/v2\/media\/133279"}],"wp:attachment":[{"href":"https:\/\/kingarms.ee\/lt\/wp-json\/wp\/v2\/media?parent=143174"}],"wp:term":[{"taxonomy":"product_brand","embeddable":true,"href":"https:\/\/kingarms.ee\/lt\/wp-json\/wp\/v2\/product_brand?post=143174"},{"taxonomy":"product_cat","embeddable":true,"href":"https:\/\/kingarms.ee\/lt\/wp-json\/wp\/v2\/product_cat?post=143174"},{"taxonomy":"product_tag","embeddable":true,"href":"https:\/\/kingarms.ee\/lt\/wp-json\/wp\/v2\/product_tag?post=143174"}],"curies":[{"name":"wp","href":"https:\/\/api.w.org\/{rel}","templated":true}]}}