{"id":143176,"date":"2023-01-10T12:22:41","date_gmt":"2025-01-08T08:15:54","guid":{"rendered":"https:\/\/kingarms.ee\/product\/su-ploksteliu-nesiklio-kisenemis-multicam-karaliskas\/"},"modified":"2025-01-08T11:15:54","modified_gmt":"2025-01-08T08:15:54","slug":"plaadikandja-taskutega-multicam-royal","status":"publish","type":"product","link":"https:\/\/kingarms.ee\/lt\/product\/plaadikandja-taskutega-multicam-royal\/","title":{"rendered":"Su plok\u0161teli\u0173 ne\u0161iklio ki\u0161en\u0117mis &#8211; \u201eMulticam\u201c (karali\u0161kas)"},"content":{"rendered":"<p><img loading=\"lazy\" decoding=\"async\" class=\"alignnone size-full wp-image-71569\" src=\"https:\/\/kingarms.ee\/wp-content\/uploads\/2023\/01\/royal-tactical-vest-multicam-rp-81mul.jpg\" alt=\"\" width=\"1000\" height=\"1000\" srcset=\"https:\/\/kingarms.ee\/wp-content\/uploads\/2023\/01\/royal-tactical-vest-multicam-rp-81mul.jpg 1000w, https:\/\/kingarms.ee\/wp-content\/uploads\/2023\/01\/royal-tactical-vest-multicam-rp-81mul-300x300.jpg 300w, https:\/\/kingarms.ee\/wp-content\/uploads\/2023\/01\/royal-tactical-vest-multicam-rp-81mul-150x150.jpg 150w, https:\/\/kingarms.ee\/wp-content\/uploads\/2023\/01\/royal-tactical-vest-multicam-rp-81mul-768x768.jpg 768w, https:\/\/kingarms.ee\/wp-content\/uploads\/2023\/01\/royal-tactical-vest-multicam-rp-81mul-500x500.jpg 500w\" sizes=\"auto, (max-width: 1000px) 100vw, 1000px\" \/><\/p>\n","protected":false},"excerpt":{"rendered":"<p>Su plok\u0161teli\u0173 ne\u0161iklio ki\u0161en\u0117mis &#8211; \u201eMulticam\u201c (karali\u0161kas)<br \/>\n\u0160onin\u0117 anga su \u201eVelcro\u201c ir \u201eClamp\u201c reguliavimu<br \/>\nGreitas paleidimas naudojant metalinius kabelius<br \/>\nDir\u017e\u0173 priekyje ir gale<br \/>\nReguliuojami pe\u010di\u0173 dir\u017eeliai su velcro<br \/>\n1x administratoriaus ki\u0161en\u0117 su pankais, d\u0117vimi boksui ir \u201eVelcro\u201c pleistrams<br \/>\n3x dvigubos pasienio rekordin\u0117s ki\u0161en\u0117s su elastine ir \u201eVelcro\u201c priedu<br \/>\n1x didelis vertikalus nedarbo krep\u0161ys, dvigubas v\u0117liavos stiebas ir juosmens spyruokl\u0117s, skirtos pritvirtinti kitus atvejus<br \/>\n1x radijo ki\u0161en\u0117 su \u201eZip Kinn\u201c<br \/>\nVisos ki\u0161en\u0117s yra nuimamos ir perkeliamos naudojant pakabos sistem\u0105<br \/>\nParuo\u0161ti apsauginiams skydams (ne\u012fskai\u010diuoti)<br \/>\nVieno dyd\u017eio reguliuojamas<br \/>\nSpalva \u201eMulticam\u201c<\/p>\n","protected":false},"featured_media":133213,"template":"","meta":{"_acf_changed":false},"product_brand":[],"product_cat":[1235],"product_tag":[],"class_list":{"0":"post-143176","1":"product","2":"type-product","3":"status-publish","4":"has-post-thumbnail","6":"product_cat-liemeneles-ir-dirzai","8":"first","9":"instock","10":"taxable","11":"shipping-taxable","12":"purchasable","13":"product-type-simple"},"acf":[],"_links":{"self":[{"href":"https:\/\/kingarms.ee\/lt\/wp-json\/wp\/v2\/product\/143176","targetHints":{"allow":["GET"]}}],"collection":[{"href":"https:\/\/kingarms.ee\/lt\/wp-json\/wp\/v2\/product"}],"about":[{"href":"https:\/\/kingarms.ee\/lt\/wp-json\/wp\/v2\/types\/product"}],"wp:featuredmedia":[{"embeddable":true,"href":"https:\/\/kingarms.ee\/lt\/wp-json\/wp\/v2\/media\/133213"}],"wp:attachment":[{"href":"https:\/\/kingarms.ee\/lt\/wp-json\/wp\/v2\/media?parent=143176"}],"wp:term":[{"taxonomy":"product_brand","embeddable":true,"href":"https:\/\/kingarms.ee\/lt\/wp-json\/wp\/v2\/product_brand?post=143176"},{"taxonomy":"product_cat","embeddable":true,"href":"https:\/\/kingarms.ee\/lt\/wp-json\/wp\/v2\/product_cat?post=143176"},{"taxonomy":"product_tag","embeddable":true,"href":"https:\/\/kingarms.ee\/lt\/wp-json\/wp\/v2\/product_tag?post=143176"}],"curies":[{"name":"wp","href":"https:\/\/api.w.org\/{rel}","templated":true}]}}