{"id":143179,"date":"2023-01-10T12:04:26","date_gmt":"2025-01-08T08:17:48","guid":{"rendered":"https:\/\/kingarms.ee\/product\/taktine-liemene-juoda-karaliskoji\/"},"modified":"2025-01-08T11:17:48","modified_gmt":"2025-01-08T08:17:48","slug":"taktikaline-vest-must-royal","status":"publish","type":"product","link":"https:\/\/kingarms.ee\/lt\/product\/taktikaline-vest-must-royal\/","title":{"rendered":"Taktin\u0117 liemen\u0117 &#8211; juoda (karali\u0161koji)"},"content":{"rendered":"<p><img loading=\"lazy\" decoding=\"async\" class=\"alignnone size-full wp-image-71540\" src=\"https:\/\/kingarms.ee\/wp-content\/uploads\/2023\/01\/royal-tactical-vest-nero-vt-1104b.jpg\" alt=\"\" width=\"1000\" height=\"1000\" srcset=\"https:\/\/kingarms.ee\/wp-content\/uploads\/2023\/01\/royal-tactical-vest-nero-vt-1104b.jpg 1000w, https:\/\/kingarms.ee\/wp-content\/uploads\/2023\/01\/royal-tactical-vest-nero-vt-1104b-300x300.jpg 300w, https:\/\/kingarms.ee\/wp-content\/uploads\/2023\/01\/royal-tactical-vest-nero-vt-1104b-150x150.jpg 150w, https:\/\/kingarms.ee\/wp-content\/uploads\/2023\/01\/royal-tactical-vest-nero-vt-1104b-768x768.jpg 768w, https:\/\/kingarms.ee\/wp-content\/uploads\/2023\/01\/royal-tactical-vest-nero-vt-1104b-500x500.jpg 500w\" sizes=\"auto, (max-width: 1000px) 100vw, 1000px\" \/><\/p>\n","protected":false},"excerpt":{"rendered":"<p>Taktin\u0117 liemen\u0117 &#8211; juoda (karali\u0161koji)<br \/>\nPagamintas i\u0161 auk\u0161to stiprumo poliesterio<br \/>\n\u0160onin\u0117 anga su \u201eVelcro\u201c ir \u201eClamp\u201c reguliavimu<br \/>\nGreitas paleidimas naudojant metalinius kabelius<br \/>\nDir\u017e\u0173 priekyje ir gale<br \/>\nReguliuojami pe\u010di\u0173 dir\u017eeliai su velcro<br \/>\n1x administratoriaus ki\u0161en\u0117 su pankais, d\u0117vimi boksui ir \u201eVelcro\u201c pleistrams<br \/>\n3x religija ir velcro priedas \u201ePukkeritus\u201c ki\u0161en\u0117<br \/>\n1x didelis vertikalus nedarbo krep\u0161ys, dviguba v\u0117liava -veikimas ir liemen\u0117, kuri\u0105 tvirtinimo detal\u0117s prid\u0117site prie reklamos, kad patvirtintum\u0117te<br \/>\nVisos ki\u0161en\u0117s yra nuimamos ir perkeliamos naudojant pakabos sistem\u0105<br \/>\nParuo\u0161ti apsauginiams skydams (ne\u012fskai\u010diuoti)<br \/>\nVieno dyd\u017eio reguliuojamas<br \/>\nMatmenys 600 mm x 490 mm x (max) 300 mm<br \/>\nSpalva juoda<\/p>\n","protected":false},"featured_media":133277,"template":"","meta":{"_acf_changed":false},"product_brand":[],"product_cat":[1235],"product_tag":[],"class_list":{"0":"post-143179","1":"product","2":"type-product","3":"status-publish","4":"has-post-thumbnail","6":"product_cat-liemeneles-ir-dirzai","8":"first","9":"instock","10":"taxable","11":"shipping-taxable","12":"purchasable","13":"product-type-simple"},"acf":[],"_links":{"self":[{"href":"https:\/\/kingarms.ee\/lt\/wp-json\/wp\/v2\/product\/143179","targetHints":{"allow":["GET"]}}],"collection":[{"href":"https:\/\/kingarms.ee\/lt\/wp-json\/wp\/v2\/product"}],"about":[{"href":"https:\/\/kingarms.ee\/lt\/wp-json\/wp\/v2\/types\/product"}],"wp:featuredmedia":[{"embeddable":true,"href":"https:\/\/kingarms.ee\/lt\/wp-json\/wp\/v2\/media\/133277"}],"wp:attachment":[{"href":"https:\/\/kingarms.ee\/lt\/wp-json\/wp\/v2\/media?parent=143179"}],"wp:term":[{"taxonomy":"product_brand","embeddable":true,"href":"https:\/\/kingarms.ee\/lt\/wp-json\/wp\/v2\/product_brand?post=143179"},{"taxonomy":"product_cat","embeddable":true,"href":"https:\/\/kingarms.ee\/lt\/wp-json\/wp\/v2\/product_cat?post=143179"},{"taxonomy":"product_tag","embeddable":true,"href":"https:\/\/kingarms.ee\/lt\/wp-json\/wp\/v2\/product_tag?post=143179"}],"curies":[{"name":"wp","href":"https:\/\/api.w.org\/{rel}","templated":true}]}}