{"id":143188,"date":"2023-01-09T12:43:09","date_gmt":"2025-01-08T09:33:56","guid":{"rendered":"https:\/\/kingarms.ee\/product\/k3-i8-850nm-ir-zibintuvelis-cyansky\/"},"modified":"2025-01-08T12:33:56","modified_gmt":"2025-01-08T09:33:56","slug":"k3-i8-850nm-ir-taskulamp-cyansky","status":"publish","type":"product","link":"https:\/\/kingarms.ee\/lt\/product\/k3-i8-850nm-ir-taskulamp-cyansky\/","title":{"rendered":"K3-I8 850NM IR \u017eibintuv\u0117lis (Cyansky)"},"content":{"rendered":"<p><img loading=\"lazy\" decoding=\"async\" class=\"alignnone size-full wp-image-71222\" src=\"https:\/\/kingarms.ee\/wp-content\/uploads\/2023\/01\/1-15.jpg\" alt=\"\" width=\"300\" height=\"200\" srcset=\"https:\/\/kingarms.ee\/wp-content\/uploads\/2023\/01\/1-15.jpg 300w, https:\/\/kingarms.ee\/wp-content\/uploads\/2023\/01\/1-15-150x100.jpg 150w\" sizes=\"auto, (max-width: 300px) 100vw, 300px\" \/><\/p>\n","protected":false},"excerpt":{"rendered":"<p>\u201eCyansky K3-I8\u201c yra auk\u0161tos kokyb\u0117s taktin\u0117 850NM infraraudon\u0173j\u0173 spinduli\u0173 lemput\u0117, pagr\u012fsta K3 modeliu. Skirta (nakties) steb\u0117jimo \u012frangai, tiek savaranki\u0161kai, tiek \u012frengta ant ginklo. \u201eCyansky K3-I8\u201c \u0161viesos \u0161altinis naudojamas kaip OSRAM 5000MW 850NM IR LED elementas. Kartu su skland\u017eiu -pavir\u0161iaus paraboliniu refleksoriumi, ma\u017eo pavir\u0161iaus ir didel\u0117s galios IR elementas u\u017etikrina maksimal\u0173 350 metr\u0173 veikimo diapazon\u0105. Fig\u016bra yra su konkre\u010diu ir ai\u0161kiu koncentruotu centru. Yra tik vienas (MAX.5000MW) veikimo re\u017eimas, kur\u012f galima \u012fjungti per taktin\u012f jungikl\u012f, esant\u012f lempos gale. \u201eK3-I8\u201c yra kompakti\u0161ka lemput\u0117, kurios ilgis yra 148,6 mm, 40 mm skersmens galvos, akumuliatoriaus vamzd\u017eio skersmuo yra 25,4 mm ir sveria 120 g be maitinimo \u0161altinio. Pati lemput\u0117 yra pagaminta i\u0161 aliuminio ir padengta auk\u0161tos kokyb\u0117s anoduotos dangomis. Maitinimo \u0161altinis naudojamas kaip naujos kartos didel\u0117s talpos tipo 21700 Li-jon\u0173 akumuliatorius. Tai yra standartin\u0117 5000 mAh baterija su USB-C pakrovimo lizdu. Nor\u0117dami \u012fkrauti lempos akumuliatori\u0173, i\u0161imkite j\u0105 i\u0161 lempos, prijunkite USB su laidu, kuris pateikiamas su maitinimo \u0161altiniu, o akumuliatorius pasir\u016bpins likusiaisiais. Kai akumuliatorius bus pilnas, atitinkama indikatoriaus lemput\u0117 tai nurodys. \u012eveskite \u012fkraut\u0105 akumuliatoriaus lemp\u0105, o \u201eK3-I8\u201c yra paruo\u0161tas nedelsiant naudoti. \u201eCyansky K3-I8\u201c buvo i\u0161bandytas pagal tarptautin\u012f ANSI FL1 Torch bandymo standart\u0105, buvo patikrintas su vandeniu ir atsparumu sm\u016bgiams ir turi maksimali\u0105 apsaugos klas\u0119 IPX8. Be lempos, \u012f piln\u0105 lemp\u0173 rinkin\u012f \u012feina naujos kartos 21700 LI-Ion baterijos (5000 mAh), \u012fkrovimo kabelis, apyrank\u0117, \u0161viesos juosmens laikiklis, ki\u0161en\u0117s spaustukas, rankiniai ir atsarginiai \u017eiedo sandarikliai ir jungikli\u0173 dangteliai. D\u0117l savo projektavimo ir tikslo \u201eCyansky K3-I8\u201c naudojamas kaip ginklo lemput\u0117 ir tinka be problem\u0173 su \u012fvairiais ginkl\u0173 priedais, skirtais 1 \u201c(25,4 mm) \u017eibintuv\u0117liams.               <\/p>\n","protected":false},"featured_media":126364,"template":"","meta":{"_acf_changed":false},"product_brand":[],"product_cat":[1173],"product_tag":[],"class_list":{"0":"post-143188","1":"product","2":"type-product","3":"status-publish","4":"has-post-thumbnail","6":"product_cat-zibintuvelis","8":"first","9":"instock","10":"taxable","11":"shipping-taxable","12":"purchasable","13":"product-type-simple"},"acf":[],"_links":{"self":[{"href":"https:\/\/kingarms.ee\/lt\/wp-json\/wp\/v2\/product\/143188","targetHints":{"allow":["GET"]}}],"collection":[{"href":"https:\/\/kingarms.ee\/lt\/wp-json\/wp\/v2\/product"}],"about":[{"href":"https:\/\/kingarms.ee\/lt\/wp-json\/wp\/v2\/types\/product"}],"wp:featuredmedia":[{"embeddable":true,"href":"https:\/\/kingarms.ee\/lt\/wp-json\/wp\/v2\/media\/126364"}],"wp:attachment":[{"href":"https:\/\/kingarms.ee\/lt\/wp-json\/wp\/v2\/media?parent=143188"}],"wp:term":[{"taxonomy":"product_brand","embeddable":true,"href":"https:\/\/kingarms.ee\/lt\/wp-json\/wp\/v2\/product_brand?post=143188"},{"taxonomy":"product_cat","embeddable":true,"href":"https:\/\/kingarms.ee\/lt\/wp-json\/wp\/v2\/product_cat?post=143188"},{"taxonomy":"product_tag","embeddable":true,"href":"https:\/\/kingarms.ee\/lt\/wp-json\/wp\/v2\/product_tag?post=143188"}],"curies":[{"name":"wp","href":"https:\/\/api.w.org\/{rel}","templated":true}]}}