{"id":143201,"date":"2023-01-06T18:13:25","date_gmt":"2025-01-08T09:42:55","guid":{"rendered":"https:\/\/kingarms.ee\/product\/vutlar-priekiniu-zibintu-bateriju-ir-priedu-apb-20-fenix\/"},"modified":"2025-01-08T12:42:55","modified_gmt":"2025-01-08T09:42:55","slug":"vutlar-pealampidele-akudele-ning-tarvikutele-apb-20-fenix","status":"publish","type":"product","link":"https:\/\/kingarms.ee\/lt\/product\/vutlar-pealampidele-akudele-ning-tarvikutele-apb-20-fenix\/","title":{"rendered":"\u201eVutlar\u201c priekini\u0173 \u017eibint\u0173, baterij\u0173 ir pried\u0173 APB-20 (\u201eFenix\u201c)"},"content":{"rendered":"<p><img loading=\"lazy\" decoding=\"async\" class=\"alignnone size-full wp-image-71098\" src=\"https:\/\/kingarms.ee\/wp-content\/uploads\/2023\/01\/1-12.jpg\" alt=\"\" width=\"850\" height=\"850\" srcset=\"https:\/\/kingarms.ee\/wp-content\/uploads\/2023\/01\/1-12.jpg 850w, https:\/\/kingarms.ee\/wp-content\/uploads\/2023\/01\/1-12-300x300.jpg 300w, https:\/\/kingarms.ee\/wp-content\/uploads\/2023\/01\/1-12-150x150.jpg 150w, https:\/\/kingarms.ee\/wp-content\/uploads\/2023\/01\/1-12-768x768.jpg 768w, https:\/\/kingarms.ee\/wp-content\/uploads\/2023\/01\/1-12-500x500.jpg 500w\" sizes=\"auto, (max-width: 850px) 100vw, 850px\" \/><\/p>\n","protected":false},"excerpt":{"rendered":"<p>Kompakti\u0161kas auk\u0161tos kokyb\u0117s u\u017etrauktukas, skirtas ne\u0161iotis ir saugoti baterijas, priedus ir kompakti\u0161kus \u017eibintuv\u0117lius (\u012fskaitant p\u0117dkelnes). Apsaugo nuo mechanini\u0173 su\u017ealojim\u0173, ne\u0161varum\u0173 ir dr\u0117gm\u0117s. Gamino \u201eFenix\u201c. Byla yra konstrukcija, kuri turi form\u0105. Matmenys tu\u0161\u010dios yra 115x80x56 mm  <\/p>\n","protected":false},"featured_media":126324,"template":"","meta":{"_acf_changed":false},"product_brand":[],"product_cat":[1246,1240,1172],"product_tag":[],"class_list":{"0":"post-143201","1":"product","2":"type-product","3":"status-publish","4":"has-post-thumbnail","6":"product_cat-kisenes","7":"product_cat-maiseliai-krepsiai-ir-dirzeliai","8":"product_cat-priekiniai-zibintai","10":"first","11":"instock","12":"taxable","13":"shipping-taxable","14":"purchasable","15":"product-type-simple"},"acf":[],"_links":{"self":[{"href":"https:\/\/kingarms.ee\/lt\/wp-json\/wp\/v2\/product\/143201","targetHints":{"allow":["GET"]}}],"collection":[{"href":"https:\/\/kingarms.ee\/lt\/wp-json\/wp\/v2\/product"}],"about":[{"href":"https:\/\/kingarms.ee\/lt\/wp-json\/wp\/v2\/types\/product"}],"wp:featuredmedia":[{"embeddable":true,"href":"https:\/\/kingarms.ee\/lt\/wp-json\/wp\/v2\/media\/126324"}],"wp:attachment":[{"href":"https:\/\/kingarms.ee\/lt\/wp-json\/wp\/v2\/media?parent=143201"}],"wp:term":[{"taxonomy":"product_brand","embeddable":true,"href":"https:\/\/kingarms.ee\/lt\/wp-json\/wp\/v2\/product_brand?post=143201"},{"taxonomy":"product_cat","embeddable":true,"href":"https:\/\/kingarms.ee\/lt\/wp-json\/wp\/v2\/product_cat?post=143201"},{"taxonomy":"product_tag","embeddable":true,"href":"https:\/\/kingarms.ee\/lt\/wp-json\/wp\/v2\/product_tag?post=143201"}],"curies":[{"name":"wp","href":"https:\/\/api.w.org\/{rel}","templated":true}]}}