{"id":143206,"date":"2022-11-28T18:51:56","date_gmt":"2025-01-08T10:02:24","guid":{"rendered":"https:\/\/kingarms.ee\/product\/ikraunama-akumuliatoriaus-fenix\/"},"modified":"2025-01-08T13:02:24","modified_gmt":"2025-01-08T10:02:24","slug":"rechargeable-battery-fenix","status":"publish","type":"product","link":"https:\/\/kingarms.ee\/lt\/product\/rechargeable-battery-fenix\/","title":{"rendered":"\u012ekraunama akumuliatoriaus \u201eFenix\u201c"},"content":{"rendered":"","protected":false},"excerpt":{"rendered":"<p>\u012ekraunamas akumuliatorius \u201eFenix\u201c. \u0160ios baterijos yra tinkamos daugumai \u201eFenix\u201c didel\u0117s galios \u017eibintuv\u0117li\u0173 ir kitos \u012frangos. Elektrolito tipas yra li\u010dio jonas. Tokioms baterijoms b\u016bdinga ma\u017ea savaranki\u0161ko \u012fkrovos procentin\u0117 dalis, galimyb\u0117 efektyviai dirbti didel\u0117je temperat\u016bros diapazone. Taip pat negin\u010dijamas li\u010dio jon\u0173 baterij\u0173 prana\u0161umas beveik n\u0117ra atminties efektas. Tod\u0117l jie gali b\u016bti dar kart\u0105 apmokestinami nelaukiant visi\u0161ko i\u0161leidimo. Geriau juos laikyti \u012fkrautus, bet ne iki galo.<\/p>\n","protected":false},"featured_media":125753,"template":"","meta":{"_acf_changed":false},"product_brand":[],"product_cat":[1194],"product_tag":[],"class_list":{"0":"post-143206","1":"product","2":"type-product","3":"status-publish","4":"has-post-thumbnail","6":"product_cat-baterijos","8":"first","9":"instock","10":"purchasable","11":"product-type-simple"},"acf":[],"_links":{"self":[{"href":"https:\/\/kingarms.ee\/lt\/wp-json\/wp\/v2\/product\/143206","targetHints":{"allow":["GET"]}}],"collection":[{"href":"https:\/\/kingarms.ee\/lt\/wp-json\/wp\/v2\/product"}],"about":[{"href":"https:\/\/kingarms.ee\/lt\/wp-json\/wp\/v2\/types\/product"}],"wp:featuredmedia":[{"embeddable":true,"href":"https:\/\/kingarms.ee\/lt\/wp-json\/wp\/v2\/media\/125753"}],"wp:attachment":[{"href":"https:\/\/kingarms.ee\/lt\/wp-json\/wp\/v2\/media?parent=143206"}],"wp:term":[{"taxonomy":"product_brand","embeddable":true,"href":"https:\/\/kingarms.ee\/lt\/wp-json\/wp\/v2\/product_brand?post=143206"},{"taxonomy":"product_cat","embeddable":true,"href":"https:\/\/kingarms.ee\/lt\/wp-json\/wp\/v2\/product_cat?post=143206"},{"taxonomy":"product_tag","embeddable":true,"href":"https:\/\/kingarms.ee\/lt\/wp-json\/wp\/v2\/product_tag?post=143206"}],"curies":[{"name":"wp","href":"https:\/\/api.w.org\/{rel}","templated":true}]}}