{"id":143210,"date":"2022-11-28T18:51:56","date_gmt":"2025-01-08T10:04:38","guid":{"rendered":"https:\/\/kingarms.ee\/product\/keliones-virykle-esbit\/"},"modified":"2025-01-08T13:04:38","modified_gmt":"2025-01-08T10:04:38","slug":"travel-stove-esbit","status":"publish","type":"product","link":"https:\/\/kingarms.ee\/lt\/product\/travel-stove-esbit\/","title":{"rendered":"Kelion\u0117s virykl\u0117 [Esbit]"},"content":{"rendered":"","protected":false},"excerpt":{"rendered":"<p>Kelion\u0117s virykl\u0117 [Esbit]<\/p>\n<p>Jis pagamintas i\u0161 elektropliuoto plieno. B\u016btent \u012f elektroplavimo proces\u0105 jis yra skolingas korozijai ir kitiems griaunamiesiems veiksniams, darantiems \u012ftak\u0105 plienui.<br \/>\nJo dizainas leid\u017eia laikyti tinkamas degal\u0173 kasetes surinktoje virykl\u0117je. Be to, jis yra suprojektuotas taip, kad b\u016bt\u0173 galima gauti savoti\u0161k\u0105 v\u0117jo skyd\u0105, kai sienos atsiskleid\u017eia.  <\/p>\n","protected":false},"featured_media":125749,"template":"","meta":{"_acf_changed":false},"product_brand":[],"product_cat":[1263],"product_tag":[],"class_list":{"0":"post-143210","1":"product","2":"type-product","3":"status-publish","4":"has-post-thumbnail","6":"product_cat-kelioniu-prekes","8":"first","9":"instock","10":"purchasable","11":"product-type-simple"},"acf":[],"_links":{"self":[{"href":"https:\/\/kingarms.ee\/lt\/wp-json\/wp\/v2\/product\/143210","targetHints":{"allow":["GET"]}}],"collection":[{"href":"https:\/\/kingarms.ee\/lt\/wp-json\/wp\/v2\/product"}],"about":[{"href":"https:\/\/kingarms.ee\/lt\/wp-json\/wp\/v2\/types\/product"}],"wp:featuredmedia":[{"embeddable":true,"href":"https:\/\/kingarms.ee\/lt\/wp-json\/wp\/v2\/media\/125749"}],"wp:attachment":[{"href":"https:\/\/kingarms.ee\/lt\/wp-json\/wp\/v2\/media?parent=143210"}],"wp:term":[{"taxonomy":"product_brand","embeddable":true,"href":"https:\/\/kingarms.ee\/lt\/wp-json\/wp\/v2\/product_brand?post=143210"},{"taxonomy":"product_cat","embeddable":true,"href":"https:\/\/kingarms.ee\/lt\/wp-json\/wp\/v2\/product_cat?post=143210"},{"taxonomy":"product_tag","embeddable":true,"href":"https:\/\/kingarms.ee\/lt\/wp-json\/wp\/v2\/product_tag?post=143210"}],"curies":[{"name":"wp","href":"https:\/\/api.w.org\/{rel}","templated":true}]}}