{"id":143214,"date":"2022-11-28T18:51:56","date_gmt":"2025-01-08T10:06:11","guid":{"rendered":"https:\/\/kingarms.ee\/product\/keliones-virykle-outrest\/"},"modified":"2025-01-08T13:06:11","modified_gmt":"2025-01-08T10:06:11","slug":"travel-stove-outrest","status":"publish","type":"product","link":"https:\/\/kingarms.ee\/lt\/product\/travel-stove-outrest\/","title":{"rendered":"Kelion\u0117s virykl\u0117 [Outrest]"},"content":{"rendered":"","protected":false},"excerpt":{"rendered":"<p>Kelion\u0117s virykl\u0117 [Outrest]<\/p>\n<p>Atviro kelioni\u0173 krosnis yra sulankstoma kieto kuro virykl\u0117, skirta \u201eBushcraft\u201c entuziastams ir tiems, kurie ie\u0161ko lengv\u0173 ir modulini\u0173 sprendim\u0173. Sulankstomos plieno konstrukcija \u201eAtsparumo krosnyje\u201c yra sulankstoma konstrukcija, pagaminta i\u0161 vientisos plienin\u0117s plok\u0161t\u0117s. Virykl\u0119 sudaro i\u0161 viso 7 komponentai, kuriuos lengva surinkti ir paimti vos de\u0161imtis sekund\u017ei\u0173.<\/p>\n","protected":false},"featured_media":125735,"template":"","meta":{"_acf_changed":false},"product_brand":[],"product_cat":[1263],"product_tag":[],"class_list":{"0":"post-143214","1":"product","2":"type-product","3":"status-publish","4":"has-post-thumbnail","6":"product_cat-kelioniu-prekes","8":"first","9":"instock","10":"purchasable","11":"product-type-simple"},"acf":[],"_links":{"self":[{"href":"https:\/\/kingarms.ee\/lt\/wp-json\/wp\/v2\/product\/143214","targetHints":{"allow":["GET"]}}],"collection":[{"href":"https:\/\/kingarms.ee\/lt\/wp-json\/wp\/v2\/product"}],"about":[{"href":"https:\/\/kingarms.ee\/lt\/wp-json\/wp\/v2\/types\/product"}],"wp:featuredmedia":[{"embeddable":true,"href":"https:\/\/kingarms.ee\/lt\/wp-json\/wp\/v2\/media\/125735"}],"wp:attachment":[{"href":"https:\/\/kingarms.ee\/lt\/wp-json\/wp\/v2\/media?parent=143214"}],"wp:term":[{"taxonomy":"product_brand","embeddable":true,"href":"https:\/\/kingarms.ee\/lt\/wp-json\/wp\/v2\/product_brand?post=143214"},{"taxonomy":"product_cat","embeddable":true,"href":"https:\/\/kingarms.ee\/lt\/wp-json\/wp\/v2\/product_cat?post=143214"},{"taxonomy":"product_tag","embeddable":true,"href":"https:\/\/kingarms.ee\/lt\/wp-json\/wp\/v2\/product_tag?post=143214"}],"curies":[{"name":"wp","href":"https:\/\/api.w.org\/{rel}","templated":true}]}}