{"id":143216,"date":"2022-11-28T18:51:56","date_gmt":"2025-01-08T10:06:58","guid":{"rendered":"https:\/\/kingarms.ee\/product\/hp30r-v2-0-led-zibintuvelis-priekinio-zibinto-fenix\/"},"modified":"2025-01-08T13:06:58","modified_gmt":"2025-01-08T10:06:58","slug":"hp30r-v2-0-led-flashlight-headlamp-fenix","status":"publish","type":"product","link":"https:\/\/kingarms.ee\/lt\/product\/hp30r-v2-0-led-flashlight-headlamp-fenix\/","title":{"rendered":"\u201eHP30R V2.0\u201c LED \u017eibintuv\u0117lis &#8211; priekinio \u017eibinto \u201eFenix\u201c"},"content":{"rendered":"","protected":false},"excerpt":{"rendered":"<p>\u201eHP30R V2.0\u201c LED \u017eibintuv\u0117lis &#8211; priekinis \u017eibintas \u201eFenix Fenix HP30R V2.0\u201c yra profesionalus priekinis \u017eibintas nuotyki\u0173 ie\u0161kotojams, skleid\u017eianti 3000 liumen\u0173 \u0161viesos i\u0161\u0117jim\u0105 ir efektyv\u0173 270 m diapazon\u0105. Po atnaujinimo \u017eibintuv\u0117l\u012f maitina 2 21700 baterijos, kuri\u0173 did\u017eiausia talpa rinkoje, turi \u012fmontuot\u0105 USB-C greito \u012fkrovimo prievad\u0105 ir ypa\u010d patog\u0173 bei reaguojant\u012f sukam\u0105j\u012f jungikl\u012f.<\/p>\n","protected":false},"featured_media":125723,"template":"","meta":{"_acf_changed":false},"product_brand":[],"product_cat":[1172],"product_tag":[],"class_list":{"0":"post-143216","1":"product","2":"type-product","3":"status-publish","4":"has-post-thumbnail","6":"product_cat-priekiniai-zibintai","8":"first","9":"instock","10":"sale","11":"purchasable","12":"product-type-simple"},"acf":[],"_links":{"self":[{"href":"https:\/\/kingarms.ee\/lt\/wp-json\/wp\/v2\/product\/143216","targetHints":{"allow":["GET"]}}],"collection":[{"href":"https:\/\/kingarms.ee\/lt\/wp-json\/wp\/v2\/product"}],"about":[{"href":"https:\/\/kingarms.ee\/lt\/wp-json\/wp\/v2\/types\/product"}],"wp:featuredmedia":[{"embeddable":true,"href":"https:\/\/kingarms.ee\/lt\/wp-json\/wp\/v2\/media\/125723"}],"wp:attachment":[{"href":"https:\/\/kingarms.ee\/lt\/wp-json\/wp\/v2\/media?parent=143216"}],"wp:term":[{"taxonomy":"product_brand","embeddable":true,"href":"https:\/\/kingarms.ee\/lt\/wp-json\/wp\/v2\/product_brand?post=143216"},{"taxonomy":"product_cat","embeddable":true,"href":"https:\/\/kingarms.ee\/lt\/wp-json\/wp\/v2\/product_cat?post=143216"},{"taxonomy":"product_tag","embeddable":true,"href":"https:\/\/kingarms.ee\/lt\/wp-json\/wp\/v2\/product_tag?post=143216"}],"curies":[{"name":"wp","href":"https:\/\/api.w.org\/{rel}","templated":true}]}}