{"id":143226,"date":"2022-10-17T15:47:21","date_gmt":"2025-01-08T10:27:25","guid":{"rendered":"https:\/\/kingarms.ee\/product\/bow-beast-hunter-15-20-svaru-poelang\/"},"modified":"2025-01-08T13:27:25","modified_gmt":"2025-01-08T10:27:25","slug":"bow-beast-hunter-15-20lb-poelang","status":"publish","type":"product","link":"https:\/\/kingarms.ee\/lt\/product\/bow-beast-hunter-15-20lb-poelang\/","title":{"rendered":"\u201eBow Beast Hunter\u201c 15-20 svar\u0173 [Poelang]"},"content":{"rendered":"","protected":false},"excerpt":{"rendered":"<p>\u201eBow Beast Hunter\u201c 15-20 svar\u0173 [Poelang]<\/p>\n<p>Klasikinis \u201eBeast Hunter Bow\u201c, vadinamas vabalu, turi 15\u201320 svar\u0173 svor\u012f. Jis tinka jaunuoliams ir moterims iki 165 cm \u016bgio. \u201eDeadlift\u201c ilgis svyruoja nuo 22\u201326 coli\u0173. Patraukl\u0173 dizain\u0105 suteikia m\u0117lynojo metalo lanko korpusas ir balto stiklo-laminato rankos.   <\/p>\n","protected":false},"featured_media":124542,"template":"","meta":{"_acf_changed":false},"product_brand":[],"product_cat":[1156,1151],"product_tag":[],"class_list":{"0":"post-143226","1":"product","2":"type-product","3":"status-publish","4":"has-post-thumbnail","6":"product_cat-lankai","7":"product_cat-lankai-ir-skersiniai","9":"first","10":"onbackorder","11":"product-type-simple"},"acf":[],"_links":{"self":[{"href":"https:\/\/kingarms.ee\/lt\/wp-json\/wp\/v2\/product\/143226","targetHints":{"allow":["GET"]}}],"collection":[{"href":"https:\/\/kingarms.ee\/lt\/wp-json\/wp\/v2\/product"}],"about":[{"href":"https:\/\/kingarms.ee\/lt\/wp-json\/wp\/v2\/types\/product"}],"wp:featuredmedia":[{"embeddable":true,"href":"https:\/\/kingarms.ee\/lt\/wp-json\/wp\/v2\/media\/124542"}],"wp:attachment":[{"href":"https:\/\/kingarms.ee\/lt\/wp-json\/wp\/v2\/media?parent=143226"}],"wp:term":[{"taxonomy":"product_brand","embeddable":true,"href":"https:\/\/kingarms.ee\/lt\/wp-json\/wp\/v2\/product_brand?post=143226"},{"taxonomy":"product_cat","embeddable":true,"href":"https:\/\/kingarms.ee\/lt\/wp-json\/wp\/v2\/product_cat?post=143226"},{"taxonomy":"product_tag","embeddable":true,"href":"https:\/\/kingarms.ee\/lt\/wp-json\/wp\/v2\/product_tag?post=143226"}],"curies":[{"name":"wp","href":"https:\/\/api.w.org\/{rel}","templated":true}]}}