{"id":143232,"date":"2022-10-17T15:47:10","date_gmt":"2025-01-08T10:30:21","guid":{"rendered":"https:\/\/kingarms.ee\/product\/softshell-tuulejope\/"},"modified":"2025-01-08T13:30:21","modified_gmt":"2025-01-08T10:30:21","slug":"softshell-tuulejope","status":"publish","type":"product","link":"https:\/\/kingarms.ee\/lt\/product\/softshell-tuulejope\/","title":{"rendered":"\u201eSoftshell Tuulejope\u201c"},"content":{"rendered":"","protected":false},"excerpt":{"rendered":"<p>Taktin\u0117 \u012franga unikalioje \u201eMAPA\u00ae\u201c kamuflia\u017ee, skirt\u0105 civili\u0173 vartotojams ir \u0161audymo bei gynybos organizacij\u0173 nariams. Skirta kariuomenei besidomintiems vartotojams, kurie aktyviai praleid\u017eia laik\u0105 lauke sud\u0117tingoje reljefe ir sunkiomis, ekstremaliomis s\u0105lygomis. <\/p>\n","protected":false},"featured_media":124762,"template":"","meta":{"_acf_changed":false},"product_brand":[],"product_cat":[1229],"product_tag":[],"class_list":{"0":"post-143232","1":"product","2":"type-product","3":"status-publish","4":"has-post-thumbnail","6":"product_cat-striuke","8":"first","9":"instock","10":"sale","11":"purchasable","12":"product-type-simple"},"acf":[],"_links":{"self":[{"href":"https:\/\/kingarms.ee\/lt\/wp-json\/wp\/v2\/product\/143232","targetHints":{"allow":["GET"]}}],"collection":[{"href":"https:\/\/kingarms.ee\/lt\/wp-json\/wp\/v2\/product"}],"about":[{"href":"https:\/\/kingarms.ee\/lt\/wp-json\/wp\/v2\/types\/product"}],"wp:featuredmedia":[{"embeddable":true,"href":"https:\/\/kingarms.ee\/lt\/wp-json\/wp\/v2\/media\/124762"}],"wp:attachment":[{"href":"https:\/\/kingarms.ee\/lt\/wp-json\/wp\/v2\/media?parent=143232"}],"wp:term":[{"taxonomy":"product_brand","embeddable":true,"href":"https:\/\/kingarms.ee\/lt\/wp-json\/wp\/v2\/product_brand?post=143232"},{"taxonomy":"product_cat","embeddable":true,"href":"https:\/\/kingarms.ee\/lt\/wp-json\/wp\/v2\/product_cat?post=143232"},{"taxonomy":"product_tag","embeddable":true,"href":"https:\/\/kingarms.ee\/lt\/wp-json\/wp\/v2\/product_tag?post=143232"}],"curies":[{"name":"wp","href":"https:\/\/api.w.org\/{rel}","templated":true}]}}