{"id":143235,"date":"2022-12-19T16:59:42","date_gmt":"2025-01-08T10:36:43","guid":{"rendered":"https:\/\/kingarms.ee\/product\/elektrinis-sautuvas-m45-pistoletas-ares\/"},"modified":"2025-01-08T13:36:43","modified_gmt":"2025-01-08T10:36:43","slug":"electric-rifle-m45-pistol-ares","status":"publish","type":"product","link":"https:\/\/kingarms.ee\/lt\/product\/electric-rifle-m45-pistol-ares\/","title":{"rendered":"Elektrinis \u0161autuvas M45 pistoletas [ARES]"},"content":{"rendered":"","protected":false},"excerpt":{"rendered":"<p>Elektrinis \u0161autuvas M45 pistoletas [ARES]<\/p>\n<p>AEG ARES AR-083E<br \/>\nM4 45 pistoleto X klas\u0117<br \/>\nVisas metalas su nailono pluo\u0161to rankena ir atsargomis<br \/>\n55 ir 125 raundai \u201eDouble Low Low Cap\u201c \u017eurnalai<br \/>\nStiprinta metalin\u0117 pavar\u0173 d\u0117\u017e\u0117<br \/>\nPlonas auk\u0161to sukimo momento variklis<br \/>\nReguliuojamas apyni\u0173 auk\u0161tyn<br \/>\naliuminio rankinis sargybinis su greitu i\u0161leidimu<br \/>\ni\u0161traukiamos ir sulankstomos atsargos<br \/>\nAkumuliatoriaus korpusas sand\u0117lyje<br \/>\nAmbidextrous Gaisro selektorius<br \/>\nSaugos u\u017eraktas<br \/>\nvienas kadras ar sprogimas<br \/>\nApsiver\u017e\u0119<br \/>\nilgis 360 mm-520mm-605mm<br \/>\nSvoris 2380G<\/p>\n","protected":false},"featured_media":125973,"template":"","meta":{"_acf_changed":false},"product_brand":[],"product_cat":[1139],"product_tag":[],"class_list":{"0":"post-143235","1":"product","2":"type-product","3":"status-publish","4":"has-post-thumbnail","6":"product_cat-elektro-pneumatiniai-ginklai","8":"first","9":"instock","10":"sale","11":"purchasable","12":"product-type-simple"},"acf":[],"_links":{"self":[{"href":"https:\/\/kingarms.ee\/lt\/wp-json\/wp\/v2\/product\/143235","targetHints":{"allow":["GET"]}}],"collection":[{"href":"https:\/\/kingarms.ee\/lt\/wp-json\/wp\/v2\/product"}],"about":[{"href":"https:\/\/kingarms.ee\/lt\/wp-json\/wp\/v2\/types\/product"}],"wp:featuredmedia":[{"embeddable":true,"href":"https:\/\/kingarms.ee\/lt\/wp-json\/wp\/v2\/media\/125973"}],"wp:attachment":[{"href":"https:\/\/kingarms.ee\/lt\/wp-json\/wp\/v2\/media?parent=143235"}],"wp:term":[{"taxonomy":"product_brand","embeddable":true,"href":"https:\/\/kingarms.ee\/lt\/wp-json\/wp\/v2\/product_brand?post=143235"},{"taxonomy":"product_cat","embeddable":true,"href":"https:\/\/kingarms.ee\/lt\/wp-json\/wp\/v2\/product_cat?post=143235"},{"taxonomy":"product_tag","embeddable":true,"href":"https:\/\/kingarms.ee\/lt\/wp-json\/wp\/v2\/product_tag?post=143235"}],"curies":[{"name":"wp","href":"https:\/\/api.w.org\/{rel}","templated":true}]}}