{"id":143246,"date":"2022-11-28T18:52:07","date_gmt":"2025-01-08T10:46:35","guid":{"rendered":"https:\/\/kingarms.ee\/product\/pd36r-led-zibintuvelio-fenix\/"},"modified":"2025-01-08T13:46:35","modified_gmt":"2025-01-08T10:46:35","slug":"pd36r-led-flashlight-fenix","status":"publish","type":"product","link":"https:\/\/kingarms.ee\/lt\/product\/pd36r-led-flashlight-fenix\/","title":{"rendered":"PD36R LED \u017eibintuv\u0117lio fenix"},"content":{"rendered":"","protected":false},"excerpt":{"rendered":"<p>PD36R LED \u017eibintuv\u0117lio fenix<\/p>\n<p>\u201eFenix PD36R\u201c yra kompakti\u0161kas taktinis \u017eibintuv\u0117lis, kurio galingos \u0161viesos i\u0161\u0117jimas yra 1600 liumen\u0173, maksimalus 283 m diapazonas, maitinamas galinga 21700 5000 mAh \u012fkraunama baterija, \u012fkrauta per USB-C prievad\u0105.<\/p>\n<p>\u201eFenix PD36R\u201c yra profesionalus taktini\u0173 program\u0173 \u017eibintuv\u0117lis, kurio \u012fsp\u016bding\u0105 \u0161viesos i\u0161vest\u012f, diapazon\u0105, talpi\u0105 baterij\u0105 ir greit\u0105 \u012fkrovim\u0105 \u012fvertins visi pareig\u016bnai, o civiliai vartotojai, ie\u0161kantys bekompromisi\u0173 \u012franki\u0173, skirt\u0173 darbui.<\/p>\n","protected":false},"featured_media":125629,"template":"","meta":{"_acf_changed":false},"product_brand":[],"product_cat":[1173],"product_tag":[],"class_list":{"0":"post-143246","1":"product","2":"type-product","3":"status-publish","4":"has-post-thumbnail","6":"product_cat-zibintuvelis","8":"first","9":"instock","10":"purchasable","11":"product-type-simple"},"acf":[],"_links":{"self":[{"href":"https:\/\/kingarms.ee\/lt\/wp-json\/wp\/v2\/product\/143246","targetHints":{"allow":["GET"]}}],"collection":[{"href":"https:\/\/kingarms.ee\/lt\/wp-json\/wp\/v2\/product"}],"about":[{"href":"https:\/\/kingarms.ee\/lt\/wp-json\/wp\/v2\/types\/product"}],"wp:featuredmedia":[{"embeddable":true,"href":"https:\/\/kingarms.ee\/lt\/wp-json\/wp\/v2\/media\/125629"}],"wp:attachment":[{"href":"https:\/\/kingarms.ee\/lt\/wp-json\/wp\/v2\/media?parent=143246"}],"wp:term":[{"taxonomy":"product_brand","embeddable":true,"href":"https:\/\/kingarms.ee\/lt\/wp-json\/wp\/v2\/product_brand?post=143246"},{"taxonomy":"product_cat","embeddable":true,"href":"https:\/\/kingarms.ee\/lt\/wp-json\/wp\/v2\/product_cat?post=143246"},{"taxonomy":"product_tag","embeddable":true,"href":"https:\/\/kingarms.ee\/lt\/wp-json\/wp\/v2\/product_tag?post=143246"}],"curies":[{"name":"wp","href":"https:\/\/api.w.org\/{rel}","templated":true}]}}