{"id":143248,"date":"2022-11-28T18:52:07","date_gmt":"2025-01-08T10:47:21","guid":{"rendered":"https:\/\/kingarms.ee\/product\/balistiniai-akiniai-swisseye\/"},"modified":"2025-01-08T13:47:21","modified_gmt":"2025-01-08T10:47:21","slug":"ballistic-goggles-swisseye-3","status":"publish","type":"product","link":"https:\/\/kingarms.ee\/lt\/product\/ballistic-goggles-swisseye-3\/","title":{"rendered":"Balistiniai Akiniai Swisseye"},"content":{"rendered":"","protected":false},"excerpt":{"rendered":"<p>Balistiniai Akiniai Swisseye<\/p>\n<p>\u201eSwiss Eye Nighthawk\u201c yra pavyzdinis balistini\u0173 akini\u0173 modelis Vokietijos gamintojo asortimente, skirtas maksimaliai ir patikimai apsaugoti d\u0117v\u0117toj\u0105 bet kurioje situacijoje. Tai daugel\u012f met\u0173 buvo \u012frodytas uniformuot\u0173 paslaug\u0173 pasirinkimas visame pasaulyje. R\u0117mas pagamintas i\u0161 ypa\u010d lengvo ir patvaraus polikarbonato, atsparaus lenkimo ir \u0161rapnelio sm\u016bgiui. Neslystantys intarpai ant nosies trinkel\u0117s ir \u0161ventykl\u0173, taip pat j\u0173 anatomin\u0117s formos, u\u017etikrina ger\u0105 tinkamum\u0105 ir visi\u0161k\u0105 komfort\u0105 naudojimo metu. Taip pat yra trys polikarbonato skydeliai, kuri\u0173 viduje yra anti-fog danga, pagerinkite apsaug\u0105 nuo r\u016bko. I\u0161or\u0117je yra danga, skirta suma\u017einti \u012fbr\u0117\u017eimus ant pavir\u0161iaus. Vaizdai suteikia UV, UVB ir UVC apsaug\u0105 bei \u201eStanag 2920\u201c standarto apsaug\u0105. <\/p>\n","protected":false},"featured_media":125599,"template":"","meta":{"_acf_changed":false},"product_brand":[],"product_cat":[1212],"product_tag":[],"class_list":{"0":"post-143248","1":"product","2":"type-product","3":"status-publish","4":"has-post-thumbnail","6":"product_cat-balistiniai-akiniai","8":"first","9":"instock","10":"purchasable","11":"product-type-simple"},"acf":[],"_links":{"self":[{"href":"https:\/\/kingarms.ee\/lt\/wp-json\/wp\/v2\/product\/143248","targetHints":{"allow":["GET"]}}],"collection":[{"href":"https:\/\/kingarms.ee\/lt\/wp-json\/wp\/v2\/product"}],"about":[{"href":"https:\/\/kingarms.ee\/lt\/wp-json\/wp\/v2\/types\/product"}],"wp:featuredmedia":[{"embeddable":true,"href":"https:\/\/kingarms.ee\/lt\/wp-json\/wp\/v2\/media\/125599"}],"wp:attachment":[{"href":"https:\/\/kingarms.ee\/lt\/wp-json\/wp\/v2\/media?parent=143248"}],"wp:term":[{"taxonomy":"product_brand","embeddable":true,"href":"https:\/\/kingarms.ee\/lt\/wp-json\/wp\/v2\/product_brand?post=143248"},{"taxonomy":"product_cat","embeddable":true,"href":"https:\/\/kingarms.ee\/lt\/wp-json\/wp\/v2\/product_cat?post=143248"},{"taxonomy":"product_tag","embeddable":true,"href":"https:\/\/kingarms.ee\/lt\/wp-json\/wp\/v2\/product_tag?post=143248"}],"curies":[{"name":"wp","href":"https:\/\/api.w.org\/{rel}","templated":true}]}}