{"id":143254,"date":"2022-11-28T18:52:07","date_gmt":"2025-01-08T10:49:54","guid":{"rendered":"https:\/\/kingarms.ee\/product\/balistiniai-akiniai-swisseye\/"},"modified":"2025-01-08T13:49:54","modified_gmt":"2025-01-08T10:49:54","slug":"ballistic-goggles-swisseye","status":"publish","type":"product","link":"https:\/\/kingarms.ee\/lt\/product\/ballistic-goggles-swisseye\/","title":{"rendered":"Balistiniai Akiniai Swisseye"},"content":{"rendered":"","protected":false},"excerpt":{"rendered":"<p>Balistiniai Akiniai Swisseye<\/p>\n<p>\u0160iuolaikiniai taktiniai akiniai, profesionalus modelis. Originalus \u201eSwisseye\u00ae\u201c prek\u0117s \u017eenklo produktas i\u0161 taktin\u0117s linijos garantuoja meistri\u0161kum\u0105 pagal karines specifikacijas &#8211; u\u017etikrinkite auk\u0161\u010diausi\u0105 kokyb\u0119. Uniformuot\u0173 paslaug\u0173, kurias \u012fvertins ir visame pasaulyje, ir Lenkijoje. Adaptuota juodai ir \u017ealiai taktikai. Patvar\u016bs polikarbonato priekiniai stiklai apsaugo akis nuo su\u017ealojimo, saul\u0117s, dulki\u0173 ir v\u0117jo. Pla\u010diakampiai skydeliai nesuma\u017eina reg\u0117jimo lauko ir garantuoja visi\u0161k\u0105 matomum\u0105. <\/p>\n","protected":false},"featured_media":125607,"template":"","meta":{"_acf_changed":false},"product_brand":[],"product_cat":[1212],"product_tag":[],"class_list":{"0":"post-143254","1":"product","2":"type-product","3":"status-publish","4":"has-post-thumbnail","6":"product_cat-balistiniai-akiniai","8":"first","9":"instock","10":"purchasable","11":"product-type-simple"},"acf":[],"_links":{"self":[{"href":"https:\/\/kingarms.ee\/lt\/wp-json\/wp\/v2\/product\/143254","targetHints":{"allow":["GET"]}}],"collection":[{"href":"https:\/\/kingarms.ee\/lt\/wp-json\/wp\/v2\/product"}],"about":[{"href":"https:\/\/kingarms.ee\/lt\/wp-json\/wp\/v2\/types\/product"}],"wp:featuredmedia":[{"embeddable":true,"href":"https:\/\/kingarms.ee\/lt\/wp-json\/wp\/v2\/media\/125607"}],"wp:attachment":[{"href":"https:\/\/kingarms.ee\/lt\/wp-json\/wp\/v2\/media?parent=143254"}],"wp:term":[{"taxonomy":"product_brand","embeddable":true,"href":"https:\/\/kingarms.ee\/lt\/wp-json\/wp\/v2\/product_brand?post=143254"},{"taxonomy":"product_cat","embeddable":true,"href":"https:\/\/kingarms.ee\/lt\/wp-json\/wp\/v2\/product_cat?post=143254"},{"taxonomy":"product_tag","embeddable":true,"href":"https:\/\/kingarms.ee\/lt\/wp-json\/wp\/v2\/product_tag?post=143254"}],"curies":[{"name":"wp","href":"https:\/\/api.w.org\/{rel}","templated":true}]}}