{"id":143256,"date":"2022-11-28T18:52:07","date_gmt":"2025-01-08T10:50:49","guid":{"rendered":"https:\/\/kingarms.ee\/product\/balistiniai-akiniai-swisseye\/"},"modified":"2025-01-08T13:50:49","modified_gmt":"2025-01-08T10:50:49","slug":"ballistic-goggles-swisseye-5","status":"publish","type":"product","link":"https:\/\/kingarms.ee\/lt\/product\/ballistic-goggles-swisseye-5\/","title":{"rendered":"Balistiniai Akiniai Swisseye"},"content":{"rendered":"","protected":false},"excerpt":{"rendered":"<p>Balistiniai Akiniai Swisseye<\/p>\n<p>Moduliniai \u0160veicarijos Aki\u0173 rapto Taktiniai Akiniai su Trij\u0173 Kei\u010diam\u0173 Polikarbonato l\u0119\u0161i\u0173 Rinkiniu su Pla\u010diUU Matimo Lauku (\u201eSkydeliais Be R\u0117m\u0173\u201c). Pateikti Akiniai pASIMYMI Dideliu Atsparumu LA\u017dimams, statymas ir funkcionalumui. \u0160VENTEKLOS galima SureguliUoti TIEK KAMPU, TIEK ILGIU. Taili Akinius Galima Lengvai PriaikiTi Pagal individualius Poreikius. B\u016bk \u012f, \u0160VENTELEKLOS turi KONT\u016aRUOT\u0105 FORME\u0105 SU SPECIACIAI SKIRTUKAI, KURIE Padidina Nee\u0161IJim\u0105si Komfort\u0105, Neatskleid\u017eiant Galvos odos sl\u0117gio ar dilimo.    <\/p>\n","protected":false},"featured_media":125593,"template":"","meta":{"_acf_changed":false},"product_brand":[],"product_cat":[1212],"product_tag":[],"class_list":{"0":"post-143256","1":"product","2":"type-product","3":"status-publish","4":"has-post-thumbnail","6":"product_cat-balistiniai-akiniai","8":"first","9":"instock","10":"purchasable","11":"product-type-simple"},"acf":[],"_links":{"self":[{"href":"https:\/\/kingarms.ee\/lt\/wp-json\/wp\/v2\/product\/143256","targetHints":{"allow":["GET"]}}],"collection":[{"href":"https:\/\/kingarms.ee\/lt\/wp-json\/wp\/v2\/product"}],"about":[{"href":"https:\/\/kingarms.ee\/lt\/wp-json\/wp\/v2\/types\/product"}],"wp:featuredmedia":[{"embeddable":true,"href":"https:\/\/kingarms.ee\/lt\/wp-json\/wp\/v2\/media\/125593"}],"wp:attachment":[{"href":"https:\/\/kingarms.ee\/lt\/wp-json\/wp\/v2\/media?parent=143256"}],"wp:term":[{"taxonomy":"product_brand","embeddable":true,"href":"https:\/\/kingarms.ee\/lt\/wp-json\/wp\/v2\/product_brand?post=143256"},{"taxonomy":"product_cat","embeddable":true,"href":"https:\/\/kingarms.ee\/lt\/wp-json\/wp\/v2\/product_cat?post=143256"},{"taxonomy":"product_tag","embeddable":true,"href":"https:\/\/kingarms.ee\/lt\/wp-json\/wp\/v2\/product_tag?post=143256"}],"curies":[{"name":"wp","href":"https:\/\/api.w.org\/{rel}","templated":true}]}}