{"id":143262,"date":"2022-11-28T18:52:07","date_gmt":"2025-01-08T10:58:03","guid":{"rendered":"https:\/\/kingarms.ee\/product\/e02r-led-zibintuvelio-fenix\/"},"modified":"2025-01-08T13:58:03","modified_gmt":"2025-01-08T10:58:03","slug":"e02r-led-flashlight-fenix","status":"publish","type":"product","link":"https:\/\/kingarms.ee\/lt\/product\/e02r-led-flashlight-fenix\/","title":{"rendered":"E02R LED \u017eibintuv\u0117lio fenix"},"content":{"rendered":"","protected":false},"excerpt":{"rendered":"<p>E02R LED \u017eibintuv\u0117lio fenix<\/p>\n<p>\u201eFenix E02R\u201c yra ki\u0161en\u0117s dyd\u017eio EDC \u017eibintuv\u0117lis pakabuko pavidalu, kuris skleid\u017eia 200 liumen\u0173 pluo\u0161t\u0105, kurio diapazonas yra iki 49 m, su integruota \u012fkraunama akumuliatoriumi ir USB-C \u012fkrovimo prievadu.<\/p>\n<p>Pagrindin\u0117s \u201eFenix EO2R\u201c \u017eibintuv\u0117lio savyb\u0117s:<br \/>\nAuk\u0161tos kokyb\u0117s \u201eCree XP-G2 S3\u201c LED, per vis\u0105 gyvenim\u0105 trunkantis 50000 valand\u0173,<br \/>\nIntegruota li\u010dio polimero baterija, kurios talpa yra 120 mAh,<br \/>\n\u201eMicro USB\u201c \u012fkrovimo prievadas,<br \/>\n\u012fjungtas\/i\u0161jungiant sukant galv\u0105,<br \/>\nDidelio \u0161viesos perdavimo objektyvas su antieflektyvine danga,<br \/>\nA6061-T6 aliuminio korpusas,<br \/>\natsparus d\u0117v\u0117jimams haiii (kietas) anodavimas.<\/p>\n","protected":false},"featured_media":125675,"template":"","meta":{"_acf_changed":false},"product_brand":[],"product_cat":[1173],"product_tag":[],"class_list":{"0":"post-143262","1":"product","2":"type-product","3":"status-publish","4":"has-post-thumbnail","6":"product_cat-zibintuvelis","8":"first","9":"instock","10":"purchasable","11":"product-type-simple"},"acf":[],"_links":{"self":[{"href":"https:\/\/kingarms.ee\/lt\/wp-json\/wp\/v2\/product\/143262","targetHints":{"allow":["GET"]}}],"collection":[{"href":"https:\/\/kingarms.ee\/lt\/wp-json\/wp\/v2\/product"}],"about":[{"href":"https:\/\/kingarms.ee\/lt\/wp-json\/wp\/v2\/types\/product"}],"wp:featuredmedia":[{"embeddable":true,"href":"https:\/\/kingarms.ee\/lt\/wp-json\/wp\/v2\/media\/125675"}],"wp:attachment":[{"href":"https:\/\/kingarms.ee\/lt\/wp-json\/wp\/v2\/media?parent=143262"}],"wp:term":[{"taxonomy":"product_brand","embeddable":true,"href":"https:\/\/kingarms.ee\/lt\/wp-json\/wp\/v2\/product_brand?post=143262"},{"taxonomy":"product_cat","embeddable":true,"href":"https:\/\/kingarms.ee\/lt\/wp-json\/wp\/v2\/product_cat?post=143262"},{"taxonomy":"product_tag","embeddable":true,"href":"https:\/\/kingarms.ee\/lt\/wp-json\/wp\/v2\/product_tag?post=143262"}],"curies":[{"name":"wp","href":"https:\/\/api.w.org\/{rel}","templated":true}]}}